{"id":5872,"date":"2026-03-20T09:48:10","date_gmt":"2026-03-20T07:48:10","guid":{"rendered":"https:\/\/jnats.eu\/?post_type=product&#038;p=5872"},"modified":"2026-03-23T08:20:53","modified_gmt":"2026-03-23T06:20:53","slug":"nakayama-nashiji-tomae-japoniskas-naturalus-galandimo-akmuo","status":"publish","type":"product","link":"https:\/\/jnats.eu\/de\/produkt-2\/nakayama-nashiji-tomae-japoniskas-naturalus-galandimo-akmuo\/","title":{"rendered":"Nakayama Nashiji Tomae Japanischer Natur-Schleifstein"},"content":{"rendered":"<figure class=\"wp-block-embed is-type-video is-provider-youtube wp-block-embed-youtube wp-embed-aspect-16-9 wp-has-aspect-ratio\"><div class=\"wp-block-embed__wrapper\">\n<div class=\"video-container\"><iframe title=\"Sch\u00e4rfen eines Puma Rasiermessers mit Nakayama Nashiji Tomae | Japanischer Naturabziehstein\" width=\"1170\" height=\"658\" src=\"https:\/\/www.youtube.com\/embed\/SxCkPyTNzhU?feature=oembed\" frameborder=\"0\" allow=\"accelerometer; autoplay; clipboard-write; encrypted-media; gyroscope; picture-in-picture; web-share\" referrerpolicy=\"strict-origin-when-cross-origin\" allowfullscreen><\/iframe><\/div>\n<\/div><\/figure>\n\n\n\n<p>Ein hochwertiger japanischer Natursch\u00e4rfstein aus der ber\u00fchmten Nakayama-Region, einem der meistgesch\u00e4tzten Natursteine der Welt. Dieser Stein vom Typ Nashiji zeichnet sich durch seine weiche, glatte Bearbeitung und seine F\u00e4higkeit aus, eine extrem hohe Qualit\u00e4t zu erzielen.<\/p>\n\n\n\n<p>Ideal f\u00fcr die Endpolitur und Klingenveredelung von gef\u00e4hrlichen Rasiermessern, Messern und anderen scharfen Werkzeugen. Der Stein erzeugt saubere, kontrollierte Klingen mit einem hervorragenden Gleichgewicht von Sch\u00e4rfe und Weichheit.<\/p>\n\n\n\n<p>Es gibt einen Spalt in der Mitte der Ebene, aber das ist nicht von praktischer Bedeutung f\u00fcr den Einsatz. Die Finishing Steine verschlei\u00dfen sehr langsam, so dass dies nicht ein Problem auf lange Sicht (auch f\u00fcr \u201eEnkel\u201c) sein.<\/p>\n\n\n\n<p><strong>Merkmale:<\/strong><\/p>\n\n\n\n<ul class=\"wp-block-list\">\n<li>Japanischer Natursch\u00e4rfstein (JNat)<\/li>\n\n\n\n<li>Nakayama - eine der am besten bewerteten Regionen<\/li>\n\n\n\n<li>Nashiji Tomae Schicht - weiche und stabile Arbeit<\/li>\n\n\n\n<li>Geeignet f\u00fcr Rasierklingen, Messer und andere Werkzeuge<\/li>\n\n\n\n<li>Langsamer Verschlei\u00df, Haltbarkeit<\/li>\n\n\n\n<li>Feine, hochwertige Verarbeitung<\/li>\n<\/ul>\n\n\n\n<p>Eine gute Wahl sowohl f\u00fcr Sammler als auch f\u00fcr Fachleute, die einen echten japanischen Schlussstein suchen.<\/p>","protected":false},"excerpt":{"rendered":"<ul>\n<li>Geeignet f\u00fcr die Endbearbeitung von Rasiermessern, Messern, Scheren, Tischlerei- und anderen Werkzeugen.<\/li>\n<li>Abmessungen: 206x78x34 mm<\/li>\n<li>Gewicht: 1280 g<\/li>\n<li>H\u00e4rte: Lv 4<\/li>\n<li>Die Oberfl\u00e4che ist glatt und arbeitsbereit<\/li>\n<li>Lackierte Seiten<\/li>\n<li><strong>In der Mitte des Hobels befindet sich ein Spalt, der aber f\u00fcr den Gebrauch keine praktische Bedeutung hat. Die Finishing-Steine verschlei\u00dfen sehr langsam, so dass dies auch auf lange Sicht kein Problem sein wird.<\/strong><\/li>\n<li>Wir empfehlen, mit warmem Wasser zu arbeiten, da kaltes Wasser die Geschwindigkeit und Reaktion beeintr\u00e4chtigt.<\/li>\n<\/ul>","protected":false},"featured_media":5879,"comment_status":"closed","ping_status":"closed","template":"","meta":[],"product_brand":[],"product_cat":[22],"product_tag":[49,48],"class_list":{"0":"post-5872","1":"product","2":"type-product","3":"status-publish","4":"has-post-thumbnail","6":"product_cat-jnats","7":"product_tag-nakayama","8":"product_tag-nashiji","9":"product_shipping_class-iprastas","11":"first","12":"instock","13":"shipping-taxable","14":"purchasable","15":"product-type-simple"},"_links":{"self":[{"href":"https:\/\/jnats.eu\/de\/wp-json\/wp\/v2\/product\/5872","targetHints":{"allow":["GET"]}}],"collection":[{"href":"https:\/\/jnats.eu\/de\/wp-json\/wp\/v2\/product"}],"about":[{"href":"https:\/\/jnats.eu\/de\/wp-json\/wp\/v2\/types\/product"}],"replies":[{"embeddable":true,"href":"https:\/\/jnats.eu\/de\/wp-json\/wp\/v2\/comments?post=5872"}],"wp:featuredmedia":[{"embeddable":true,"href":"https:\/\/jnats.eu\/de\/wp-json\/wp\/v2\/media\/5879"}],"wp:attachment":[{"href":"https:\/\/jnats.eu\/de\/wp-json\/wp\/v2\/media?parent=5872"}],"wp:term":[{"taxonomy":"product_brand","embeddable":true,"href":"https:\/\/jnats.eu\/de\/wp-json\/wp\/v2\/product_brand?post=5872"},{"taxonomy":"product_cat","embeddable":true,"href":"https:\/\/jnats.eu\/de\/wp-json\/wp\/v2\/product_cat?post=5872"},{"taxonomy":"product_tag","embeddable":true,"href":"https:\/\/jnats.eu\/de\/wp-json\/wp\/v2\/product_tag?post=5872"}],"curies":[{"name":"wp","href":"https:\/\/api.w.org\/{rel}","templated":true}]}}