{"id":590,"date":"2024-03-09T12:30:54","date_gmt":"2024-03-09T10:30:54","guid":{"rendered":"http:\/\/jnats.eu\/?post_type=product&#038;p=590"},"modified":"2024-04-17T10:40:41","modified_gmt":"2024-04-17T07:40:41","slug":"goldene-qualitat-nakayama-kiita-honyama-japanische-naturliche-scharfstein","status":"publish","type":"product","link":"https:\/\/jnats.eu\/de\/produkt-2\/goldene-qualitat-nakayama-kiita-honyama-japanische-naturliche-scharfstein\/","title":{"rendered":"Hochwertiger japanischer Natur-Schleifstein Nakayama Kiita Honyama"},"content":{"rendered":"<p>Nakayama Kiita ist ein hochgesch\u00e4tzter Schleifstein aus Japan, der bei Liebhabern und Profis f\u00fcr seine au\u00dfergew\u00f6hnliche Qualit\u00e4t und Leistung bekannt ist. Er wird in den Bergen abgebaut und ist f\u00fcr seine feine K\u00f6rnung und seine hervorragenden Sch\u00e4rfeeigenschaften bekannt. Der Nakayama Kiita-Schleifstein wird f\u00fcr seine F\u00e4higkeit gesch\u00e4tzt, scharfe Klingen f\u00fcr Messer, Rasiermesser und andere Schneidwerkzeuge herzustellen.<\/p>\n\n\n\n<h2 class=\"wp-block-heading\">Die wichtigsten Merkmale und Eigenschaften des Nakayama Kiita-Schleifsteins:<\/h2>\n\n\n\n<p>Der Nakayama-Kiita-Stein ist ein Naturstein, der in der Mitte des letzten Jahrhunderts im Nakayama-Steinbruch in Japan gewonnen wurde. Dieser Naturstein wird wegen seiner einzigartigen Zusammensetzung und seiner gleichm\u00e4\u00dfigen Sch\u00e4rfe gesch\u00e4tzt.<\/p>\n\n\n\n<p>Feine K\u00f6rnung: Kiita-Stein hat in der Regel eine feine K\u00f6rnung, die es erm\u00f6glicht, extrem scharfe Klingen mit einer glatten Oberfl\u00e4che herzustellen. Der Nakayama Kiita-Schleifstein ist bekannt f\u00fcr seine F\u00e4higkeit, Werkzeuge mit einem hohen Ma\u00df an Pr\u00e4zision zu verfeinern, wodurch er sich f\u00fcr den professionellen Einsatz und schwierige Sch\u00e4rfaufgaben eignet.<\/p>\n\n\n\n<p>Hervorragende R\u00fcckmeldung: Anwender loben den Nakayama Kiita-Schleifstein h\u00e4ufig f\u00fcr seine hervorragende R\u00fcckmeldung w\u00e4hrend des Sch\u00e4rfvorgangs. Der Stein bietet ein taktiles Gef\u00fchl, das es dem Benutzer erm\u00f6glicht, den Sch\u00e4rfungsprozess zu beurteilen und den gew\u00fcnschten Sch\u00e4rfegrad zu erreichen.<\/p>\n\n\n\n<p>Vielseitigkeit: Der Nakayama Kiita-Schleifstein wird haupts\u00e4chlich zum Sch\u00e4rfen von Messern und Rasiermessern verwendet, kann aber auch zum Sch\u00e4rfen einer Vielzahl anderer Schneidwerkzeuge eingesetzt werden, z. B. Mei\u00dfel f\u00fcr die Holzbearbeitung, Scheren und Schnitzwerkzeuge.<\/p>\n\n\n\n<p>\u00c4sthetik: Neben seinen funktionalen Qualit\u00e4ten wird der Nakayama Kiita-Schleifstein auch wegen seines \u00e4sthetischen Reizes gesch\u00e4tzt. Der Stein weist oft einzigartige Muster, Farben und Texturen auf, die seine visuelle Anziehungskraft verst\u00e4rken und seinen Charme bei Sammlern und Sch\u00e4rfliebhabern erh\u00f6hen.<\/p>\n\n\n\n<p>Langlebigkeit: Bei richtiger Pflege und Wartung kann der Nakayama Kiita-Schleifstein \u00fcber Jahre hinweg zuverl\u00e4ssige Sch\u00e4rfleistungen erbringen. Um die Integrit\u00e4t des Steins zu erhalten und gleichbleibende Ergebnisse zu gew\u00e4hrleisten, wird empfohlen, den Stein regelm\u00e4\u00dfig zu gl\u00e4tten.<\/p>\n\n\n\n<p>Insgesamt ist der Nakayama Kiita-Sch\u00e4rfstein der Gipfel japanischer Handwerkskunst und wird f\u00fcr seine F\u00e4higkeit gesch\u00e4tzt, eine au\u00dfergew\u00f6hnliche Sch\u00e4rfe mit Pr\u00e4zision und Finesse zu erzielen. Er ist ein gesch\u00e4tztes Werkzeug f\u00fcr Sch\u00e4rf-Enthusiasten und Profis, die kompromisslose Sch\u00e4rfsteinqualit\u00e4t und Leistung suchen.<\/p>\n\n\n\n<figure class=\"wp-block-embed is-type-video is-provider-youtube wp-block-embed-youtube wp-embed-aspect-16-9 wp-has-aspect-ratio\"><div class=\"wp-block-embed__wrapper\">\n<div class=\"video-container\"><iframe title=\"Nakayama Homdomae und Kiita Japanische Naturwetzsteine in Premiumqualit\u00e4t\" width=\"1170\" height=\"658\" src=\"https:\/\/www.youtube.com\/embed\/lq1ALjueKgw?start=195&#038;feature=oembed\" frameborder=\"0\" allow=\"accelerometer; autoplay; clipboard-write; encrypted-media; gyroscope; picture-in-picture; web-share\" allowfullscreen><\/iframe><\/div>\n<\/div><\/figure>","protected":false},"excerpt":{"rendered":"<ul>\n<li>Geeignet zum Finishen von Rasierern, Messern und Werkzeugen.<\/li>\n<li>Abmessungen: 151x88x24 mm<\/li>\n<li>Gewicht 785 g<\/li>\n<li>H\u00e4rte: Lv 4,5<\/li>\n<li>Mit einem Honyama-W\u00fcrfel, der auf Nakayama- und Shobudani-Steinen platziert wurde<\/li>\n<\/ul>","protected":false},"featured_media":989,"comment_status":"open","ping_status":"closed","template":"","meta":[],"product_brand":[],"product_cat":[22],"product_tag":[141,49,140],"class_list":{"0":"post-590","1":"product","2":"type-product","3":"status-publish","4":"has-post-thumbnail","6":"product_cat-jnats","7":"product_tag-kiita","8":"product_tag-nakayama","9":"product_tag-nakayama-kiita","10":"product_shipping_class-iprastas","12":"first","13":"outofstock","14":"sale","15":"shipping-taxable","16":"purchasable","17":"product-type-simple"},"_links":{"self":[{"href":"https:\/\/jnats.eu\/de\/wp-json\/wp\/v2\/product\/590","targetHints":{"allow":["GET"]}}],"collection":[{"href":"https:\/\/jnats.eu\/de\/wp-json\/wp\/v2\/product"}],"about":[{"href":"https:\/\/jnats.eu\/de\/wp-json\/wp\/v2\/types\/product"}],"replies":[{"embeddable":true,"href":"https:\/\/jnats.eu\/de\/wp-json\/wp\/v2\/comments?post=590"}],"wp:featuredmedia":[{"embeddable":true,"href":"https:\/\/jnats.eu\/de\/wp-json\/wp\/v2\/media\/989"}],"wp:attachment":[{"href":"https:\/\/jnats.eu\/de\/wp-json\/wp\/v2\/media?parent=590"}],"wp:term":[{"taxonomy":"product_brand","embeddable":true,"href":"https:\/\/jnats.eu\/de\/wp-json\/wp\/v2\/product_brand?post=590"},{"taxonomy":"product_cat","embeddable":true,"href":"https:\/\/jnats.eu\/de\/wp-json\/wp\/v2\/product_cat?post=590"},{"taxonomy":"product_tag","embeddable":true,"href":"https:\/\/jnats.eu\/de\/wp-json\/wp\/v2\/product_tag?post=590"}],"curies":[{"name":"wp","href":"https:\/\/api.w.org\/{rel}","templated":true}]}}