{"id":5931,"date":"2026-04-01T10:25:24","date_gmt":"2026-04-01T07:25:24","guid":{"rendered":"https:\/\/jnats.eu\/?post_type=product&#038;p=5931"},"modified":"2026-04-01T11:45:30","modified_gmt":"2026-04-01T08:45:30","slug":"tiesiosiu-britvu-komplektas-2-8-ir-4-8-naujos-renaissance-solingen-germany-spitzenqualitat-meister-funk","status":"publish","type":"product","link":"https:\/\/jnats.eu\/de\/produkt-2\/tiesiosiu-britvu-komplektas-2-8-ir-4-8-naujos-renaissance-solingen-germany-spitzenqualitat-meister-funk\/","title":{"rendered":"Satz Rasiermesser (2\/8 und 4\/8), neu, Renaissance Solingen Deutschland, Spitzenqualitat Meister Funk"},"content":{"rendered":"<figure class=\"wp-block-embed is-type-video is-provider-youtube wp-block-embed-youtube wp-embed-aspect-9-16 wp-has-aspect-ratio\"><div class=\"wp-block-embed__wrapper\">\n<div class=\"video-container\"><iframe title=\"Straight Razors Renaissance, Solingen Deutschland, Spitzenqualitat Meister Funk\" width=\"563\" height=\"1000\" src=\"https:\/\/www.youtube.com\/embed\/i1XlX4nmuQA?feature=oembed\" frameborder=\"0\" allow=\"accelerometer; autoplay; clipboard-write; encrypted-media; gyroscope; picture-in-picture; web-share\" referrerpolicy=\"strict-origin-when-cross-origin\" allowfullscreen><\/iframe><\/div>\n<\/div><\/figure>\n\n\n\n<p>Satz von zwei Rasiermessern in verschiedenen Gr\u00f6\u00dfen aus Solingen (Deutschland). Beide Vintage-Rasiermesser sind unbenutzt, in ausgezeichnetem Zustand, mit verzierten Klingen und klassischen hellen Griffen.<\/p>\n\n\n\n<p>Das Set enth\u00e4lt:<\/p>\n\n\n\n<p><strong>Modell 804 (4\/8)<\/strong><br>Abmessungen der Klinge: 70 \u00d7 16 \u00d7 4 mm<br>Gewicht: 31 g<br>Gr\u00f6\u00dferes Rasiermesser, vielseitiger, praktisch f\u00fcr die grundlegende Rasur<\/p>\n\n\n\n<p><strong>Modell 802 (2\/8)<\/strong><br>Abmessungen der Klinge: 70 \u00d7 10 \u00d7 3 mm<br>Gewicht: 24 g<br>Kleinerer Rasierer, besonders praktisch f\u00fcr gezieltes Arbeiten und schwer zug\u00e4ngliche Stellen (unter der Nase, um die Ohren, Konturen)<\/p>\n\n\n\n<p>Inschriften auf der Klinge: Renaissance, Solingen Deutschland, Spitzenqualitat, Meister Funk<br>Griffe: Solingen INOX und Solingen-Logo<\/p>\n\n\n\n<p>Die Rasiermesser sind unbenutzt, ohne Gebrauchsspuren. Geeignet zum Rasieren, Sammeln oder Verschenken. Kann eine leichte Sch\u00e4rfung oder Auffrischung vor dem Gebrauch ben\u00f6tigen.<\/p>\n\n\n\n<p>Es handelt sich nicht um alte (Anfang oder Mitte des 20. Jahrhunderts) Britvas, was die sichtbaren Merkmale angeht, sondern um <strong>Sp\u00e4te Produktion, etwa 1980-2000<\/strong>, vielleicht sogar etwas neuer.<\/p>\n\n\n\n<p>Warum ja:<\/p>\n\n\n\n<ul class=\"wp-block-list\">\n<li>Gedruckt am <strong>\u201cSolingen INOX\u201d<\/strong> kennzeichnet rostfreien Stahl, der erst ab ca. 1960-1970 in gr\u00f6\u00dferem Umfang verwendet wurde und h\u00e4ufig in sp\u00e4teren Produkten zu finden ist<\/li>\n\n\n\n<li><strong>\u201cRenaissance\u201d<\/strong> - typischer kommerzieller, exportorientierter Dovo-Name, oft in der sp\u00e4teren Produktion verwendet<\/li>\n\n\n\n<li>Die Gravuren und das Gesamtdesign sehen moderner aus (fabrikm\u00e4\u00dfige Herstellung anstelle von handgefertigter Massenproduktion)<\/li>\n\n\n\n<li>Die Modellnummerierung (802, 804, 208) ist typisch f\u00fcr sp\u00e4tere Katalogprodukte<\/li>\n\n\n\n<li>Griffe aus Kunststoff (Elfenbein) anstelle von echtem Knochen oder Horn - ein weiteres Zeichen f\u00fcr eine modernere Produktion<\/li>\n<\/ul>\n\n\n\n<p>Wichtig: Sie werden weiterhin als <strong>Vintage von Rasierliebhabern<\/strong>, aber nicht \u201eantik\u201c.<\/p>","protected":false},"excerpt":{"rendered":"<p><strong>Das Set enth\u00e4lt: <\/strong><\/p>\n<ul>\n<li><strong>Modell 804 (4\/8)<\/strong><\/li>\n<li>Abmessungen der Klinge: 70 \u00d7 16 \u00d7 4 mm<\/li>\n<li>Gewicht: 31 g<\/li>\n<li>Gr\u00f6\u00dferes Rasiermesser, vielseitiger, praktisch f\u00fcr die grundlegende Rasur<\/li>\n<\/ul>\n<p>&nbsp;<\/p>\n<ul>\n<li><strong>Modell 802 (2\/8)<\/strong><\/li>\n<li>Abmessungen der Klinge: 70 \u00d7 10 \u00d7 3 mm<\/li>\n<li>Gewicht: 24 g<\/li>\n<li>Kleinerer Rasierer, besonders praktisch f\u00fcr gezieltes Arbeiten und schwer zug\u00e4ngliche Stellen (unter der Nase, um die Ohren, Konturen)<\/li>\n<\/ul>","protected":false},"featured_media":5940,"comment_status":"closed","ping_status":"closed","template":"","meta":[],"product_brand":[],"product_cat":[23],"product_tag":[385,84],"class_list":{"0":"post-5931","1":"product","2":"type-product","3":"status-publish","4":"has-post-thumbnail","6":"product_cat-razors","7":"product_tag-renaissance","8":"product_tag-solingen","9":"product_shipping_class-light","11":"first","12":"instock","13":"shipping-taxable","14":"purchasable","15":"product-type-simple"},"_links":{"self":[{"href":"https:\/\/jnats.eu\/de\/wp-json\/wp\/v2\/product\/5931","targetHints":{"allow":["GET"]}}],"collection":[{"href":"https:\/\/jnats.eu\/de\/wp-json\/wp\/v2\/product"}],"about":[{"href":"https:\/\/jnats.eu\/de\/wp-json\/wp\/v2\/types\/product"}],"replies":[{"embeddable":true,"href":"https:\/\/jnats.eu\/de\/wp-json\/wp\/v2\/comments?post=5931"}],"wp:featuredmedia":[{"embeddable":true,"href":"https:\/\/jnats.eu\/de\/wp-json\/wp\/v2\/media\/5940"}],"wp:attachment":[{"href":"https:\/\/jnats.eu\/de\/wp-json\/wp\/v2\/media?parent=5931"}],"wp:term":[{"taxonomy":"product_brand","embeddable":true,"href":"https:\/\/jnats.eu\/de\/wp-json\/wp\/v2\/product_brand?post=5931"},{"taxonomy":"product_cat","embeddable":true,"href":"https:\/\/jnats.eu\/de\/wp-json\/wp\/v2\/product_cat?post=5931"},{"taxonomy":"product_tag","embeddable":true,"href":"https:\/\/jnats.eu\/de\/wp-json\/wp\/v2\/product_tag?post=5931"}],"curies":[{"name":"wp","href":"https:\/\/api.w.org\/{rel}","templated":true}]}}