{"id":5995,"date":"2026-04-29T11:43:58","date_gmt":"2026-04-29T08:43:58","guid":{"rendered":"https:\/\/jnats.eu\/?post_type=product&#038;p=5995"},"modified":"2026-04-29T11:45:05","modified_gmt":"2026-04-29T08:45:05","slug":"suita-japoniskas-naturalus-galandinimo-akmuo-finishing-whestone","status":"publish","type":"product","link":"https:\/\/jnats.eu\/de\/produkt-2\/suita-japoniskas-naturalus-galandinimo-akmuo-finishing-whestone\/","title":{"rendered":"Suita Japanischer Naturstein mit Holzst\u00e4nder"},"content":{"rendered":"<figure class=\"wp-block-embed is-type-video is-provider-youtube wp-block-embed-youtube wp-embed-aspect-16-9 wp-has-aspect-ratio\"><div class=\"wp-block-embed__wrapper\">\n<div class=\"video-container\"><iframe title=\"Ihr Messer wird nach 2 Schl\u00e4gen stumpf?! Hier ist der ECHTE Grund\" width=\"1170\" height=\"658\" src=\"https:\/\/www.youtube.com\/embed\/L6PCKJuG2o4?start=872&#038;feature=oembed\" frameborder=\"0\" allow=\"accelerometer; autoplay; clipboard-write; encrypted-media; gyroscope; picture-in-picture; web-share\" referrerpolicy=\"strict-origin-when-cross-origin\" allowfullscreen><\/iframe><\/div>\n<\/div><\/figure>\n\n\n\n<p>Qualit\u00e4t <strong>Suite<\/strong> Typ Japanischer Naturstein (JNATS) aus der Region Kyoto (Schichten vom Typ Kyoto Suita \/ Shohonyama).<\/p>\n\n\n\n<p><strong>Technische Daten:<\/strong><\/p>\n\n\n\n<ul class=\"wp-block-list\">\n<li><strong>H\u00e4rte:<\/strong> Lv 4.7 (mittelhart - geeignet f\u00fcr schnellen Metallabtrag und hervorragendes Finish)<\/li>\n\n\n\n<li><strong>Abmessungen:<\/strong> 165 \u00d7 70 \u00d7 53 mm<\/li>\n\n\n\n<li><strong>Gewicht mit St\u00e4nder:<\/strong> 1640 g<\/li>\n\n\n\n<li><strong>Oberfl\u00e4che:<\/strong> Sch\u00f6nes Marmormuster mit nat\u00fcrlichen wei\u00dfen und grauen Linien<\/li>\n\n\n\n<li><strong>Die Seiten:<\/strong> Lackiert mit dunkelbraunem Lack - f\u00fcr \u00e4sthetisches Aussehen und Schutz<\/li>\n\n\n\n<li><strong>Zustand:<\/strong> Die Kanten haben kleine nat\u00fcrliche Risse (typisch f\u00fcr Naturstein, beeintr\u00e4chtigt nicht die Leistung)<\/li>\n<\/ul>\n\n\n\n<p><strong>Verwendung:<\/strong> Perfekt f\u00fcr <strong>f\u00fcr Messer<\/strong> (K\u00fcche, Jagd, Scheren, etc.) und andere Werkzeuge zum Sch\u00e4rfen und Finishing. Der Stein erzeugt eine gute Suspension, die Linien sind sicher f\u00fcr Messerklingen (ungiftig). Geeignet f\u00fcr mittlere Sch\u00e4rfung als auch f\u00fcr den Erhalt einer sehr feinen, polierten Kante.<\/p>\n\n\n\n<p>Der Stein ist auf einen stabilen, sch\u00f6n lackierten dunklen Holzst\u00e4nder geklebt, der nicht nur zur \u00c4sthetik beitr\u00e4gt, sondern auch einen komfortablen und stabilen Betrieb gew\u00e4hrleistet.<\/p>\n\n\n\n<p><strong>Herkunft:<\/strong> Japanischer Suita-Naturstein aus der Pr\u00e4fektur Kyoto (wahrscheinlich Shohonyama oder \u00e4hnliche Suita-Schicht).<\/p>\n\n\n\n<p>Japanische Natursteine werden wegen ihrer einzigartigen Struktur und ihrer F\u00e4higkeit gesch\u00e4tzt, Messer au\u00dfergew\u00f6hnlich scharf und dauerhaft scharf zu machen, was synthetische Sch\u00e4rfger\u00e4te nicht k\u00f6nnen.<\/p>","protected":false},"excerpt":{"rendered":"<ul>\n<li><strong>H\u00e4rte:<\/strong> Lv 4.7 (mittelhart - geeignet f\u00fcr schnellen Metallabtrag und hervorragendes Finish)<\/li>\n<li><strong>Abmessungen:<\/strong> 165 \u00d7 70 \u00d7 53 mm<\/li>\n<li><strong>Gewicht mit St\u00e4nder:<\/strong> 1640 g<\/li>\n<li><strong>Oberfl\u00e4che:<\/strong> Sch\u00f6nes Marmormuster mit nat\u00fcrlichen wei\u00dfen und grauen Linien<\/li>\n<li><strong>Die Seiten:<\/strong> Lackiert mit dunkelbraunem Lack - f\u00fcr \u00e4sthetisches Aussehen und Schutz<\/li>\n<li><strong>Zustand:<\/strong> Die Kanten haben kleine nat\u00fcrliche Risse (typisch f\u00fcr Naturstein, beeintr\u00e4chtigt nicht die Leistung)<\/li>\n<\/ul>","protected":false},"featured_media":5999,"comment_status":"closed","ping_status":"closed","template":"","meta":[],"product_brand":[],"product_cat":[22],"product_tag":[386,387,362,365,388,50],"class_list":{"0":"post-5995","1":"product","2":"type-product","3":"status-publish","4":"has-post-thumbnail","6":"product_cat-jnats","7":"product_tag-finishing-stone","8":"product_tag-japoniskas-galastuvas","9":"product_tag-jnats","10":"product_tag-naturalus-akmuo","11":"product_tag-peiliu-galandimas","12":"product_tag-suita","13":"product_shipping_class-iprastas","15":"first","16":"instock","17":"shipping-taxable","18":"purchasable","19":"product-type-simple"},"_links":{"self":[{"href":"https:\/\/jnats.eu\/de\/wp-json\/wp\/v2\/product\/5995","targetHints":{"allow":["GET"]}}],"collection":[{"href":"https:\/\/jnats.eu\/de\/wp-json\/wp\/v2\/product"}],"about":[{"href":"https:\/\/jnats.eu\/de\/wp-json\/wp\/v2\/types\/product"}],"replies":[{"embeddable":true,"href":"https:\/\/jnats.eu\/de\/wp-json\/wp\/v2\/comments?post=5995"}],"wp:featuredmedia":[{"embeddable":true,"href":"https:\/\/jnats.eu\/de\/wp-json\/wp\/v2\/media\/5999"}],"wp:attachment":[{"href":"https:\/\/jnats.eu\/de\/wp-json\/wp\/v2\/media?parent=5995"}],"wp:term":[{"taxonomy":"product_brand","embeddable":true,"href":"https:\/\/jnats.eu\/de\/wp-json\/wp\/v2\/product_brand?post=5995"},{"taxonomy":"product_cat","embeddable":true,"href":"https:\/\/jnats.eu\/de\/wp-json\/wp\/v2\/product_cat?post=5995"},{"taxonomy":"product_tag","embeddable":true,"href":"https:\/\/jnats.eu\/de\/wp-json\/wp\/v2\/product_tag?post=5995"}],"curies":[{"name":"wp","href":"https:\/\/api.w.org\/{rel}","templated":true}]}}