{"id":6014,"date":"2026-05-05T11:34:39","date_gmt":"2026-05-05T08:34:39","guid":{"rendered":"https:\/\/jnats.eu\/?post_type=product&#038;p=6014"},"modified":"2026-05-05T12:27:02","modified_gmt":"2026-05-05T09:27:02","slug":"japoniskas-naturalus-honyama-galandinimo-akmuo-kiotas-finisui-lv-4-5","status":"publish","type":"product","link":"https:\/\/jnats.eu\/de\/produkt-2\/japoniskas-naturalus-honyama-galandinimo-akmuo-kiotas-finisui-lv-4-5\/","title":{"rendered":"Japanischer nat\u00fcrlicher Honyama-Schleifstein (Kyoto) f\u00fcr die Endbearbeitung, Lv 4.5"},"content":{"rendered":"<figure class=\"wp-block-embed is-type-video is-provider-youtube wp-block-embed-youtube wp-embed-aspect-16-9 wp-has-aspect-ratio\"><div class=\"wp-block-embed__wrapper\">\n<div class=\"video-container\"><iframe title=\"Kiita Lv 3.7 \u2192 Shobudani Ozaki Namito Lv 4.5 \u2192 Authentisches Honyama-Finish\" width=\"1170\" height=\"658\" src=\"https:\/\/www.youtube.com\/embed\/CYzgQi-fqqo?start=711&#038;feature=oembed\" frameborder=\"0\" allow=\"accelerometer; autoplay; clipboard-write; encrypted-media; gyroscope; picture-in-picture; web-share\" referrerpolicy=\"strict-origin-when-cross-origin\" allowfullscreen><\/iframe><\/div>\n<\/div><\/figure>\n\n\n\n<p>Nat\u00fcrlicher japanischer Honyama-Schleifstein aus der Region Kyoto f\u00fcr den letzten Schliff der Klinge. Es ist eine klassische Wahl f\u00fcr diejenigen, die eine sehr saubere, kontrollierte und sanfte Schneide suchen. Besonders gut geeignet f\u00fcr Rasiermesser, aber auch f\u00fcr hochwertige Messer.<\/p>\n\n\n\n<p>Eine H\u00e4rte von etwa 4,5 bietet ein gutes Gleichgewicht zwischen Suspensionserzeugung und Kontrolle. Der Stein ist lebendig genug, um mit der Oberfl\u00e4che zu arbeiten und einen Poliereffekt zu erzeugen, erm\u00f6glicht aber gleichzeitig ein hohes Ma\u00df an Finish, ohne zu aggressiv zu sein.<\/p>\n\n\n\n<p>Bei Verwendung mit Wasser kann ein saubereres, glatteres Ergebnis erzielt werden, w\u00e4hrend mit Suspension etwas mehr \u201eBiss\u201c in der Anfangsphase m\u00f6glich ist. Er ist ein vielseitiger Endbearbeitungsstein, der sowohl f\u00fcr erfahrene Anwender als auch f\u00fcr diejenigen geeignet ist, die einen hochwertigen Einstieg in die Welt der japanischen Natursteine suchen.<\/p>\n\n\n\n<p><strong>Technische Daten<\/strong><\/p>\n\n\n\n<ul class=\"wp-block-list\">\n<li>Gr\u00f6\u00dferer Stein (inklusive Box): ca. 137 x 76 x 27 mm, Gewicht ca. 640 g<\/li>\n\n\n\n<li>Kleinerer Stein: ca. 115 x 90 x 13 mm, Gewicht ca. 390 g<\/li>\n<\/ul>\n\n\n\n<p><strong>Zus\u00e4tzliche Informationen<\/strong><\/p>\n\n\n\n<p>Da es sich um Naturstein handelt, ist jedes St\u00fcck ein Unikat. Abweichungen in Farbe, Textur und Haptik des Werkst\u00fccks sind m\u00f6glich. Sichtbare Gebrauchs- oder Lagerungsspuren sind normal und beeintr\u00e4chtigen die Sch\u00e4rfeeigenschaften nicht.<\/p>\n\n\n\n<p><strong>\u00dcbersetzung aus der Schachtel (Etikett)<\/strong><\/p>\n\n\n\n<p>\u9ec4\u8700\u6b63\u672c\u5c71\u7825\u77f3<br>Bedeutung: \u201eAuthentischer Honyama (echter Berg), nat\u00fcrlicher Schleifstein\u201c.\u201c<\/p>\n\n\n\n<p>Zus\u00e4tzliche Hinweise:<br>\u5929\u7136\u7825\u77f3 - Naturschleifstein<br>\u4eac\u90fd - Kyoto (traditionell hochwertige Steinregion in Japan)<\/p>\n\n\n\n<p>Der Stempel auf dem Stein ist eine japanische Kanji-Inschrift in einem Rahmen. Sie lautet wie folgt:<\/p>\n\n\n\n<p><strong>\u6b63\u672c\u5c71 (Seihonzan \/ Sh\u014dhonzan)<\/strong><\/p>\n\n\n\n<p>Bedeutung:<br>\u201eDer echte (authentische) Hauptberg\u201c, oder einfacher gesagt -<br><strong>\u201eAuthentischer Honyama-Stein\u201c<\/strong><\/p>\n\n\n\n<p>Im Zusammenhang mit dem Schleifen von Steinen ist dies nicht der Name eines bestimmten Steinbruchs, sondern <strong>Qualit\u00e4ts- und Herkunftszeichen<\/strong>, was darauf hinweist, dass der Stein als traditioneller Kyotoer Naturstein (Kategorie Honyama) eingestuft ist.<\/p>","protected":false},"excerpt":{"rendered":"<p>Nat\u00fcrlicher japanischer Honyama-Schleifstein aus der Region Kyoto f\u00fcr den letzten Schliff der Klinge. Es ist eine klassische Wahl f\u00fcr diejenigen, die eine sehr saubere, kontrollierte und sanfte Schneide suchen. Besonders gut geeignet f\u00fcr Rasiermesser, aber auch f\u00fcr hochwertige Messer.<\/p>\n<ul>\n<li>Gr\u00f6\u00dferer Stein (inklusive Box): ca. 137 x 76 x 27 mm, Gewicht ca. 640 g<\/li>\n<li>Kleinerer Stein: ca. 115 x 90 x 13 mm, Gewicht ca. 390 g<\/li>\n<\/ul>","protected":false},"featured_media":6019,"comment_status":"closed","ping_status":"closed","template":"","meta":[],"product_brand":[],"product_cat":[22],"product_tag":[270],"class_list":{"0":"post-6014","1":"product","2":"type-product","3":"status-publish","4":"has-post-thumbnail","6":"product_cat-jnats","7":"product_tag-honyama","8":"product_shipping_class-light","10":"first","11":"instock","12":"shipping-taxable","13":"purchasable","14":"product-type-variable"},"_links":{"self":[{"href":"https:\/\/jnats.eu\/de\/wp-json\/wp\/v2\/product\/6014","targetHints":{"allow":["GET"]}}],"collection":[{"href":"https:\/\/jnats.eu\/de\/wp-json\/wp\/v2\/product"}],"about":[{"href":"https:\/\/jnats.eu\/de\/wp-json\/wp\/v2\/types\/product"}],"replies":[{"embeddable":true,"href":"https:\/\/jnats.eu\/de\/wp-json\/wp\/v2\/comments?post=6014"}],"wp:featuredmedia":[{"embeddable":true,"href":"https:\/\/jnats.eu\/de\/wp-json\/wp\/v2\/media\/6019"}],"wp:attachment":[{"href":"https:\/\/jnats.eu\/de\/wp-json\/wp\/v2\/media?parent=6014"}],"wp:term":[{"taxonomy":"product_brand","embeddable":true,"href":"https:\/\/jnats.eu\/de\/wp-json\/wp\/v2\/product_brand?post=6014"},{"taxonomy":"product_cat","embeddable":true,"href":"https:\/\/jnats.eu\/de\/wp-json\/wp\/v2\/product_cat?post=6014"},{"taxonomy":"product_tag","embeddable":true,"href":"https:\/\/jnats.eu\/de\/wp-json\/wp\/v2\/product_tag?post=6014"}],"curies":[{"name":"wp","href":"https:\/\/api.w.org\/{rel}","templated":true}]}}