{"id":602,"date":"2024-03-09T12:47:10","date_gmt":"2024-03-09T10:47:10","guid":{"rendered":"http:\/\/jnats.eu\/?post_type=product&#038;p=602"},"modified":"2024-05-10T10:25:32","modified_gmt":"2024-05-10T07:25:32","slug":"shobudani-asagi-honyama-japanischer-naturstein-zum-scharfen","status":"publish","type":"product","link":"https:\/\/jnats.eu\/de\/produkt-2\/shobudani-asagi-honyama-japanischer-naturstein-zum-scharfen\/","title":{"rendered":"Shobudani Asagi Honyama Japanischer Naturstein zum Sch\u00e4rfen"},"content":{"rendered":"<p>Der Shobudani Asagi-Schleifstein ist ein hochwertiger Schleifstein aus Japan, der f\u00fcr seine au\u00dfergew\u00f6hnliche Leistung bekannt ist und von Schleifbegeisterten und Profis auf der ganzen Welt gesch\u00e4tzt wird. Dieser Schleifstein wird aus nat\u00fcrlichem Asagi-Stein aus dem Shobudani-Steinbruch in Japan gefertigt und wird wegen seiner einzigartigen Eigenschaften und hervorragenden Sch\u00e4rff\u00e4higkeiten hoch gesch\u00e4tzt.<\/p>\n\n\n\n<p>Zu den Hauptmerkmalen und Merkmalen des Shobudani Asagi-Schleifsteins geh\u00f6ren:<\/p>\n\n\n\n<ol class=\"wp-block-list\">\n<li><strong>Nat\u00fcrlicher Asagi-Stein<\/strong>: Der Shobudani Asagi-Stein ist eine Art japanischer Schleifstein, der f\u00fcr seine feine K\u00f6rnung und seine hervorragenden Sch\u00e4rfeigenschaften bekannt ist. Es wird aus dem prestigetr\u00e4chtigen Shobudani-Steinbruch gewonnen, der f\u00fcr die Herstellung einiger der hochwertigsten Schleifsteine auf dem Markt bekannt ist.<\/li>\n\n\n\n<li><strong>Feine K\u00f6rnung und pr\u00e4zises Sch\u00e4rfen<\/strong>: Der Asagi-Stein verf\u00fcgt typischerweise \u00fcber eine feine K\u00f6rnung, die die Schaffung au\u00dfergew\u00f6hnlich scharfer Kanten mit glatten Oberfl\u00e4chen erm\u00f6glicht. Seine feine K\u00f6rnung erm\u00f6glicht ein pr\u00e4zises Sch\u00e4rfen und eignet sich daher zum Erzielen messerscharfer Kanten an Messern, Rasiermessern und anderen Schneidwerkzeugen.<\/li>\n\n\n\n<li><strong>Hervorragendes Feedback und Kontrolle<\/strong>: Benutzer loben den Shobudani Asagi-Schleifstein oft f\u00fcr sein hervorragendes Feedback beim Sch\u00e4rfvorgang. Der Stein liefert pr\u00e4zises Feedback, sodass Benutzer ihren Fortschritt \u00fcberwachen und die Kontrolle \u00fcber den Sch\u00e4rfvorgang behalten k\u00f6nnen, was zu konsistenten und gew\u00fcnschten Sch\u00e4rfegraden f\u00fchrt.<\/li>\n\n\n\n<li><strong>Vielseitigkeit<\/strong>: Obwohl der Shobudani Asagi-Schleifstein haupts\u00e4chlich zum Sch\u00e4rfen von Messern und Rasiermessern verwendet wird, kann er aufgrund seiner Vielseitigkeit auch zum Sch\u00e4rfen verschiedener anderer Schneidwerkzeuge wie Holzbearbeitungsmei\u00dfel, Scheren und Schnitzwerkzeuge verwendet werden.<\/li>\n\n\n\n<li><strong>\u00c4sthetischer Anreiz<\/strong>: \u00dcber seine funktionalen Eigenschaften hinaus wird der Shobudani Asagi-Stein f\u00fcr seinen \u00e4sthetischen Reiz gesch\u00e4tzt. Es weist oft einzigartige Muster, Farben und Texturen auf, die Natursteinen eigen sind, was seinen optischen Reiz noch verst\u00e4rkt und es zu einem begehrten Objekt unter Sammlern und Sch\u00e4rfbegeisterten macht.<\/li>\n\n\n\n<li><strong>Langlebigkeit und Haltbarkeit<\/strong>: Bei richtiger Pflege und Wartung kann der Shobudani Asagi-Schleifstein jahrelang eine zuverl\u00e4ssige Sch\u00e4rfleistung erbringen. Regelm\u00e4\u00dfiges Abflachen und Reinigen wird empfohlen, um die Unversehrtheit des Steins zu bewahren und \u00fcber einen l\u00e4ngeren Zeitraum gleichm\u00e4\u00dfige Schleifergebnisse zu gew\u00e4hrleisten.<\/li>\n<\/ol>\n\n\n\n<p>Zusammenfassend verk\u00f6rpert der Shobudani Asagi-Schleifstein den Inbegriff japanischer Handwerkskunst beim Sch\u00e4rfen von Steinen. Seine au\u00dfergew\u00f6hnlichen Sch\u00e4rff\u00e4higkeiten in Kombination mit der feinen K\u00f6rnung, der pr\u00e4zisen R\u00fcckmeldung und dem \u00e4sthetischen Erscheinungsbild machen es zu einem gesch\u00e4tzten Werkzeug f\u00fcr Sch\u00e4rfbegeisterte und Profis, die bei ihrer Sch\u00e4rfausr\u00fcstung Wert auf Qualit\u00e4t und Leistung legen.<\/p>\n\n\n\n<figure class=\"wp-block-embed is-type-video is-provider-youtube wp-block-embed-youtube wp-embed-aspect-16-9 wp-has-aspect-ratio\"><div class=\"wp-block-embed__wrapper\">\n<div class=\"video-container\"><iframe title=\"Shobudani, Okudo, Aiwatani Awasedo Japanische Naturschleifsteine\" width=\"1170\" height=\"658\" src=\"https:\/\/www.youtube.com\/embed\/aeyCYq_7Ibk?start=380&#038;feature=oembed\" frameborder=\"0\" allow=\"accelerometer; autoplay; clipboard-write; encrypted-media; gyroscope; picture-in-picture; web-share\" allowfullscreen><\/iframe><\/div>\n<\/div><\/figure>","protected":false},"excerpt":{"rendered":"<ul>\n<li>Geeignet zum Finishen von Rasierern, Messern und Werkzeugen.<\/li>\n<li>Abmessungen: 182x64x21 mm<\/li>\n<li>Gewicht 590 g<\/li>\n<li>H\u00e4rte: Lv 5<\/li>\n<li>Mit einem Honyama-W\u00fcrfel, der auf Nakayama- und Shobudani-Steinen platziert wurde<\/li>\n<li>\u00a0<\/li>\n<\/ul>","protected":false},"featured_media":1199,"comment_status":"open","ping_status":"closed","template":"","meta":[],"product_brand":[],"product_cat":[22],"product_tag":[45,44],"class_list":{"0":"post-602","1":"product","2":"type-product","3":"status-publish","4":"has-post-thumbnail","6":"product_cat-jnats","7":"product_tag-asagi","8":"product_tag-shobudani","9":"product_shipping_class-iprastas","11":"first","12":"outofstock","13":"sale","14":"shipping-taxable","15":"purchasable","16":"product-type-simple"},"_links":{"self":[{"href":"https:\/\/jnats.eu\/de\/wp-json\/wp\/v2\/product\/602","targetHints":{"allow":["GET"]}}],"collection":[{"href":"https:\/\/jnats.eu\/de\/wp-json\/wp\/v2\/product"}],"about":[{"href":"https:\/\/jnats.eu\/de\/wp-json\/wp\/v2\/types\/product"}],"replies":[{"embeddable":true,"href":"https:\/\/jnats.eu\/de\/wp-json\/wp\/v2\/comments?post=602"}],"wp:featuredmedia":[{"embeddable":true,"href":"https:\/\/jnats.eu\/de\/wp-json\/wp\/v2\/media\/1199"}],"wp:attachment":[{"href":"https:\/\/jnats.eu\/de\/wp-json\/wp\/v2\/media?parent=602"}],"wp:term":[{"taxonomy":"product_brand","embeddable":true,"href":"https:\/\/jnats.eu\/de\/wp-json\/wp\/v2\/product_brand?post=602"},{"taxonomy":"product_cat","embeddable":true,"href":"https:\/\/jnats.eu\/de\/wp-json\/wp\/v2\/product_cat?post=602"},{"taxonomy":"product_tag","embeddable":true,"href":"https:\/\/jnats.eu\/de\/wp-json\/wp\/v2\/product_tag?post=602"}],"curies":[{"name":"wp","href":"https:\/\/api.w.org\/{rel}","templated":true}]}}