{"id":6071,"date":"2026-05-14T10:53:36","date_gmt":"2026-05-14T07:53:36","guid":{"rendered":"https:\/\/jnats.eu\/?post_type=product&#038;p=6071"},"modified":"2026-05-14T10:53:36","modified_gmt":"2026-05-14T07:53:36","slug":"premium-ohira-uchigumori-high-grade-kasumi-finishing-whetstone","status":"publish","type":"product","link":"https:\/\/jnats.eu\/de\/produkt-2\/premium-ohira-uchigumori-high-grade-kasumi-finishing-whetstone\/","title":{"rendered":"Premium Ohira Uchigumori - Hochwertiger Kasumi-Schleifstein"},"content":{"rendered":"<figure class=\"wp-block-embed is-type-video is-provider-youtube wp-block-embed-youtube wp-embed-aspect-16-9 wp-has-aspect-ratio\"><div class=\"wp-block-embed__wrapper\">\n<div class=\"video-container\"><iframe title=\"Ohira Uchigumori Kasumi Finish Vergleich | Mid Grade vs Top Grade Lotus Pattern Whetstone\" width=\"1170\" height=\"658\" src=\"https:\/\/www.youtube.com\/embed\/lnU0K-G4t-Q?start=213&#038;feature=oembed\" frameborder=\"0\" allow=\"accelerometer; autoplay; clipboard-write; encrypted-media; gyroscope; picture-in-picture; web-share\" referrerpolicy=\"strict-origin-when-cross-origin\" allowfullscreen><\/iframe><\/div>\n<\/div><\/figure>\n\n\n\n<p>Au\u00dfergew\u00f6hnlich hochwertiger Ohira-Uchigumori-Naturstein mit zahlreichen sch\u00f6nen \u201cLotusblumen\u201d-Mustern und hervorragenden Verarbeitungseigenschaften.<\/p>\n\n\n\n<p>Dieser Stein repr\u00e4sentiert das obere Ende der Uchigumori-Qualit\u00e4t, sowohl visuell als auch funktional. Er erzeugt ein hoch verfeinertes, helles Kasumi-Finish mit hervorragendem Kontrast, feinen Details und einem sehr eleganten Oberfl\u00e4chenbild. Das Poliergef\u00fchl ist glatt, reichhaltig und sehr reaktionsfreudig, was eine ausgezeichnete taktile R\u00fcckmeldung w\u00e4hrend des Gebrauchs gibt.<\/p>\n\n\n\n<p>Die dichte, aber cremige Aufschl\u00e4mmung erm\u00f6glicht ein kontrolliertes Polieren unter Beibehaltung der starken Schneidf\u00e4higkeit, was diesen Stein ideal f\u00fcr hochwertige Kasumi-Arbeiten an japanischen Premium-Klingen macht.<\/p>\n\n\n\n<h3 class=\"wp-block-heading\">Merkmale<\/h3>\n\n\n\n<ul class=\"wp-block-list\">\n<li>Hochgradiger Ohira Uchigumori<\/li>\n\n\n\n<li>Zahlreiche nat\u00fcrliche \u201cLotosblumen\u201d-Muster<\/li>\n\n\n\n<li>Hervorragender Kasumi-Kontrast und Raffinesse<\/li>\n\n\n\n<li>Weiches, cremiges Sch\u00e4rfegef\u00fchl<\/li>\n\n\n\n<li>Ausgezeichnete R\u00fcckkopplung und Polierkontrolle<\/li>\n\n\n\n<li>Feines und gleichm\u00e4\u00dfiges Abrasionsverhalten<\/li>\n\n\n\n<li>Ideal f\u00fcr hochwertige Messer mit breitem Schliff und detaillierte Feinarbeiten<\/li>\n\n\n\n<li>Sch\u00f6nes Aussehen in Sammlerqualit\u00e4t<\/li>\n<\/ul>\n\n\n\n<h3 class=\"wp-block-heading\">Empfohlene Verwendung<\/h3>\n\n\n\n<p>Verwenden Sie ein weiches, nat\u00fcrliches Nagura oder einen leichten Schlamm f\u00fcr einen maximalen Kasumi-Kontrast und eine raffinierte Oberfl\u00e4chentextur. Besonders geeignet f\u00fcr Messer aus hochwertigem Kohlenstoffstahl und traditionelle japanische Klingen mit einem Schliff.<\/p>\n\n\n\n<p>Diese Art von Uchigumori wird nicht nur wegen ihrer Leistung gesch\u00e4tzt, sondern auch wegen ihrer Seltenheit, ihrer optischen Sch\u00f6nheit und ihrer einzigartigen Oberfl\u00e4chenbeschaffenheit.<\/p>","protected":false},"excerpt":{"rendered":"<ul>\n<li>Das Ohira Uchigumori wird vor allem wegen des Kasumi-Finishs auf der Sanmai-Klinge (harter Stahl mit einer weicheren Schicht) gesch\u00e4tzt, das den Unterschied zwischen harten und weichen Schichten hervorhebt.<\/li>\n<li>H\u00e4rte: Lv 3.5<\/li>\n<li>Abmessungen ca. 193x69x30 mm<\/li>\n<li>Gewicht 1050 g.<\/li>\n<li>Die Leitungen sind sicher<\/li>\n<\/ul>","protected":false},"featured_media":6073,"comment_status":"closed","ping_status":"closed","template":"","meta":[],"product_brand":[],"product_cat":[22],"product_tag":[47,193],"class_list":{"0":"post-6071","1":"product","2":"type-product","3":"status-publish","4":"has-post-thumbnail","6":"product_cat-jnats","7":"product_tag-ohira","8":"product_tag-uchigumori","9":"product_shipping_class-iprastas","11":"first","12":"instock","13":"shipping-taxable","14":"purchasable","15":"product-type-simple"},"_links":{"self":[{"href":"https:\/\/jnats.eu\/de\/wp-json\/wp\/v2\/product\/6071","targetHints":{"allow":["GET"]}}],"collection":[{"href":"https:\/\/jnats.eu\/de\/wp-json\/wp\/v2\/product"}],"about":[{"href":"https:\/\/jnats.eu\/de\/wp-json\/wp\/v2\/types\/product"}],"replies":[{"embeddable":true,"href":"https:\/\/jnats.eu\/de\/wp-json\/wp\/v2\/comments?post=6071"}],"wp:featuredmedia":[{"embeddable":true,"href":"https:\/\/jnats.eu\/de\/wp-json\/wp\/v2\/media\/6073"}],"wp:attachment":[{"href":"https:\/\/jnats.eu\/de\/wp-json\/wp\/v2\/media?parent=6071"}],"wp:term":[{"taxonomy":"product_brand","embeddable":true,"href":"https:\/\/jnats.eu\/de\/wp-json\/wp\/v2\/product_brand?post=6071"},{"taxonomy":"product_cat","embeddable":true,"href":"https:\/\/jnats.eu\/de\/wp-json\/wp\/v2\/product_cat?post=6071"},{"taxonomy":"product_tag","embeddable":true,"href":"https:\/\/jnats.eu\/de\/wp-json\/wp\/v2\/product_tag?post=6071"}],"curies":[{"name":"wp","href":"https:\/\/api.w.org\/{rel}","templated":true}]}}