{"id":621,"date":"2024-03-09T14:36:54","date_gmt":"2024-03-09T12:36:54","guid":{"rendered":"http:\/\/jnats.eu\/?post_type=product&#038;p=621"},"modified":"2026-03-25T23:53:21","modified_gmt":"2026-03-25T21:53:21","slug":"shapton-pro-stone-kornung-30000-superfeiner-schleifstein-murasaki-k0711","status":"publish","type":"product","link":"https:\/\/jnats.eu\/de\/produkt-2\/shapton-pro-stone-kornung-30000-superfeiner-schleifstein-murasaki-k0711\/","title":{"rendered":"Shapton Pro Stone K\u00f6rnung 30000, superfeiner Schleifstein, Murasaki, K0711"},"content":{"rendered":"<p>Dieser Shapton Pro Stone 30.000 Grit, Murasaki ist ein ganz besonderer Schleifstein mit einer K\u00f6rnung von 30.000. Er ist so fein, dass er sich fast weich anf\u00fchlt. Wie alle Shapton Pro-Steine erm\u00f6glicht Ihnen dieser 30.000-Stein ein sehr schnelles und gleichm\u00e4\u00dfiges Sch\u00e4rfen. Der Schleifstein ist wirklich f\u00fcr den allerletzten Schritt des Sch\u00e4rfvorgangs konzipiert, sodass auch der letzte Millimeter der Kante absolut scharf ist. Dies ist beispielsweise ideal zum Sch\u00e4rfen von Rasiermessern. Bevor Sie zu diesem Stein \u00fcbergehen, sollten Sie einen 12.000er-Stein verwenden, wenn Sie h\u00e4rteren Stahl schleifen. F\u00fcr weicheren Stahl ist ein 8000er Stein besser geeignet. Wenn Sie diesen 30.000-Stein danach richtig verwenden, wird die Kante sch\u00e4rfer als je zuvor.<\/p>\n\n\n\n<p>Gerade bei diesem besonders feinen 30.000er Stein ist es sehr wichtig, m\u00f6glichst sauber zu arbeiten. Vor allem, wenn Sie zuvor gerade auf einem gr\u00f6\u00dferen Stein gesch\u00e4rft haben. Reinigen Sie das Messer\/Werkzeug gr\u00fcndlich, bevor Sie den Stein verwenden. Das Gleiche gilt f\u00fcr die H\u00e4nde und unter den N\u00e4geln. Dadurch verringert sich die Wahrscheinlichkeit, dass die feine Oberfl\u00e4che des Steins beeintr\u00e4chtigt wird.<\/p>\n\n\n\n<p>In Japan sind diese farbenfrohen Shapton Pro-Schleifsteine auch als Shapton Ha-No-Kuromaku bekannt. Mit 15 mm sind dies die dicksten Shapton-Schleifsteine. Wie es sich f\u00fcr einen Shapton geh\u00f6rt, hat jeder Stein eine wundersch\u00f6ne einheitliche Textur mit gleichm\u00e4\u00dfig verteilten Keramik-Schleifpartikeln. Dadurch wird ein wirklich gleichm\u00e4\u00dfiges Sch\u00e4rfergebnis gew\u00e4hrleistet. Da die Steine relativ hart sind, tragen sie den Stahl schnell ab und verschlei\u00dfen nicht lange.<\/p>\n\n\n\n<figure class=\"wp-block-embed is-type-video is-provider-youtube wp-block-embed-youtube wp-embed-aspect-16-9 wp-has-aspect-ratio\"><div class=\"wp-block-embed__wrapper\">\n<div class=\"video-container\"><iframe title=\"K\u00f6rnung 30.000!\" width=\"1170\" height=\"658\" src=\"https:\/\/www.youtube.com\/embed\/Ut_PF5dlmlQ?feature=oembed\" frameborder=\"0\" allow=\"accelerometer; autoplay; clipboard-write; encrypted-media; gyroscope; picture-in-picture; web-share\" allowfullscreen><\/iframe><\/div>\n<\/div><\/figure>","protected":false},"excerpt":{"rendered":"<ul>\n<li>Der kleinste Schleifstein auf dem Markt<\/li>\n<li>Kann mit Wasser oder Fett arbeiten<\/li>\n<li>Dimensionen und Gewicht:<\/li>\n<li>H\u00f6he 1,6 cm<\/li>\n<li>Kastenh\u00f6he\/Etui 3,7 cm<\/li>\n<li>Teilnutzh\u00f6he 1,6 cm<\/li>\n<li>L\u00e4nge 21 cm<\/li>\n<li>Die L\u00e4nge der Box betr\u00e4gt 22,3 cm<\/li>\n<li>Der verwendete Teil ist 21 cm<\/li>\n<li>Gewicht 510 g<\/li>\n<li>Breite 7 cm<\/li>\n<li>Die Breite der Box betr\u00e4gt 8,6 cm<\/li>\n<li>Die Breite des verwendeten Teils betr\u00e4gt 7 cm<\/li>\n<li>Materialien:<\/li>\n<li>Schleifkeramik, wei\u00dfes Aluminiumoxid<\/li>\n<li>Keramisches Bindemittel<\/li>\n<\/ul>","protected":false},"featured_media":624,"comment_status":"open","ping_status":"closed","template":"","meta":[],"product_brand":[],"product_cat":[290],"product_tag":[145,144,143],"class_list":{"0":"post-621","1":"product","2":"type-product","3":"status-publish","4":"has-post-thumbnail","6":"product_cat-whetstones","7":"product_tag-k0711","8":"product_tag-murasaki","9":"product_tag-shapton","10":"product_shipping_class-iprastas","12":"first","13":"outofstock","14":"shipping-taxable","15":"purchasable","16":"product-type-simple"},"_links":{"self":[{"href":"https:\/\/jnats.eu\/de\/wp-json\/wp\/v2\/product\/621","targetHints":{"allow":["GET"]}}],"collection":[{"href":"https:\/\/jnats.eu\/de\/wp-json\/wp\/v2\/product"}],"about":[{"href":"https:\/\/jnats.eu\/de\/wp-json\/wp\/v2\/types\/product"}],"replies":[{"embeddable":true,"href":"https:\/\/jnats.eu\/de\/wp-json\/wp\/v2\/comments?post=621"}],"wp:featuredmedia":[{"embeddable":true,"href":"https:\/\/jnats.eu\/de\/wp-json\/wp\/v2\/media\/624"}],"wp:attachment":[{"href":"https:\/\/jnats.eu\/de\/wp-json\/wp\/v2\/media?parent=621"}],"wp:term":[{"taxonomy":"product_brand","embeddable":true,"href":"https:\/\/jnats.eu\/de\/wp-json\/wp\/v2\/product_brand?post=621"},{"taxonomy":"product_cat","embeddable":true,"href":"https:\/\/jnats.eu\/de\/wp-json\/wp\/v2\/product_cat?post=621"},{"taxonomy":"product_tag","embeddable":true,"href":"https:\/\/jnats.eu\/de\/wp-json\/wp\/v2\/product_tag?post=621"}],"curies":[{"name":"wp","href":"https:\/\/api.w.org\/{rel}","templated":true}]}}