{"id":628,"date":"2024-03-11T10:24:53","date_gmt":"2024-03-11T08:24:53","guid":{"rendered":"http:\/\/jnats.eu\/?post_type=product&#038;p=628"},"modified":"2024-09-21T14:43:37","modified_gmt":"2024-09-21T11:43:37","slug":"kamisori-tamahagane-traditionelles-japanisches-rasiermesser","status":"publish","type":"product","link":"https:\/\/jnats.eu\/de\/produkt-2\/kamisori-tamahagane-traditionelles-japanisches-rasiermesser\/","title":{"rendered":"Kamisori Tamahagane Eisho traditionelles japanisches Rasiermesser"},"content":{"rendered":"<p>Vintage Japanese Kamisori Eisho Rasiermesser mit Tamahagane Stahlklinge<\/p>\n\n\n\n<p>Erleben Sie die zeitlose Kunstfertigkeit und unvergleichliche Handwerkskunst der japanischen Rasiermesserherstellung mit dem klassischen Kamisori-Rasiermesser mit Tamahagane-Stahlklinge. Dieses von erfahrenen Handwerkern hergestellte Rasiermesser verk\u00f6rpert die jahrhundertealte japanische Schwertschmiedetradition und bietet eine Kombination aus exquisitem Design und hervorragender Sch\u00e4rfe.<\/p>\n\n\n\n<p>Die Klinge dieses Kamisori-Rasiermessers ist aus echtem Tamahagane-Stahl geschmiedet, der f\u00fcr seine au\u00dfergew\u00f6hnliche Sch\u00e4rfe, Haltbarkeit und klare Maserung bekannt ist. Jede Klinge wird sorgf\u00e4ltig gefertigt, um eine hervorragende Schnittleistung und Haltbarkeit zu gew\u00e4hrleisten.<\/p>\n\n\n\n<p>Der harte Stahlkern wird vom Schmied in eine weichere Scheide eingefasst, wie bei den ber\u00fchmten japanischen Katanas.<\/p>\n\n\n\n<p>Authentizit\u00e4t und Erbe: Als uraltes Kunstwerk hat dieses Kamisori-Rasiermesser ein reiches Erbe und kulturelle Bedeutung in der japanischen Handwerkskunst. Jedes Rasiermesser ist ein Zeugnis f\u00fcr die Hingabe und Kunstfertigkeit der Handwerker, die die Kamisori-Tradition seit Generationen bewahrt haben.<\/p>\n\n\n\n<p>Spezifikationen:<\/p>\n\n\n\n<ul class=\"wp-block-list\">\n<li>Klingenmaterial: Der Tamahagane-Stahl ist auf 70 HRC geh\u00e4rtet und beh\u00e4lt daher seine Sch\u00e4rfe f\u00fcr lange Zeit.<\/li>\n\n\n\n<li>Klingenl\u00e4nge: 40 mm<\/li>\n\n\n\n<li>Material des Griffs: Stahl<\/li>\n\n\n\n<li>Gesamtl\u00e4nge: 143 mm<\/li>\n\n\n\n<li>Meister: Eisho<\/li>\n\n\n\n<li>Herkunft: Japan<\/li>\n<\/ul>\n\n\n\n<figure class=\"wp-block-embed is-type-video is-provider-youtube wp-block-embed-youtube wp-embed-aspect-16-9 wp-has-aspect-ratio\"><div class=\"wp-block-embed__wrapper\">\n<div class=\"video-container\"><iframe title=\"Kamisori Tamahagane traditionelles japanisches Rasiermesser\" width=\"1170\" height=\"658\" src=\"https:\/\/www.youtube.com\/embed\/Xmzw6qqJJ6w?feature=oembed\" frameborder=\"0\" allow=\"accelerometer; autoplay; clipboard-write; encrypted-media; gyroscope; picture-in-picture; web-share\" allowfullscreen><\/iframe><\/div>\n<\/div><\/figure>","protected":false},"excerpt":{"rendered":"<ul>\n<li>Klingenmaterial: Der Tamahagane-Stahl ist auf 70 HRC geh\u00e4rtet und beh\u00e4lt daher seine Sch\u00e4rfe f\u00fcr lange Zeit.<\/li>\n<li>Klingenl\u00e4nge: 40 mm<\/li>\n<li>Material des Griffs: Stahl<\/li>\n<li>Gesamtl\u00e4nge: 143 mm<\/li>\n<li>Meister: Eisho<\/li>\n<li>Herkunft: Japan<\/li>\n<\/ul>","protected":false},"featured_media":1095,"comment_status":"open","ping_status":"closed","template":"","meta":[],"product_brand":[],"product_cat":[23],"product_tag":[25,147,26],"class_list":{"0":"post-628","1":"product","2":"type-product","3":"status-publish","4":"has-post-thumbnail","6":"product_cat-razors","7":"product_tag-kamisori","8":"product_tag-kamisori-tamahagane","9":"product_tag-tamahagane","10":"product_shipping_class-light","12":"first","13":"outofstock","14":"sold-individually","15":"shipping-taxable","16":"purchasable","17":"product-type-variable"},"_links":{"self":[{"href":"https:\/\/jnats.eu\/de\/wp-json\/wp\/v2\/product\/628","targetHints":{"allow":["GET"]}}],"collection":[{"href":"https:\/\/jnats.eu\/de\/wp-json\/wp\/v2\/product"}],"about":[{"href":"https:\/\/jnats.eu\/de\/wp-json\/wp\/v2\/types\/product"}],"replies":[{"embeddable":true,"href":"https:\/\/jnats.eu\/de\/wp-json\/wp\/v2\/comments?post=628"}],"wp:featuredmedia":[{"embeddable":true,"href":"https:\/\/jnats.eu\/de\/wp-json\/wp\/v2\/media\/1095"}],"wp:attachment":[{"href":"https:\/\/jnats.eu\/de\/wp-json\/wp\/v2\/media?parent=628"}],"wp:term":[{"taxonomy":"product_brand","embeddable":true,"href":"https:\/\/jnats.eu\/de\/wp-json\/wp\/v2\/product_brand?post=628"},{"taxonomy":"product_cat","embeddable":true,"href":"https:\/\/jnats.eu\/de\/wp-json\/wp\/v2\/product_cat?post=628"},{"taxonomy":"product_tag","embeddable":true,"href":"https:\/\/jnats.eu\/de\/wp-json\/wp\/v2\/product_tag?post=628"}],"curies":[{"name":"wp","href":"https:\/\/api.w.org\/{rel}","templated":true}]}}