{"id":649,"date":"2024-03-11T11:12:08","date_gmt":"2024-03-11T09:12:08","guid":{"rendered":"http:\/\/jnats.eu\/?post_type=product&#038;p=649"},"modified":"2024-10-20T15:04:13","modified_gmt":"2024-10-20T12:04:13","slug":"kamisori-japanische-rasiermesser","status":"publish","type":"product","link":"https:\/\/jnats.eu\/de\/produkt-2\/kamisori-japanische-rasiermesser\/","title":{"rendered":"Kamisori Japanische Rasiermesser Henkotsu, New Hanamsa"},"content":{"rendered":"<p>Wie ein traditionelles Samuraischwert wurden diese Kamisori aus 2 Schichten handgeschmiedet, wobei der schneidende Teil aus kohlenstoffreichem Stahl und die St\u00fctzschicht aus einem einfacheren Stahl besteht. Die Stahlschicht ist spr\u00f6de und hart, w\u00e4hrend die Scheide f\u00fcr die n\u00f6tige Flexibilit\u00e4t sorgt.<\/p>\n\n\n\n<p>Beide Schichten sind nicht rostfrei, also halten Sie das Rasiermesser nach der Rasur immer trocken und sch\u00fctzen Sie es mit einer d\u00fcnnen \u00d6lschicht. Warum rostet diese Klinge? Rostfreie Klingen werden aus einer Legierung hergestellt, die Korrosionsflecken verhindert, aber auch weniger hart ist. Stahl mit hohem Kohlenstoffgehalt, wie die Schneide dieses Kamisori, hat eine viel h\u00f6here H\u00e4rte und sorgt daf\u00fcr, dass Sie sich viel l\u00e4nger glatt rasieren k\u00f6nnen, bevor Sie erneut sch\u00e4rfen m\u00fcssen!<\/p>\n\n\n\n<figure class=\"wp-block-embed is-type-video is-provider-youtube wp-block-embed-youtube wp-embed-aspect-16-9 wp-has-aspect-ratio\"><div class=\"wp-block-embed__wrapper\">\n<div class=\"video-container\"><iframe title=\"Kamisori traditionelle japanische Rasiermesser\" width=\"1170\" height=\"658\" src=\"https:\/\/www.youtube.com\/embed\/TuvtNTBsxLk?feature=oembed\" frameborder=\"0\" allow=\"accelerometer; autoplay; clipboard-write; encrypted-media; gyroscope; picture-in-picture; web-share\" referrerpolicy=\"strict-origin-when-cross-origin\" allowfullscreen><\/iframe><\/div>\n<\/div><\/figure>","protected":false},"excerpt":{"rendered":"<p>Beide Schichten sind nicht rostfrei, also halten Sie das Rasiermesser nach der Rasur immer trocken und sch\u00fctzen Sie es mit einer d\u00fcnnen \u00d6lschicht. Warum rostet dieses Rasiermesser? Rostfreie Rasiermesser werden aus einer Legierung hergestellt, die Korrosionsflecken verhindert, aber auch weniger hart ist. Stahl mit hohem Kohlenstoffgehalt, wie die Schneide dieses Kamisori, hat eine viel h\u00f6here H\u00e4rte und sorgt daf\u00fcr, dass Sie sich viel l\u00e4nger glatt rasieren k\u00f6nnen, bevor Sie es wieder sch\u00e4rfen m\u00fcssen!<\/p>\n<p><strong>Alle verkauft.<\/strong><\/p>","protected":false},"featured_media":1141,"comment_status":"open","ping_status":"closed","template":"","meta":[],"product_brand":[],"product_cat":[23],"product_tag":[25,183],"class_list":{"0":"post-649","1":"product","2":"type-product","3":"status-publish","4":"has-post-thumbnail","6":"product_cat-razors","7":"product_tag-kamisori","8":"product_tag-new-hanamsa","9":"product_shipping_class-light","11":"first","12":"outofstock","13":"sold-individually","14":"shipping-taxable","15":"purchasable","16":"product-type-variable"},"_links":{"self":[{"href":"https:\/\/jnats.eu\/de\/wp-json\/wp\/v2\/product\/649","targetHints":{"allow":["GET"]}}],"collection":[{"href":"https:\/\/jnats.eu\/de\/wp-json\/wp\/v2\/product"}],"about":[{"href":"https:\/\/jnats.eu\/de\/wp-json\/wp\/v2\/types\/product"}],"replies":[{"embeddable":true,"href":"https:\/\/jnats.eu\/de\/wp-json\/wp\/v2\/comments?post=649"}],"wp:featuredmedia":[{"embeddable":true,"href":"https:\/\/jnats.eu\/de\/wp-json\/wp\/v2\/media\/1141"}],"wp:attachment":[{"href":"https:\/\/jnats.eu\/de\/wp-json\/wp\/v2\/media?parent=649"}],"wp:term":[{"taxonomy":"product_brand","embeddable":true,"href":"https:\/\/jnats.eu\/de\/wp-json\/wp\/v2\/product_brand?post=649"},{"taxonomy":"product_cat","embeddable":true,"href":"https:\/\/jnats.eu\/de\/wp-json\/wp\/v2\/product_cat?post=649"},{"taxonomy":"product_tag","embeddable":true,"href":"https:\/\/jnats.eu\/de\/wp-json\/wp\/v2\/product_tag?post=649"}],"curies":[{"name":"wp","href":"https:\/\/api.w.org\/{rel}","templated":true}]}}