{"id":688,"date":"2025-03-20T09:13:48","date_gmt":"2025-03-20T07:13:48","guid":{"rendered":"http:\/\/jnats.eu\/?post_type=product&#038;p=688"},"modified":"2026-03-10T23:08:44","modified_gmt":"2026-03-10T21:08:44","slug":"shobudani-ikumurasaki-japanischer-natur-schleifstein","status":"publish","type":"product","link":"https:\/\/jnats.eu\/de\/produkt-2\/shobudani-ikumurasaki-japanischer-natur-schleifstein\/","title":{"rendered":"Shobudani Ikumurasaki Lv 4 Japanischer nat\u00fcrlicher Schleifstein"},"content":{"rendered":"<p>Shobudani ist eine der ber\u00fchmtesten und angesehensten Minen (nach Nakayama) in Japan und ber\u00fchmt f\u00fcr ihre hochwertigen nat\u00fcrlichen Schleifsteine. Diese Steine werden aufgrund ihrer einzigartigen Eigenschaften gesch\u00e4tzt, die zu hervorragenden Sch\u00e4rfergebnissen beitragen.<\/p>\n\n\n\n<figure class=\"wp-block-embed is-type-video is-provider-youtube wp-block-embed-youtube wp-embed-aspect-16-9 wp-has-aspect-ratio\"><div class=\"wp-block-embed__wrapper\">\n<div class=\"video-container\"><iframe title=\"Jnats: Nakayama Tomae, Aiwatani Kiita, Shobudani Ikimurasaki\" width=\"1170\" height=\"658\" src=\"https:\/\/www.youtube.com\/embed\/MiOfq4JKRL4?start=125&#038;feature=oembed\" frameborder=\"0\" allow=\"accelerometer; autoplay; clipboard-write; encrypted-media; gyroscope; picture-in-picture; web-share\" referrerpolicy=\"strict-origin-when-cross-origin\" allowfullscreen><\/iframe><\/div>\n<\/div><\/figure>\n\n\n\n<p>Nat\u00fcrliche japanische Schleifsteine, wie sie beispielsweise in der Shobudani-Mine abgebaut werden, sind daf\u00fcr bekannt, dass sie Klingen eine lang anhaltende Sch\u00e4rfe und ein hochwertiges Finish verleihen. Sie werden h\u00e4ufig zum Sch\u00e4rfen von Rasierapparaten, Messern und Tischlerwerkzeugen verwendet. Aufgrund ihrer Seltenheit und ihres \u00e4sthetischen Werts werden hochwertige Steine von Shobudani von Sammlern und professionellen Sch\u00e4rfern sehr gesch\u00e4tzt.<\/p>","protected":false},"excerpt":{"rendered":"<ul>\n<li>Geeignet zum Finishen von Rasierern, Messern und Werkzeugen.<\/li>\n<li>Abmessungen: 205x74x22 mm<\/li>\n<li>Gewicht mit St\u00e4nder 810 g<\/li>\n<li>H\u00e4rte: Lv 4<\/li>\n<li>Die Leitungen sind sicher<\/li>\n<\/ul>","protected":false},"featured_media":4174,"comment_status":"open","ping_status":"closed","template":"","meta":[],"product_brand":[],"product_cat":[22],"product_tag":[44],"class_list":{"0":"post-688","1":"product","2":"type-product","3":"status-publish","4":"has-post-thumbnail","6":"product_cat-jnats","7":"product_tag-shobudani","8":"product_shipping_class-iprastas","10":"first","11":"outofstock","12":"shipping-taxable","13":"purchasable","14":"product-type-simple"},"_links":{"self":[{"href":"https:\/\/jnats.eu\/de\/wp-json\/wp\/v2\/product\/688","targetHints":{"allow":["GET"]}}],"collection":[{"href":"https:\/\/jnats.eu\/de\/wp-json\/wp\/v2\/product"}],"about":[{"href":"https:\/\/jnats.eu\/de\/wp-json\/wp\/v2\/types\/product"}],"replies":[{"embeddable":true,"href":"https:\/\/jnats.eu\/de\/wp-json\/wp\/v2\/comments?post=688"}],"wp:featuredmedia":[{"embeddable":true,"href":"https:\/\/jnats.eu\/de\/wp-json\/wp\/v2\/media\/4174"}],"wp:attachment":[{"href":"https:\/\/jnats.eu\/de\/wp-json\/wp\/v2\/media?parent=688"}],"wp:term":[{"taxonomy":"product_brand","embeddable":true,"href":"https:\/\/jnats.eu\/de\/wp-json\/wp\/v2\/product_brand?post=688"},{"taxonomy":"product_cat","embeddable":true,"href":"https:\/\/jnats.eu\/de\/wp-json\/wp\/v2\/product_cat?post=688"},{"taxonomy":"product_tag","embeddable":true,"href":"https:\/\/jnats.eu\/de\/wp-json\/wp\/v2\/product_tag?post=688"}],"curies":[{"name":"wp","href":"https:\/\/api.w.org\/{rel}","templated":true}]}}