{"id":698,"date":"2024-03-11T18:21:19","date_gmt":"2024-03-11T16:21:19","guid":{"rendered":"http:\/\/jnats.eu\/?post_type=product&#038;p=698"},"modified":"2025-01-25T14:00:21","modified_gmt":"2025-01-25T12:00:21","slug":"narutaki-japanischer-naturscharfstein-2","status":"publish","type":"product","link":"https:\/\/jnats.eu\/de\/produkt-2\/narutaki-japanischer-naturscharfstein-2\/","title":{"rendered":"Narutaki Japanischer Natursch\u00e4rfstein"},"content":{"rendered":"<p>Nr. 1&nbsp;<\/p>\n\n\n\n<ul class=\"wp-block-list\">\n<li>Geeignet f\u00fcr die Bearbeitung von Rasiermessern, Messern und anderen Werkzeugen.<\/li>\n\n\n\n<li>Abmessungen: 208x78x33 mm<\/li>\n\n\n\n<li>Gewicht 1320 g<\/li>\n\n\n\n<li>H\u00e4rte: Lv 4<\/li>\n<\/ul>\n\n\n\n<figure class=\"wp-block-embed is-type-video is-provider-youtube wp-block-embed-youtube wp-embed-aspect-16-9 wp-has-aspect-ratio\"><div class=\"wp-block-embed__wrapper\">\n<div class=\"video-container\"><iframe title=\"Narutaki japanische nat\u00fcrliche Sch\u00e4rfung Schleifstein Frieden Vintage Rasiermesser\" width=\"1170\" height=\"658\" src=\"https:\/\/www.youtube.com\/embed\/cjV-H4y3MSs?feature=oembed\" frameborder=\"0\" allow=\"accelerometer; autoplay; clipboard-write; encrypted-media; gyroscope; picture-in-picture; web-share\" referrerpolicy=\"strict-origin-when-cross-origin\" allowfullscreen><\/iframe><\/div>\n<\/div><\/figure>\n\n\n\n<p>Nr. 2<\/p>\n\n\n\n<ul class=\"wp-block-list\">\n<li>Geeignet zum Finishen von Rasierern, Messern und Werkzeugen.<\/li>\n\n\n\n<li>Abmessungen: 207x76x32 mm<\/li>\n\n\n\n<li>Gewicht 1270 g<\/li>\n\n\n\n<li>H\u00e4rte: Lv 4,5<\/li>\n<\/ul>\n\n\n\n<figure class=\"wp-block-embed is-type-video is-provider-youtube wp-block-embed-youtube wp-embed-aspect-16-9 wp-has-aspect-ratio\"><div class=\"wp-block-embed__wrapper\">\n<div class=\"video-container\"><iframe title=\"Narutaki Japanische nat\u00fcrliche Sch\u00e4rfung Whetstone\" width=\"1170\" height=\"658\" src=\"https:\/\/www.youtube.com\/embed\/0nEhbGQTV3Y?feature=oembed\" frameborder=\"0\" allow=\"accelerometer; autoplay; clipboard-write; encrypted-media; gyroscope; picture-in-picture; web-share\" referrerpolicy=\"strict-origin-when-cross-origin\" allowfullscreen><\/iframe><\/div>\n<\/div><\/figure>\n\n\n\n<p>Nr. 3<\/p>\n\n\n\n<ul class=\"wp-block-list\">\n<li>Geeignet zum Finishen von Messern und Werkzeugen.<\/li>\n\n\n\n<li>Abmessungen: 204x73x36 mm<\/li>\n\n\n\n<li>Gewicht 1500 g<\/li>\n\n\n\n<li>H\u00e4rte: Lv 4<\/li>\n<\/ul>\n\n\n\n<figure class=\"wp-block-embed is-type-video is-provider-youtube wp-block-embed-youtube wp-embed-aspect-16-9 wp-has-aspect-ratio\"><div class=\"wp-block-embed__wrapper\">\n<div class=\"video-container\"><iframe title=\"Narutaki Japanischer Natursch\u00e4rfstein\" width=\"1170\" height=\"658\" src=\"https:\/\/www.youtube.com\/embed\/0Y3N0kWd9cM?feature=oembed\" frameborder=\"0\" allow=\"accelerometer; autoplay; clipboard-write; encrypted-media; gyroscope; picture-in-picture; web-share\" allowfullscreen><\/iframe><\/div>\n<\/div><\/figure>\n\n\n\n<p>Die wichtigsten Vorteile der nat\u00fcrlichen japanischen Sch\u00e4rfsteine:<\/p>\n\n\n\n<ul class=\"wp-block-list\">\n<li>Werkzeuge bleiben l\u00e4nger scharf<\/li>\n\n\n\n<li>Die Steine werden nicht mit Metallabf\u00e4llen kontaminiert<\/li>\n\n\n\n<li>Einfacher Ausbau des Absperrschiebers<\/li>\n\n\n\n<li>Eine erstaunliche Reaktion, die es Ihnen erm\u00f6glicht, genau zu sp\u00fcren, was auf der Metalloberfl\u00e4che passiert.<\/li>\n<\/ul>","protected":false},"excerpt":{"rendered":"<p>Nr. 1<\/p>\n<ul>\n<li>Geeignet zum Finishen von Messern und Werkzeugen.<\/li>\n<li>Abmessungen: 208x78x33 mm<\/li>\n<li>Gewicht 1320 g<\/li>\n<li>H\u00e4rte: Lv 4<\/li>\n<\/ul>\n<p>Nr. 2<\/p>\n<ul>\n<li>Geeignet zum Finishen von Rasierern, Messern und Werkzeugen.<\/li>\n<li>Abmessungen: 207x76x32 mm<\/li>\n<li>Gewicht 1270 g<\/li>\n<li>H\u00e4rte: Lv 4,5<\/li>\n<\/ul>\n<p>Nr. 3<\/p>\n<ul>\n<li>Geeignet zum Finishen von Messern und Werkzeugen.<\/li>\n<li>Abmessungen: 204x73x36 mm<\/li>\n<li>Gewicht 1500 g<\/li>\n<li>H\u00e4rte: Lv 4<\/li>\n<\/ul>","protected":false},"featured_media":1320,"comment_status":"open","ping_status":"closed","template":"","meta":[],"product_brand":[],"product_cat":[22],"product_tag":[146],"class_list":{"0":"post-698","1":"product","2":"type-product","3":"status-publish","4":"has-post-thumbnail","6":"product_cat-jnats","7":"product_tag-narutaki","8":"product_shipping_class-iprastas","10":"first","11":"instock","12":"sold-individually","13":"shipping-taxable","14":"purchasable","15":"product-type-variable"},"_links":{"self":[{"href":"https:\/\/jnats.eu\/de\/wp-json\/wp\/v2\/product\/698","targetHints":{"allow":["GET"]}}],"collection":[{"href":"https:\/\/jnats.eu\/de\/wp-json\/wp\/v2\/product"}],"about":[{"href":"https:\/\/jnats.eu\/de\/wp-json\/wp\/v2\/types\/product"}],"replies":[{"embeddable":true,"href":"https:\/\/jnats.eu\/de\/wp-json\/wp\/v2\/comments?post=698"}],"wp:featuredmedia":[{"embeddable":true,"href":"https:\/\/jnats.eu\/de\/wp-json\/wp\/v2\/media\/1320"}],"wp:attachment":[{"href":"https:\/\/jnats.eu\/de\/wp-json\/wp\/v2\/media?parent=698"}],"wp:term":[{"taxonomy":"product_brand","embeddable":true,"href":"https:\/\/jnats.eu\/de\/wp-json\/wp\/v2\/product_brand?post=698"},{"taxonomy":"product_cat","embeddable":true,"href":"https:\/\/jnats.eu\/de\/wp-json\/wp\/v2\/product_cat?post=698"},{"taxonomy":"product_tag","embeddable":true,"href":"https:\/\/jnats.eu\/de\/wp-json\/wp\/v2\/product_tag?post=698"}],"curies":[{"name":"wp","href":"https:\/\/api.w.org\/{rel}","templated":true}]}}