{"id":714,"date":"2024-03-11T18:36:21","date_gmt":"2024-03-11T16:36:21","guid":{"rendered":"http:\/\/jnats.eu\/?post_type=product&#038;p=714"},"modified":"2025-01-02T11:05:58","modified_gmt":"2025-01-02T09:05:58","slug":"mikawa-knopf-nagura","status":"publish","type":"product","link":"https:\/\/jnats.eu\/de\/produkt-2\/mikawa-knopf-nagura\/","title":{"rendered":"Mikawa Botan Nagura Japanischer Natur-Schleifstein"},"content":{"rendered":"<p>Diese nat\u00fcrlichen Schleifsteine, die in der japanischen Pr\u00e4fektur Aichi abgebaut werden, werden seit Jahrhunderten zum Polieren der traditionellen japanischen Samuraischwerter verwendet. In den letzten Jahren sind sie popul\u00e4r geworden und werden zum Polieren und Sch\u00e4rfen vieler anderer scharfer Werkzeuge verwendet. Aufgrund ihrer Schnelligkeit und gleichm\u00e4\u00dfigen Partikelgr\u00f6\u00dfe sind sie f\u00fcr K\u00fcchenmesser sehr effektiv. Sie sind in der Lage, eine scharfe Schneide mit einem ausgezeichneten Gleichgewicht von Sch\u00e4rfe und Perfektion zu erzeugen und die Oberfl\u00e4che detailliert und gleichm\u00e4\u00dfig zu polieren. Sie sind ideal zum Sch\u00e4rfen nach dem Kratzen von synthetischen Schleifsteinen mittlerer K\u00f6rnung. Sie k\u00f6nnen als Vorpolierer f\u00fcr sehr feine Natursteine verwendet werden und eignen sich sowohl f\u00fcr laminierte als auch f\u00fcr Monostahl-Messeroberfl\u00e4chen.<\/p>\n\n\n\n<p>Der Mikawa Botan Nagura Stein entfernt leicht Kratzer von gr\u00f6beren K\u00f6rnern. Glatte Sch\u00e4rfen Gef\u00fchl, das nicht \"nehmen\" die Klinge und eine detaillierte chamon Linie und hellen Frost auf Stahl mit flachen feinen Kratzern. Die perfekt gezahnte Klinge ist f\u00fcr jedes K\u00fcchenmesser geeignet.<\/p>\n\n\n\n<ul class=\"wp-block-list\">\n<li>Geeignet zum Finishen und Polieren von Messern und Werkzeugen<\/li>\n\n\n\n<li>Abmessungen: 210x79x41 mm<\/li>\n\n\n\n<li>Gewicht 1470 g<\/li>\n\n\n\n<li>H\u00e4rte: Lv 3.5<\/li>\n\n\n\n<li>Ein sehr schnell und regelm\u00e4\u00dfig geformter Stein.<\/li>\n\n\n\n<li>Beide Seiten sind f\u00fcr die Arbeit geeignet.<\/li>\n<\/ul>\n\n\n\n<figure class=\"wp-block-embed is-type-video is-provider-youtube wp-block-embed-youtube wp-embed-aspect-16-9 wp-has-aspect-ratio\"><div class=\"wp-block-embed__wrapper\">\n<div class=\"video-container\"><iframe title=\"Mikawa-Knopf Nagura Japanischer Naturstein\" width=\"1170\" height=\"658\" src=\"https:\/\/www.youtube.com\/embed\/J3MLGWThONE?feature=oembed\" frameborder=\"0\" allow=\"accelerometer; autoplay; clipboard-write; encrypted-media; gyroscope; picture-in-picture; web-share\" allowfullscreen><\/iframe><\/div>\n<\/div><\/figure>\n\n\n\n<p>Die wichtigsten Vorteile der nat\u00fcrlichen japanischen Sch\u00e4rfsteine:<\/p>\n\n\n\n<ul class=\"wp-block-list\">\n<li>Werkzeuge bleiben l\u00e4nger scharf<\/li>\n\n\n\n<li>Die Steine werden nicht mit Metallabf\u00e4llen kontaminiert<\/li>\n\n\n\n<li>Einfacher Ausbau des Absperrschiebers<\/li>\n\n\n\n<li>Eine erstaunliche Reaktion, die es Ihnen erm\u00f6glicht, genau zu sp\u00fcren, was auf der Metalloberfl\u00e4che passiert.<\/li>\n<\/ul>","protected":false},"excerpt":{"rendered":"<p><!-- wp:list --><\/p>\n<ul><!-- wp:list-item --><\/p>\n<li>Geeignet zum Finishen und Polieren von Messern und Werkzeugen<\/li>\n<p><!-- \/wp:list-item --><\/p>\n<p><!-- wp:list-item --><\/p>\n<li>Abmessungen: 210\u00d741 mm<\/li>\n<p><!-- \/wp:list-item --><\/p>\n<p><!-- wp:list-item --><\/p>\n<li>Gewicht 1470 g<\/li>\n<p><!-- \/wp:list-item --><\/p>\n<p><!-- wp:list-item --><\/p>\n<li>H\u00e4rte: Lv 3.5<\/li>\n<p><!-- \/wp:list-item --><\/p>\n<p><!-- wp:list-item --><\/p>\n<li>Ein sehr schnell und regelm\u00e4\u00dfig geformter Stein.<\/li>\n<p><!-- \/wp:list-item --><\/p>\n<p><!-- wp:list-item --><\/p>\n<li>Beide Seiten sind f\u00fcr die Arbeit geeignet.<\/li>\n<p><!-- \/wp:list-item --><\/ul>\n<p><!-- \/wp:list --><\/p>","protected":false},"featured_media":1308,"comment_status":"open","ping_status":"closed","template":"","meta":[],"product_brand":[],"product_cat":[22],"product_tag":[152,151,153],"class_list":{"0":"post-714","1":"product","2":"type-product","3":"status-publish","4":"has-post-thumbnail","6":"product_cat-jnats","7":"product_tag-button","8":"product_tag-mikawa","9":"product_tag-nagura","10":"product_shipping_class-iprastas","12":"first","13":"outofstock","14":"sale","15":"shipping-taxable","16":"purchasable","17":"product-type-simple"},"_links":{"self":[{"href":"https:\/\/jnats.eu\/de\/wp-json\/wp\/v2\/product\/714","targetHints":{"allow":["GET"]}}],"collection":[{"href":"https:\/\/jnats.eu\/de\/wp-json\/wp\/v2\/product"}],"about":[{"href":"https:\/\/jnats.eu\/de\/wp-json\/wp\/v2\/types\/product"}],"replies":[{"embeddable":true,"href":"https:\/\/jnats.eu\/de\/wp-json\/wp\/v2\/comments?post=714"}],"wp:featuredmedia":[{"embeddable":true,"href":"https:\/\/jnats.eu\/de\/wp-json\/wp\/v2\/media\/1308"}],"wp:attachment":[{"href":"https:\/\/jnats.eu\/de\/wp-json\/wp\/v2\/media?parent=714"}],"wp:term":[{"taxonomy":"product_brand","embeddable":true,"href":"https:\/\/jnats.eu\/de\/wp-json\/wp\/v2\/product_brand?post=714"},{"taxonomy":"product_cat","embeddable":true,"href":"https:\/\/jnats.eu\/de\/wp-json\/wp\/v2\/product_cat?post=714"},{"taxonomy":"product_tag","embeddable":true,"href":"https:\/\/jnats.eu\/de\/wp-json\/wp\/v2\/product_tag?post=714"}],"curies":[{"name":"wp","href":"https:\/\/api.w.org\/{rel}","templated":true}]}}