{"id":726,"date":"2024-03-11T18:46:54","date_gmt":"2024-03-11T16:46:54","guid":{"rendered":"http:\/\/jnats.eu\/?post_type=product&#038;p=726"},"modified":"2024-10-21T14:33:04","modified_gmt":"2024-10-21T11:33:04","slug":"ho-nagura-japanischer-naturstein","status":"publish","type":"product","link":"https:\/\/jnats.eu\/de\/produkt-2\/ho-nagura-japanischer-naturstein\/","title":{"rendered":"Ho Nagura Japanischer Naturstein"},"content":{"rendered":"<p>Diese nat\u00fcrlichen Schleifsteine, die in der japanischen Pr\u00e4fektur Aichi abgebaut werden, werden seit Jahrhunderten zum Polieren der traditionellen japanischen Samuraischwerter verwendet. In den letzten Jahren sind sie popul\u00e4r geworden und werden zum Polieren und Sch\u00e4rfen vieler anderer scharfer Werkzeuge verwendet. Aufgrund ihrer Schnelligkeit und gleichm\u00e4\u00dfigen Partikelgr\u00f6\u00dfe sind sie f\u00fcr K\u00fcchenmesser sehr effektiv. Sie sind in der Lage, eine scharfe Schneide mit einem ausgezeichneten Gleichgewicht von Sch\u00e4rfe und Perfektion zu erzeugen und die Oberfl\u00e4che detailliert und gleichm\u00e4\u00dfig zu polieren. Sie sind ideal zum Sch\u00e4rfen nach dem Kratzen von synthetischen Schleifsteinen mittlerer K\u00f6rnung. Sie k\u00f6nnen als Vorpolierer f\u00fcr sehr feine Natursteine verwendet werden und eignen sich sowohl f\u00fcr laminierte als auch f\u00fcr Monostahl-Messeroberfl\u00e4chen.<\/p>\n\n\n\n<p>Der Mikawa Button Nagura Stein entfernt leicht Kratzer von gr\u00f6beren K\u00f6rnern. Glatte Sch\u00e4rfen Gef\u00fchl, das nicht \"nehmen\" die Klinge und eine detaillierte chamon Linie und hellen Frost auf Stahl mit flachen feinen Kratzern. Die perfekt gezackte Klinge ist f\u00fcr jedes K\u00fcchenmesser geeignet.<\/p>","protected":false},"excerpt":{"rendered":"<ul>\n<li>Geeignet zum Finishen und Polieren von Messern und Werkzeugen<\/li>\n<p><!-- \/wp:list-item --><\/p>\n<p><!-- wp:list-item --><\/p>\n<li>Abmessungen: 197x59x27 mm<\/li>\n<p><!-- \/wp:list-item --><\/p>\n<p><!-- wp:list-item --><\/p>\n<li>Gewicht mit St\u00e4nder 840 g<\/li>\n<p><!-- \/wp:list-item --><\/p>\n<p><!-- wp:list-item --><\/p>\n<li>H\u00e4rte: Lv 3.5<\/li>\n<p><!-- \/wp:list-item --><\/p>\n<p><!-- wp:list-item --><\/p>\n<li>Ein sehr schnell und regelm\u00e4\u00dfig geformter Stein.<\/li>\n<\/ul>","protected":false},"featured_media":1295,"comment_status":"open","ping_status":"closed","template":"","meta":[],"product_brand":[],"product_cat":[22],"product_tag":[153],"class_list":{"0":"post-726","1":"product","2":"type-product","3":"status-publish","4":"has-post-thumbnail","6":"product_cat-jnats","7":"product_tag-nagura","8":"product_shipping_class-iprastas","10":"first","11":"outofstock","12":"shipping-taxable","13":"purchasable","14":"product-type-simple"},"_links":{"self":[{"href":"https:\/\/jnats.eu\/de\/wp-json\/wp\/v2\/product\/726","targetHints":{"allow":["GET"]}}],"collection":[{"href":"https:\/\/jnats.eu\/de\/wp-json\/wp\/v2\/product"}],"about":[{"href":"https:\/\/jnats.eu\/de\/wp-json\/wp\/v2\/types\/product"}],"replies":[{"embeddable":true,"href":"https:\/\/jnats.eu\/de\/wp-json\/wp\/v2\/comments?post=726"}],"wp:featuredmedia":[{"embeddable":true,"href":"https:\/\/jnats.eu\/de\/wp-json\/wp\/v2\/media\/1295"}],"wp:attachment":[{"href":"https:\/\/jnats.eu\/de\/wp-json\/wp\/v2\/media?parent=726"}],"wp:term":[{"taxonomy":"product_brand","embeddable":true,"href":"https:\/\/jnats.eu\/de\/wp-json\/wp\/v2\/product_brand?post=726"},{"taxonomy":"product_cat","embeddable":true,"href":"https:\/\/jnats.eu\/de\/wp-json\/wp\/v2\/product_cat?post=726"},{"taxonomy":"product_tag","embeddable":true,"href":"https:\/\/jnats.eu\/de\/wp-json\/wp\/v2\/product_tag?post=726"}],"curies":[{"name":"wp","href":"https:\/\/api.w.org\/{rel}","templated":true}]}}