{"id":741,"date":"2024-03-12T09:46:27","date_gmt":"2024-03-12T07:46:27","guid":{"rendered":"http:\/\/jnats.eu\/?post_type=product&#038;p=741"},"modified":"2025-03-02T02:24:54","modified_gmt":"2025-03-02T00:24:54","slug":"ozuku-mizu-asagi-japanischer-natur-schleifstein","status":"publish","type":"product","link":"https:\/\/jnats.eu\/de\/produkt-2\/ozuku-mizu-asagi-japanischer-natur-schleifstein\/","title":{"rendered":"Ozuku Mizu Asagi Japanischer Natur-Schleifstein"},"content":{"rendered":"<ul class=\"wp-block-list\">\n<li>Geeignet zum Finishen von Rasierern, Messern und Werkzeugen.<\/li>\n\n\n\n<li>Abmessungen: 208x72x12 mm<\/li>\n\n\n\n<li>Gewicht mit St\u00e4nder 830 g<\/li>\n\n\n\n<li>H\u00e4rte: Lv 5+<\/li>\n\n\n\n<li>Die Leitungen sind sicher<\/li>\n\n\n\n<li>Der sehr harte Ozuku Mizu Asagi Stein ist bei Rasiermessersch\u00e4rfern sehr beliebt, da er eine maximale Sch\u00e4rfe erm\u00f6glicht. Es ist m\u00f6glich, die Arbeit mit Hilfe der Nagura-Aufh\u00e4ngung oder durch Reiben mit einer rauen Diamantplatte zu beschleunigen, aber das ist nicht notwendig.<\/li>\n\n\n\n<li>Nestor ist jedoch sehr cool. Daher nutzt es sich sehr langsam ab und h\u00e4lt viele Jahre.<\/li>\n<\/ul>\n\n\n\n<figure class=\"wp-block-embed is-type-video is-provider-youtube wp-block-embed-youtube wp-embed-aspect-16-9 wp-has-aspect-ratio\"><div class=\"wp-block-embed__wrapper\">\n<div class=\"video-container\"><iframe title=\"Okudo Nashiji, Ozuku Mizu Asagi, Aiwatani Japanische Natursch\u00e4rfsteine\" width=\"1170\" height=\"658\" src=\"https:\/\/www.youtube.com\/embed\/VB9YnumSvYY?start=315&#038;feature=oembed\" frameborder=\"0\" allow=\"accelerometer; autoplay; clipboard-write; encrypted-media; gyroscope; picture-in-picture; web-share\" allowfullscreen><\/iframe><\/div>\n<\/div><\/figure>\n\n\n\n<p>Die wichtigsten Vorteile der nat\u00fcrlichen japanischen Sch\u00e4rfsteine:<\/p>\n\n\n\n<ul class=\"wp-block-list\">\n<li>Werkzeuge bleiben l\u00e4nger scharf<\/li>\n\n\n\n<li>Die Steine werden nicht mit Metallabf\u00e4llen kontaminiert<\/li>\n\n\n\n<li>Einfacher Ausbau des Absperrschiebers<\/li>\n\n\n\n<li>Eine erstaunliche Reaktion, die es Ihnen erm\u00f6glicht, genau zu sp\u00fcren, was auf der Metalloberfl\u00e4che passiert.<\/li>\n<\/ul>","protected":false},"excerpt":{"rendered":"<ul>\n<li>Geeignet zum Finishen von Rasierern, Messern und Werkzeugen.<\/li>\n<li>Abmessungen: 208x72x12 mm<\/li>\n<li>Gewicht mit St\u00e4nder 830 g<\/li>\n<li>H\u00e4rte: Lv 5+<\/li>\n<li>Die Leitungen sind sicher<\/li>\n<li>Der sehr harte Ozuku Mizu Asagi Stein ist bei Rasiermessersch\u00e4rfern sehr beliebt, da er eine maximale Sch\u00e4rfe erm\u00f6glicht. Es ist m\u00f6glich, die Arbeit mit Hilfe der Nagura-Aufh\u00e4ngung oder durch Reiben mit einer rauen Diamantplatte zu beschleunigen, aber das ist nicht notwendig.<\/li>\n<li>Nestor ist jedoch sehr cool. Daher nutzt es sich sehr langsam ab und h\u00e4lt viele Jahre.<\/li>\n<\/ul>","protected":false},"featured_media":1339,"comment_status":"open","ping_status":"closed","template":"","meta":[],"product_brand":[],"product_cat":[22],"product_tag":[45,154,66],"class_list":{"0":"post-741","1":"product","2":"type-product","3":"status-publish","4":"has-post-thumbnail","6":"product_cat-jnats","7":"product_tag-asagi","8":"product_tag-mizu","9":"product_tag-ozuku","10":"product_shipping_class-iprastas","12":"first","13":"outofstock","14":"sale","15":"shipping-taxable","16":"purchasable","17":"product-type-simple"},"_links":{"self":[{"href":"https:\/\/jnats.eu\/de\/wp-json\/wp\/v2\/product\/741","targetHints":{"allow":["GET"]}}],"collection":[{"href":"https:\/\/jnats.eu\/de\/wp-json\/wp\/v2\/product"}],"about":[{"href":"https:\/\/jnats.eu\/de\/wp-json\/wp\/v2\/types\/product"}],"replies":[{"embeddable":true,"href":"https:\/\/jnats.eu\/de\/wp-json\/wp\/v2\/comments?post=741"}],"wp:featuredmedia":[{"embeddable":true,"href":"https:\/\/jnats.eu\/de\/wp-json\/wp\/v2\/media\/1339"}],"wp:attachment":[{"href":"https:\/\/jnats.eu\/de\/wp-json\/wp\/v2\/media?parent=741"}],"wp:term":[{"taxonomy":"product_brand","embeddable":true,"href":"https:\/\/jnats.eu\/de\/wp-json\/wp\/v2\/product_brand?post=741"},{"taxonomy":"product_cat","embeddable":true,"href":"https:\/\/jnats.eu\/de\/wp-json\/wp\/v2\/product_cat?post=741"},{"taxonomy":"product_tag","embeddable":true,"href":"https:\/\/jnats.eu\/de\/wp-json\/wp\/v2\/product_tag?post=741"}],"curies":[{"name":"wp","href":"https:\/\/api.w.org\/{rel}","templated":true}]}}