{"id":756,"date":"2026-04-01T10:52:28","date_gmt":"2026-04-01T07:52:28","guid":{"rendered":"http:\/\/jnats.eu\/?post_type=product&#038;p=756"},"modified":"2026-04-24T23:39:33","modified_gmt":"2026-04-24T20:39:33","slug":"j-a-henckels-solingen-zwilligswerk-friodur-inox-kein-fleck-deutschland-rasiermesser","status":"publish","type":"product","link":"https:\/\/jnats.eu\/de\/produkt-2\/j-a-henckels-solingen-zwilligswerk-friodur-inox-kein-fleck-deutschland-rasiermesser\/","title":{"rendered":"NOS J.A. Henckels Solingen Zwilligswerk Friodur Inox Deutschland Rasiermesser"},"content":{"rendered":"<figure class=\"wp-block-embed is-type-video is-provider-youtube wp-block-embed-youtube wp-embed-aspect-9-16 wp-has-aspect-ratio\"><div class=\"wp-block-embed__wrapper\">\n<div class=\"video-container\"><iframe title=\"NOS J.A. Henckels Solingen Zwilligswerk Friodur Inox Deutschland Rasiermesser\" width=\"563\" height=\"1000\" src=\"https:\/\/www.youtube.com\/embed\/gGjV-mblg78?feature=oembed\" frameborder=\"0\" allow=\"accelerometer; autoplay; clipboard-write; encrypted-media; gyroscope; picture-in-picture; web-share\" referrerpolicy=\"strict-origin-when-cross-origin\" allowfullscreen><\/iframe><\/div>\n<\/div><\/figure>\n\n\n\n<p>Henckels Friodur ist der Gipfel deutscher Ingenieurs- und Handwerkskunst in der Welt der traditionellen Rasur. Bekannt f\u00fcr seine Pr\u00e4zision, Qualit\u00e4t und Langlebigkeit, bietet dieses Rasiermesser ein luxuri\u00f6ses Rasurerlebnis, das von Liebhabern klassischer Pflegeprodukte gesucht wird.<\/p>\n\n\n\n<p>Friodur-Edelstahl: Hergestellt aus Inox und kalt geh\u00e4rtet nach der patentierten Friodur-Technologie von Henckels, zeichnet sich dieses Rasiermesser durch au\u00dfergew\u00f6hnliche H\u00e4rte, Korrosionsbest\u00e4ndigkeit und Sch\u00e4rfeerhaltung aus. Bei dem Friodur-Verfahren wird der Stahl in fl\u00fcssigem Stickstoff abgeschreckt, um seine Festigkeit und Korrosionsbest\u00e4ndigkeit zu erh\u00f6hen und eine feinere Struktur zu erhalten.<\/p>\n\n\n\n<p>Klassisches Design: Das Friodur Inox Rasiermesser zeichnet sich durch ein zeitloses Design aus, das Henckels' Engagement f\u00fcr Eleganz und Funktionalit\u00e4t widerspiegelt. Sein schlankes Profil, das ausgewogene Gewicht und der ergonomische Griff sorgen daf\u00fcr, dass es bequem in der Hand liegt und sich bei der Rasur leicht man\u00f6vrieren l\u00e4sst.<\/p>\n\n\n\n<p>Vielseitig einsetzbar: Egal, ob Sie ein erfahrener Rasiermesser-Enthusiast oder ein Neuling in der traditionellen Rasur sind, das Henckels Friodur Inox Rasiermesser ist f\u00fcr alle Erfahrungsstufen geeignet. Sein vielseitiges Design passt zu einer Vielzahl von Rasierstilen und Vorlieben.<\/p>\n\n\n\n<p>Die Marke mit dem Erbe: Mit einer reichen Geschichte, die bis ins Jahr 1731 zur\u00fcckreicht, ist Henckels ein Synonym f\u00fcr Qualit\u00e4t, Zuverl\u00e4ssigkeit und Innovation in der Welt des Bestecks und der Hygiene. Das Friodur Inox Vintage Rasiermesser verk\u00f6rpert Henckels Handwerkskunst seit Generationen.<\/p>\n\n\n\n<p>Ganz gleich, ob Sie auf der Suche nach einem erstklassigen Rasierwerkzeug f\u00fcr Ihre t\u00e4gliche Haarpflege sind oder Ihre Sammlung edler Pflegeprodukte erg\u00e4nzen m\u00f6chten - das Henckels Friodur Inox Rasiermesser verspricht ein au\u00dfergew\u00f6hnliches Rasurerlebnis, das Tradition, Pr\u00e4zision und Luxus vereint.<\/p>","protected":false},"excerpt":{"rendered":"<ul>\n<li>Rostfreier Stahl Inox, Friodur - kaltgeh\u00e4rtet.<\/li>\n<li>Polymer-Griff<\/li>\n<li>Kunststoffbox<\/li>\n<li>Gewicht - 50 g<\/li>\n<li>Abmessungen der Klinge 75x20x6 mm<\/li>\n<li>Die Rasiermesser sind unbenutzt (au\u00dfer Nr. 6), k\u00f6nnen aber aufgrund der langen Lagerung leichte Kratzer aufweisen.<\/li>\n<li><strong>Wenn Sie Nr. nicht in der Liste sehen also ist es verkauft<\/strong><\/li>\n<\/ul>","protected":false},"featured_media":5949,"comment_status":"open","ping_status":"closed","template":"","meta":[],"product_brand":[],"product_cat":[23],"product_tag":[158,156,157,159],"class_list":{"0":"post-756","1":"product","2":"type-product","3":"status-publish","4":"has-post-thumbnail","6":"product_cat-razors","7":"product_tag-friodur","8":"product_tag-henckels","9":"product_tag-inox","10":"product_tag-straight-razor","11":"product_shipping_class-light","13":"first","14":"instock","15":"shipping-taxable","16":"purchasable","17":"product-type-variable"},"_links":{"self":[{"href":"https:\/\/jnats.eu\/de\/wp-json\/wp\/v2\/product\/756","targetHints":{"allow":["GET"]}}],"collection":[{"href":"https:\/\/jnats.eu\/de\/wp-json\/wp\/v2\/product"}],"about":[{"href":"https:\/\/jnats.eu\/de\/wp-json\/wp\/v2\/types\/product"}],"replies":[{"embeddable":true,"href":"https:\/\/jnats.eu\/de\/wp-json\/wp\/v2\/comments?post=756"}],"wp:featuredmedia":[{"embeddable":true,"href":"https:\/\/jnats.eu\/de\/wp-json\/wp\/v2\/media\/5949"}],"wp:attachment":[{"href":"https:\/\/jnats.eu\/de\/wp-json\/wp\/v2\/media?parent=756"}],"wp:term":[{"taxonomy":"product_brand","embeddable":true,"href":"https:\/\/jnats.eu\/de\/wp-json\/wp\/v2\/product_brand?post=756"},{"taxonomy":"product_cat","embeddable":true,"href":"https:\/\/jnats.eu\/de\/wp-json\/wp\/v2\/product_cat?post=756"},{"taxonomy":"product_tag","embeddable":true,"href":"https:\/\/jnats.eu\/de\/wp-json\/wp\/v2\/product_tag?post=756"}],"curies":[{"name":"wp","href":"https:\/\/api.w.org\/{rel}","templated":true}]}}