{"id":796,"date":"2024-03-14T12:38:15","date_gmt":"2024-03-14T10:38:15","guid":{"rendered":"http:\/\/jnats.eu\/?post_type=product&#038;p=796"},"modified":"2025-09-30T11:22:55","modified_gmt":"2025-09-30T08:22:55","slug":"alte-gebrauchte-japanische-rasierapparate","status":"publish","type":"product","link":"https:\/\/jnats.eu\/de\/produkt-2\/alte-gebrauchte-japanische-rasierapparate\/","title":{"rendered":"Gebrauchte japanische Rasiermesser Towa, Union, Daishi, R. Saito, Kikuboshi, Triumph"},"content":{"rendered":"<ol class=\"wp-block-list\">\n<li>G Towa T Best Hollow Ground Extra Tungsten Steel Real Japanese Hollow Ground Gen Takahashi H.Diamond &amp; Co<\/li>\n\n\n\n<li>Union 72 Japan Mei\u00dfelf\u00f6rmige Klinge<\/li>\n\n\n\n<li>Daishi 350 Yasuki Steel Hergestellt aus Eisenstahl Tamahagane R.K. CO. Mei\u00dfelf\u00f6rmige Klinge. Tamahagane-Stahl aus \"Eisensand\" wird f\u00fcr Samurai-Schwerter f\u00fcr Katanas verwendet.<\/li>\n\n\n\n<li>Daishi 55 Yasuki Stahl aus Eisenstahl Tamahagane R.K. CO.  Tamahagane-Stahl wird aus \"Eisensand\" hergestellt und f\u00fcr Samuraischwerter verwendet. Er kann auf einen sehr harten Wert von 70 HRC geh\u00e4rtet werden.<\/li>\n\n\n\n<li>R. Saito Kikuboshi 135 Extra Hollow Gruond<\/li>\n\n\n\n<li>Triumph Y.S.S 65825 Yasuki Stahl R. Saito Design<\/li>\n<\/ol>\n\n\n\n<p>R. Saito war in den 50er und 60er Jahren ein ber\u00fchmter Friseur in Japan. Er gr\u00fcndete eine Friseurschule mit einer gro\u00dfen Anzahl von Fachleuten in vielen St\u00e4dten. Da sein Name ein Synonym f\u00fcr die japanische Modewelt war, wurden seine Entw\u00fcrfe ebenso wie sein Name hoch gesch\u00e4tzt. Er entwarf Rasiermesser, die von gro\u00dfen Unternehmen mit seinem Namen produziert wurden: Kikuboshi, Diamond Hayashi und andere Hersteller. Das Produkt war so konzipiert, dass es das am einfachsten zu verwendende Rasiermesser war.<\/p>\n\n\n\n<p>Korrosionsspuren. Siehe Video.<\/p>\n\n\n\n<figure class=\"wp-block-embed is-type-video is-provider-youtube wp-block-embed-youtube wp-embed-aspect-16-9 wp-has-aspect-ratio\"><div class=\"wp-block-embed__wrapper\">\n<div class=\"video-container\"><iframe title=\"Gebrauchte japanische Rasiermesser R. Saito, Tamahagane, Towa, Daishi\" width=\"1170\" height=\"658\" src=\"https:\/\/www.youtube.com\/embed\/CheeI2Xk0pE?feature=oembed\" frameborder=\"0\" allow=\"accelerometer; autoplay; clipboard-write; encrypted-media; gyroscope; picture-in-picture; web-share\" allowfullscreen><\/iframe><\/div>\n<\/div><\/figure>","protected":false},"excerpt":{"rendered":"<ol>\n<li><del>G Towa T Best Hollow Ground Extra Tungsten Steel Real Japanese Hollow Ground Gen Takahashi H.Diamond &amp; Co\u00a0<\/del> Verkauft<\/li>\n<li><del>Union 72 Japan Mei\u00dfelf\u00f6rmige Klinge<\/del><\/li>\n<li><del>Daishi 350 Yasuki Steel Hergestellt aus Eisenstahl Tamahagane R.K. CO. Mei\u00dfelf\u00f6rmige Klinge. Tamahagane-Stahl aus \"Eisensand\" wird f\u00fcr Samurai-Schwerter f\u00fcr Katanas verwendet.<\/del><\/li>\n<li>Daishi 55 Yasuki Stahl aus Eisenstahl Tamahagane R.K. CO.  Tamahagane-Stahl wird aus \"Eisensand\" hergestellt und f\u00fcr Samuraischwerter verwendet. Er kann auf einen sehr harten Wert von 70 HRC geh\u00e4rtet werden.<\/li>\n<li><del>R. Saito Kikuboshi 135 Extra Hollow Gruond\u00a0<\/del> Verkauft<\/li>\n<li><del>Triumph Y.S.S 65825 Yasuki Stahl R. Saito Design<\/del><\/li>\n<\/ol>","protected":false},"featured_media":1151,"comment_status":"open","ping_status":"closed","template":"","meta":[],"product_brand":[],"product_cat":[23],"product_tag":[164,161,162,160,129,163],"class_list":{"0":"post-796","1":"product","2":"type-product","3":"status-publish","4":"has-post-thumbnail","6":"product_cat-razors","7":"product_tag-daishi","8":"product_tag-kikuboshi","9":"product_tag-r-saito","10":"product_tag-skustuvai","11":"product_tag-towa","12":"product_tag-union","13":"product_shipping_class-light","15":"first","16":"outofstock","17":"sold-individually","18":"shipping-taxable","19":"product-type-variable"},"_links":{"self":[{"href":"https:\/\/jnats.eu\/de\/wp-json\/wp\/v2\/product\/796","targetHints":{"allow":["GET"]}}],"collection":[{"href":"https:\/\/jnats.eu\/de\/wp-json\/wp\/v2\/product"}],"about":[{"href":"https:\/\/jnats.eu\/de\/wp-json\/wp\/v2\/types\/product"}],"replies":[{"embeddable":true,"href":"https:\/\/jnats.eu\/de\/wp-json\/wp\/v2\/comments?post=796"}],"wp:featuredmedia":[{"embeddable":true,"href":"https:\/\/jnats.eu\/de\/wp-json\/wp\/v2\/media\/1151"}],"wp:attachment":[{"href":"https:\/\/jnats.eu\/de\/wp-json\/wp\/v2\/media?parent=796"}],"wp:term":[{"taxonomy":"product_brand","embeddable":true,"href":"https:\/\/jnats.eu\/de\/wp-json\/wp\/v2\/product_brand?post=796"},{"taxonomy":"product_cat","embeddable":true,"href":"https:\/\/jnats.eu\/de\/wp-json\/wp\/v2\/product_cat?post=796"},{"taxonomy":"product_tag","embeddable":true,"href":"https:\/\/jnats.eu\/de\/wp-json\/wp\/v2\/product_tag?post=796"}],"curies":[{"name":"wp","href":"https:\/\/api.w.org\/{rel}","templated":true}]}}