{"id":814,"date":"2024-04-20T14:08:11","date_gmt":"2024-04-20T11:08:11","guid":{"rendered":"http:\/\/jnats.eu\/?post_type=product&#038;p=814"},"modified":"2024-07-11T11:51:08","modified_gmt":"2024-07-11T08:51:08","slug":"ozuku-asagi-japanischer-naturscharfstein","status":"publish","type":"product","link":"https:\/\/jnats.eu\/de\/produkt-2\/ozuku-asagi-japanischer-naturscharfstein\/","title":{"rendered":"Nakayama Asagi Maruka Japanischer nat\u00fcrlicher Schleifstein"},"content":{"rendered":"<p>Dieser Stein ist hart und extrem fein und eignet sich problemlos f\u00fcr Rasiermesser. Obwohl er recht stark ist, reagiert er im Vergleich zu anderen Steinen dieser K\u00f6rnung \u00fcberdurchschnittlich gut. Es kann auch f\u00fcr Tischlerwerkzeuge und Messer verwendet werden. Es hinterl\u00e4sst einen leuchtend silbernen und detaillierten San-Mai-Glanz. Dies sind in jeder Hinsicht sehr kraftvolle Abschlusssteine.<\/p>\n\n\n\n<p>Der Nakayama-Stein ist ber\u00fchmt f\u00fcr das Kato Mutsuyama Maruka-Zeichen mit dem Buchstaben \u201eka\u201c und dem Seihonzan-Siegel \u32d5\u6b63\u672c\u5c71. Kato Mutsuyama war der Erste, der ein solches Siegel schnitzte. Nicht standardm\u00e4\u00dfige Abmessungen, gro\u00dfe oder grobe Steine trugen urspr\u00fcnglich nicht das Zeichen von Maruka. Es gibt jedoch auch Qualit\u00e4tsprodukte und nicht standardm\u00e4\u00dfige Schleifsteine, die bei der Endverarbeitung im Einzelhandel nachtr\u00e4glich mit dem Maruka-Stempel gekennzeichnet wurden, sowie Steine, die vom Verk\u00e4ufer ohne den \u32d5\u6b63\u672c\u5c71-Stempel aus Rohsteinen geschnitten wurden. Au\u00dferdem tragen die Nakayama-Schleifsteine, die vor der Stempelperiode verkauft wurden, nicht den Maruka-Stempel. <\/p>\n\n\n\n<p>Wenn es sich um Kato Mutsuyamas Stein aus dieser Mine handelt, wird es auf jeden Fall derselbe Nakayama-Stein sein, unabh\u00e4ngig davon, ob er das Maruka-Zeichen tr\u00e4gt oder nicht. Der \u32d5\u6b63\u672c\u5c71-Stempel selbst kann je nach Vertriebskanal vorhanden sein oder nicht und garantiert keine Qualit\u00e4t. Nicht nur Nakayama, sondern auch andere nat\u00fcrliche Schleifsteine, jeder ist anders und keine zwei sind gleich. Zudem sind seit der Schlie\u00dfung des Bergwerks viele Jahre vergangen, so dass jedes Jahr immer weniger gute Exemplare auf dem Markt sind.<\/p>\n\n\n\n<p>Aufgrund ihrer Seltenheit und der Kraft der Marke gibt es viele F\u00e4lschungen, daher empfehlen wir Ihnen, dem Maruka-Siegel nicht zu sehr zu vertrauen und den Stein mit eigenen Augen zu bewerten.&nbsp;<\/p>\n\n\n\n<p>Die Kato-Mine liegt in den Nakayama-Bergen, wo Schleifsteine abgebaut wurden. Sie wurde so genannt, weil sie Herrn Kato geh\u00f6rte. Hatanaka Whetstone ist ein alteingesessenes Steingesch\u00e4ft in Kyoto. Nach dem Krieg wurde der Verkauf der in Kato Utsuyama abgebauten Nakayama-Schleifsteine von einer f\u00fcnfk\u00f6pfigen Gruppe eines f\u00fchrenden Steingesch\u00e4fts in Kyoto verwaltet. Unter ihnen soll Hatanaka Toishi eine Zeit lang das gr\u00f6\u00dfte Vertrauen der Bergbesitzer gehabt haben. im Jahr 1952 Hatanaka Toishi lie\u00df die Marke Junshin Honzan (\u7d14\u7a7a\u6b63\u672c\u5c71) registrieren, um sich von anderen Einzelh\u00e4ndlern abzuheben. Nach 1980 Die Rechte an der Nakayama-Mine wurden von Hatanaka Whetstone erworben und wurden Eigent\u00fcmer der Marke Maruka. Gleichzeitig wurden Steine aus dieser Mine auch \u00fcber andere Einzelh\u00e4ndler vertrieben.<\/p>\n\n\n\n<p><strong>Nakayama (\u4e2d\u5c71)<\/strong><br>Diese \u00f6stliche Mine ist ber\u00fchmt f\u00fcr die Awasedo-Steine, mit denen der Schleifprozess abgeschlossen wird. Mehrschichtiger Stein (Hondomae Shikitomae) mit einem andersfarbigen \u201eKollegen\u201c wird besonders von Tischlern und Sch\u00e4rfern gesch\u00e4tzt. Im Vergleich zu Steinen \u00e4hnlicher H\u00e4rte und Feinheit aus anderen Minen sind Nakayama-Produkte f\u00fcr ein angenehmeres Schleifgef\u00fchl bekannt. Authentische Nakayama-Steine sind oft mit dem ber\u00fchmten Maruka-Stempel \u32d5\u6b63\u672c\u5c71 versehen.<\/p>\n\n\n\n<figure class=\"wp-block-embed is-type-video is-provider-youtube wp-block-embed-youtube wp-embed-aspect-16-9 wp-has-aspect-ratio\"><div class=\"wp-block-embed__wrapper\">\n<div class=\"video-container\"><iframe title=\"Awasedo Jnats Ozuku Asagi Okudo Shobudani Karasu Kyoto Shinzen\" width=\"1170\" height=\"658\" src=\"https:\/\/www.youtube.com\/embed\/WR-t0Lxs7XY?start=612&#038;feature=oembed\" frameborder=\"0\" allow=\"accelerometer; autoplay; clipboard-write; encrypted-media; gyroscope; picture-in-picture; web-share\" referrerpolicy=\"strict-origin-when-cross-origin\" allowfullscreen><\/iframe><\/div>\n<\/div><\/figure>","protected":false},"excerpt":{"rendered":"<ul>\n<li>Geeignet zum Finishen von Rasierern, Messern und Werkzeugen.<\/li>\n<li>Abmessungen: 210x52x30 mm<\/li>\n<li>Gewicht: 860 g<\/li>\n<li>H\u00e4rte: Lv 5+<\/li>\n<li>Die Leitungen sind sicher<\/li>\n<li>Der sehr harte Stein ist bei Rasiermessersch\u00e4rfern sehr beliebt, da er eine maximale Sch\u00e4rfe erm\u00f6glicht. Eine Beschleunigung der Arbeit ist mit Hilfe von Nagura-Suspension oder durch Abreiben mit einer Rohdiamantplatte m\u00f6glich. Der Maruka \u32d5\u6b63\u672c\u5c71-Stempel ist kaum sichtbar, aber er ist da. Dies wird durch die h\u00f6chste Qualit\u00e4t der Steinarbeiten best\u00e4tigt.\u00a0<\/li>\n<\/ul>","protected":false},"featured_media":1347,"comment_status":"open","ping_status":"closed","template":"","meta":[],"product_brand":[],"product_cat":[22],"product_tag":[45,58,49],"class_list":{"0":"post-814","1":"product","2":"type-product","3":"status-publish","4":"has-post-thumbnail","6":"product_cat-jnats","7":"product_tag-asagi","8":"product_tag-maruka","9":"product_tag-nakayama","10":"product_shipping_class-iprastas","12":"first","13":"outofstock","14":"sale","15":"shipping-taxable","16":"purchasable","17":"product-type-simple"},"_links":{"self":[{"href":"https:\/\/jnats.eu\/de\/wp-json\/wp\/v2\/product\/814","targetHints":{"allow":["GET"]}}],"collection":[{"href":"https:\/\/jnats.eu\/de\/wp-json\/wp\/v2\/product"}],"about":[{"href":"https:\/\/jnats.eu\/de\/wp-json\/wp\/v2\/types\/product"}],"replies":[{"embeddable":true,"href":"https:\/\/jnats.eu\/de\/wp-json\/wp\/v2\/comments?post=814"}],"wp:featuredmedia":[{"embeddable":true,"href":"https:\/\/jnats.eu\/de\/wp-json\/wp\/v2\/media\/1347"}],"wp:attachment":[{"href":"https:\/\/jnats.eu\/de\/wp-json\/wp\/v2\/media?parent=814"}],"wp:term":[{"taxonomy":"product_brand","embeddable":true,"href":"https:\/\/jnats.eu\/de\/wp-json\/wp\/v2\/product_brand?post=814"},{"taxonomy":"product_cat","embeddable":true,"href":"https:\/\/jnats.eu\/de\/wp-json\/wp\/v2\/product_cat?post=814"},{"taxonomy":"product_tag","embeddable":true,"href":"https:\/\/jnats.eu\/de\/wp-json\/wp\/v2\/product_tag?post=814"}],"curies":[{"name":"wp","href":"https:\/\/api.w.org\/{rel}","templated":true}]}}