{"id":829,"date":"2024-03-15T14:24:24","date_gmt":"2024-03-15T12:24:24","guid":{"rendered":"http:\/\/jnats.eu\/?post_type=product&#038;p=829"},"modified":"2024-04-11T11:49:05","modified_gmt":"2024-04-11T08:49:05","slug":"kyoto-shinzen-japanischer-naturscharfstein","status":"publish","type":"product","link":"https:\/\/jnats.eu\/de\/produkt-2\/kyoto-shinzen-japanischer-naturscharfstein\/","title":{"rendered":"Kyoto Shinzen Motoyama Tomita Nisshoyama Japanischer Natur-Schleifstein"},"content":{"rendered":"<ul class=\"wp-block-list\">\n<li>Geeignet f\u00fcr die Endbearbeitung von Rasiermessern, Messern, Mei\u00dfeln, Mei\u00dfeln, Feilen, Scheren und anderen Werkzeugen.<\/li>\n\n\n\n<li>Abmessungen: 210x80x46 mm<\/li>\n\n\n\n<li>Gewicht 1900 g<\/li>\n\n\n\n<li>H\u00e4rte: Lv 4.7<\/li>\n\n\n\n<li>Harter Stein<\/li>\n<\/ul>\n\n\n\n<figure class=\"wp-block-embed is-type-video is-provider-youtube wp-block-embed-youtube wp-embed-aspect-16-9 wp-has-aspect-ratio\"><div class=\"wp-block-embed__wrapper\">\n<div class=\"video-container\"><iframe title=\"Awasedo Jnats Ozuku Asagi Okudo Shobudani Karasu Kyoto Shinzen\" width=\"1170\" height=\"658\" src=\"https:\/\/www.youtube.com\/embed\/WR-t0Lxs7XY?start=152&#038;feature=oembed\" frameborder=\"0\" allow=\"accelerometer; autoplay; clipboard-write; encrypted-media; gyroscope; picture-in-picture; web-share\" referrerpolicy=\"strict-origin-when-cross-origin\" allowfullscreen><\/iframe><\/div>\n<\/div><\/figure>\n\n\n\n<p>Kyoto Shinzen Motoyama Natural Finish Wetzstein Tomita Nisshoyama Japanischer Natursch\u00e4rfstein<\/p>\n\n\n\n<p>Die wichtigsten Vorteile der nat\u00fcrlichen japanischen Sch\u00e4rfsteine:<\/p>\n\n\n\n<ul class=\"wp-block-list\">\n<li>Werkzeuge bleiben l\u00e4nger scharf<\/li>\n\n\n\n<li>Die Steine werden nicht mit Metallabf\u00e4llen kontaminiert<\/li>\n\n\n\n<li>Einfacher Ausbau des Absperrschiebers<\/li>\n\n\n\n<li>Eine erstaunliche Reaktion, die es Ihnen erm\u00f6glicht, genau zu sp\u00fcren, was auf der Metalloberfl\u00e4che passiert.<\/li>\n<\/ul>","protected":false},"excerpt":{"rendered":"<ul>\n<li>Geeignet f\u00fcr die Endbearbeitung von Rasiermessern, Messern, Mei\u00dfeln, Mei\u00dfeln, Feilen, Scheren und anderen Werkzeugen.<\/li>\n<li>Abmessungen: 210x80x46 mm<\/li>\n<li>Gewicht 1900 g<\/li>\n<li>H\u00e4rte: Lv 4.7<\/li>\n<li>Harter Stein<\/li>\n<\/ul>","protected":false},"featured_media":1358,"comment_status":"open","ping_status":"closed","template":"","meta":[],"product_brand":[],"product_cat":[22],"product_tag":[186,185,179],"class_list":{"0":"post-829","1":"product","2":"type-product","3":"status-publish","4":"has-post-thumbnail","6":"product_cat-jnats","7":"product_tag-motoyama","8":"product_tag-nishoyama","9":"product_tag-nisshoyama","10":"product_shipping_class-iprastas","12":"first","13":"instock","14":"shipping-taxable","15":"purchasable","16":"product-type-simple"},"_links":{"self":[{"href":"https:\/\/jnats.eu\/de\/wp-json\/wp\/v2\/product\/829","targetHints":{"allow":["GET"]}}],"collection":[{"href":"https:\/\/jnats.eu\/de\/wp-json\/wp\/v2\/product"}],"about":[{"href":"https:\/\/jnats.eu\/de\/wp-json\/wp\/v2\/types\/product"}],"replies":[{"embeddable":true,"href":"https:\/\/jnats.eu\/de\/wp-json\/wp\/v2\/comments?post=829"}],"wp:featuredmedia":[{"embeddable":true,"href":"https:\/\/jnats.eu\/de\/wp-json\/wp\/v2\/media\/1358"}],"wp:attachment":[{"href":"https:\/\/jnats.eu\/de\/wp-json\/wp\/v2\/media?parent=829"}],"wp:term":[{"taxonomy":"product_brand","embeddable":true,"href":"https:\/\/jnats.eu\/de\/wp-json\/wp\/v2\/product_brand?post=829"},{"taxonomy":"product_cat","embeddable":true,"href":"https:\/\/jnats.eu\/de\/wp-json\/wp\/v2\/product_cat?post=829"},{"taxonomy":"product_tag","embeddable":true,"href":"https:\/\/jnats.eu\/de\/wp-json\/wp\/v2\/product_tag?post=829"}],"curies":[{"name":"wp","href":"https:\/\/api.w.org\/{rel}","templated":true}]}}