{"id":833,"date":"2024-03-15T14:37:41","date_gmt":"2024-03-15T12:37:41","guid":{"rendered":"http:\/\/jnats.eu\/?post_type=product&#038;p=833"},"modified":"2024-06-07T19:25:02","modified_gmt":"2024-06-07T16:25:02","slug":"shobudani-kiita-japanischer-natur-schleifstein","status":"publish","type":"product","link":"https:\/\/jnats.eu\/de\/produkt-2\/shobudani-kiita-japanischer-natur-schleifstein\/","title":{"rendered":"Shobudani Kiita Japanischer Natur-Schleifstein"},"content":{"rendered":"<ul class=\"wp-block-list\">\n<li>Geeignet zum Finishen von Rasierern, Messern und Werkzeugen.<\/li>\n\n\n\n<li>Abmessungen: 195x71x21 mm<\/li>\n\n\n\n<li>Gewicht: 740 g<\/li>\n\n\n\n<li>H\u00e4rte: Lv 4,5<\/li>\n\n\n\n<li>Ein harter, schneller Stein, der seine Aufh\u00e4ngung leicht l\u00f6st, so dass kein Nagel ben\u00f6tigt wird.<\/li>\n\n\n\n<li>Shobudani steht in der Hierarchie der japanischen Natursch\u00e4rfsteine an zweiter Stelle nach Nakayama und ist in Bezug auf Geschwindigkeit, Gl\u00e4tte, Feinheit und Ansprechverhalten nicht weit von Nakayama entfernt oder ihm ebenb\u00fcrtig.<\/li>\n<\/ul>\n\n\n\n<figure class=\"wp-block-embed is-type-video is-provider-youtube wp-block-embed-youtube wp-embed-aspect-16-9 wp-has-aspect-ratio\"><div class=\"wp-block-embed__wrapper\">\n<div class=\"video-container\"><iframe title=\"Awasedo Jnats Ozuku Asagi Okudo Shobudani Kyoto Shinzen\" width=\"1170\" height=\"658\" src=\"https:\/\/www.youtube.com\/embed\/WR-t0Lxs7XY?start=289&#038;feature=oembed\" frameborder=\"0\" allow=\"accelerometer; autoplay; clipboard-write; encrypted-media; gyroscope; picture-in-picture; web-share\" allowfullscreen><\/iframe><\/div>\n<\/div><\/figure>\n\n\n\n<p>Die wichtigsten Vorteile der nat\u00fcrlichen japanischen Sch\u00e4rfsteine:<\/p>\n\n\n\n<ul class=\"wp-block-list\">\n<li>Werkzeuge bleiben l\u00e4nger scharf<\/li>\n\n\n\n<li>Die Steine werden nicht mit Metallabf\u00e4llen kontaminiert<\/li>\n\n\n\n<li>Einfacher Ausbau des Absperrschiebers<\/li>\n\n\n\n<li>Eine erstaunliche Reaktion, die es Ihnen erm\u00f6glicht, genau zu sp\u00fcren, was auf der Metalloberfl\u00e4che passiert.<\/li>\n<\/ul>","protected":false},"excerpt":{"rendered":"<ul>\n<li>Geeignet zum Finishen von Rasierern, Messern und Werkzeugen.<\/li>\n<li>Abmessungen: 195x71x21 mm<\/li>\n<li>Gewicht: 740 g<\/li>\n<li>H\u00e4rte: Lv 4,5<\/li>\n<li>Ein harter, schneller Stein, der seine Aufh\u00e4ngung leicht l\u00f6st, so dass kein Nagel ben\u00f6tigt wird.<\/li>\n<li>Shobudani steht in der Hierarchie der japanischen Natursch\u00e4rfsteine an zweiter Stelle nach Nakayama und ist in Bezug auf Geschwindigkeit, Gl\u00e4tte, Feinheit und Ansprechverhalten nicht weit von Nakayama entfernt oder ihm ebenb\u00fcrtig.<\/li>\n<\/ul>","protected":false},"featured_media":1362,"comment_status":"open","ping_status":"closed","template":"","meta":[],"product_brand":[],"product_cat":[22],"product_tag":[44],"class_list":{"0":"post-833","1":"product","2":"type-product","3":"status-publish","4":"has-post-thumbnail","6":"product_cat-jnats","7":"product_tag-shobudani","8":"product_shipping_class-iprastas","10":"first","11":"outofstock","12":"shipping-taxable","13":"purchasable","14":"product-type-simple"},"_links":{"self":[{"href":"https:\/\/jnats.eu\/de\/wp-json\/wp\/v2\/product\/833","targetHints":{"allow":["GET"]}}],"collection":[{"href":"https:\/\/jnats.eu\/de\/wp-json\/wp\/v2\/product"}],"about":[{"href":"https:\/\/jnats.eu\/de\/wp-json\/wp\/v2\/types\/product"}],"replies":[{"embeddable":true,"href":"https:\/\/jnats.eu\/de\/wp-json\/wp\/v2\/comments?post=833"}],"wp:featuredmedia":[{"embeddable":true,"href":"https:\/\/jnats.eu\/de\/wp-json\/wp\/v2\/media\/1362"}],"wp:attachment":[{"href":"https:\/\/jnats.eu\/de\/wp-json\/wp\/v2\/media?parent=833"}],"wp:term":[{"taxonomy":"product_brand","embeddable":true,"href":"https:\/\/jnats.eu\/de\/wp-json\/wp\/v2\/product_brand?post=833"},{"taxonomy":"product_cat","embeddable":true,"href":"https:\/\/jnats.eu\/de\/wp-json\/wp\/v2\/product_cat?post=833"},{"taxonomy":"product_tag","embeddable":true,"href":"https:\/\/jnats.eu\/de\/wp-json\/wp\/v2\/product_tag?post=833"}],"curies":[{"name":"wp","href":"https:\/\/api.w.org\/{rel}","templated":true}]}}