{"id":837,"date":"2024-03-15T14:44:13","date_gmt":"2024-03-15T12:44:13","guid":{"rendered":"http:\/\/jnats.eu\/?post_type=product&#038;p=837"},"modified":"2024-07-03T15:50:20","modified_gmt":"2024-07-03T12:50:20","slug":"shobudani-aisa-karasu-japanischer-natur-schleifstein","status":"publish","type":"product","link":"https:\/\/jnats.eu\/de\/produkt-2\/shobudani-aisa-karasu-japanischer-natur-schleifstein\/","title":{"rendered":"Narutaki Aisa Karasu Japanischer Natur-Schleifstein"},"content":{"rendered":"<ul class=\"wp-block-list\">\n<li>Geeignet zum Finishen von Rasierern, Messern und Werkzeugen.<\/li>\n\n\n\n<li>Abmessungen: 182x63x31 mm<\/li>\n\n\n\n<li>Gewicht: 990 g<\/li>\n\n\n\n<li>H\u00e4rte: Lv 5+<\/li>\n\n\n\n<li>Sehr cool. Kann mit einem Nagel oder einer Diamantplatte beschleunigt werden.<\/li>\n\n\n\n<li>Die Aisa-Karasu-Schicht ist eine der von Liebhabern und Fachleuten am meisten gesch\u00e4tzten. <\/li>\n<\/ul>\n\n\n\n<figure class=\"wp-block-embed is-type-video is-provider-youtube wp-block-embed-youtube wp-embed-aspect-16-9 wp-has-aspect-ratio\"><div class=\"wp-block-embed__wrapper\">\n<div class=\"video-container\"><iframe title=\"Awasedo Jnats Ozuku Asagi Okudo Shobudani Karasu Kyoto Shinzen\" width=\"1170\" height=\"658\" src=\"https:\/\/www.youtube.com\/embed\/WR-t0Lxs7XY?start=399&#038;feature=oembed\" frameborder=\"0\" allow=\"accelerometer; autoplay; clipboard-write; encrypted-media; gyroscope; picture-in-picture; web-share\" allowfullscreen><\/iframe><\/div>\n<\/div><\/figure>\n\n\n\n<p>Die wichtigsten Vorteile der nat\u00fcrlichen japanischen Sch\u00e4rfsteine:<\/p>\n\n\n\n<ul class=\"wp-block-list\">\n<li>Werkzeuge bleiben l\u00e4nger scharf<\/li>\n\n\n\n<li>Die Steine werden nicht mit Metallabf\u00e4llen kontaminiert<\/li>\n\n\n\n<li>Einfacher Ausbau des Absperrschiebers<\/li>\n\n\n\n<li>Eine erstaunliche Reaktion, die es Ihnen erm\u00f6glicht, genau zu sp\u00fcren, was auf der Metalloberfl\u00e4che passiert.<\/li>\n<\/ul>","protected":false},"excerpt":{"rendered":"<p><!-- wp:list --><\/p>\n<ul><!-- wp:list-item --><\/p>\n<li>Geeignet zum Finishen von Rasierern, Messern und Werkzeugen.<\/li>\n<p><!-- \/wp:list-item --><\/p>\n<p><!-- wp:list-item --><\/p>\n<li>Abmessungen: 182x63x31 mm<\/li>\n<p><!-- \/wp:list-item --><\/p>\n<p><!-- wp:list-item --><\/p>\n<li>Gewicht: 990 g<\/li>\n<p><!-- \/wp:list-item --><\/p>\n<p><!-- wp:list-item --><\/p>\n<li>H\u00e4rte: Lv 5+<\/li>\n<p><!-- \/wp:list-item --><\/p>\n<p><!-- wp:list-item --><\/p>\n<li>Sehr cool. Kann mit einem Nagel oder einer Diamantplatte beschleunigt werden.<\/li>\n<p><!-- \/wp:list-item --><\/p>\n<p><!-- wp:list-item --><\/p>\n<li>Die Aisa-Karasu-Schicht ist eine der von Liebhabern und Fachleuten am meisten gesch\u00e4tzten.\u00a0<\/li>\n<p><!-- \/wp:list-item --><\/ul>\n<p><!-- \/wp:list --><\/p>","protected":false},"featured_media":1365,"comment_status":"open","ping_status":"closed","template":"","meta":[],"product_brand":[],"product_cat":[22],"product_tag":[57,146],"class_list":{"0":"post-837","1":"product","2":"type-product","3":"status-publish","4":"has-post-thumbnail","6":"product_cat-jnats","7":"product_tag-karasu","8":"product_tag-narutaki","9":"product_shipping_class-iprastas","11":"first","12":"outofstock","13":"shipping-taxable","14":"purchasable","15":"product-type-simple"},"_links":{"self":[{"href":"https:\/\/jnats.eu\/de\/wp-json\/wp\/v2\/product\/837","targetHints":{"allow":["GET"]}}],"collection":[{"href":"https:\/\/jnats.eu\/de\/wp-json\/wp\/v2\/product"}],"about":[{"href":"https:\/\/jnats.eu\/de\/wp-json\/wp\/v2\/types\/product"}],"replies":[{"embeddable":true,"href":"https:\/\/jnats.eu\/de\/wp-json\/wp\/v2\/comments?post=837"}],"wp:featuredmedia":[{"embeddable":true,"href":"https:\/\/jnats.eu\/de\/wp-json\/wp\/v2\/media\/1365"}],"wp:attachment":[{"href":"https:\/\/jnats.eu\/de\/wp-json\/wp\/v2\/media?parent=837"}],"wp:term":[{"taxonomy":"product_brand","embeddable":true,"href":"https:\/\/jnats.eu\/de\/wp-json\/wp\/v2\/product_brand?post=837"},{"taxonomy":"product_cat","embeddable":true,"href":"https:\/\/jnats.eu\/de\/wp-json\/wp\/v2\/product_cat?post=837"},{"taxonomy":"product_tag","embeddable":true,"href":"https:\/\/jnats.eu\/de\/wp-json\/wp\/v2\/product_tag?post=837"}],"curies":[{"name":"wp","href":"https:\/\/api.w.org\/{rel}","templated":true}]}}