{"id":855,"date":"2024-03-16T10:16:58","date_gmt":"2024-03-16T08:16:58","guid":{"rendered":"http:\/\/jnats.eu\/?post_type=product&#038;p=855"},"modified":"2025-04-09T14:33:27","modified_gmt":"2025-04-09T11:33:27","slug":"nakayama-awasedo-japanischer-natur-schleifstein","status":"publish","type":"product","link":"https:\/\/jnats.eu\/de\/produkt-2\/nakayama-awasedo-japanischer-natur-schleifstein\/","title":{"rendered":"Nakayama Awasedo Japanischer Natur-Schleifstein"},"content":{"rendered":"<ul class=\"wp-block-list\">\n<li>Geeignet zum Finishen von Rasierern, Messern und Werkzeugen.<\/li>\n\n\n\n<li>Abmessungen: 198x72x27 mm<\/li>\n\n\n\n<li>Gewicht mit St\u00e4nder: 1090 g<\/li>\n\n\n\n<li>H\u00e4rte: Lv 5+<\/li>\n\n\n\n<li>Ein sehr harter Stein. Die Arbeit kann mit einem Nagel oder einer Diamantplatte beschleunigt werden.<\/li>\n\n\n\n<li>Der in den Nakayama-Bergen abgebaute Schleifstein wird von Liebhabern und Profis am meisten gesch\u00e4tzt. In der Hierarchie der japanischen Natursch\u00e4rfsteine steht der Nakayama in Bezug auf alle Eigenschaften an erster Stelle: Geschwindigkeit, Gl\u00e4tte, Feinheit und Reaktion.<\/li>\n<\/ul>\n\n\n\n<p>Die wichtigsten Vorteile der nat\u00fcrlichen japanischen Sch\u00e4rfsteine:<\/p>\n\n\n\n<ul class=\"wp-block-list\">\n<li>Werkzeuge bleiben l\u00e4nger scharf<\/li>\n\n\n\n<li>Die Steine werden nicht mit Metallabf\u00e4llen kontaminiert<\/li>\n\n\n\n<li>Einfacher Ausbau des Absperrschiebers<\/li>\n\n\n\n<li>Eine erstaunliche Reaktion, die es Ihnen erm\u00f6glicht, genau zu sp\u00fcren, was auf der Metalloberfl\u00e4che passiert.<\/li>\n<\/ul>\n\n\n\n<figure class=\"wp-block-embed is-type-video is-provider-youtube wp-block-embed-youtube wp-embed-aspect-16-9 wp-has-aspect-ratio\"><div class=\"wp-block-embed__wrapper\">\n<div class=\"video-container\"><iframe title=\"Neues Kinmoji Kamisori Nakayama Awasedo\" width=\"1170\" height=\"658\" src=\"https:\/\/www.youtube.com\/embed\/SQeigg5Fprs?feature=oembed\" frameborder=\"0\" allow=\"accelerometer; autoplay; clipboard-write; encrypted-media; gyroscope; picture-in-picture; web-share\" referrerpolicy=\"strict-origin-when-cross-origin\" allowfullscreen><\/iframe><\/div>\n<\/div><\/figure>","protected":false},"excerpt":{"rendered":"<ul>\n<li>Geeignet zum Finishen von Rasierern, Messern und Werkzeugen.<\/li>\n<li>Abmessungen: 198x72x27 mm<\/li>\n<li>Gewicht mit St\u00e4nder: 1090 g<\/li>\n<li>H\u00e4rte: Lv 5+<\/li>\n<li>Ein sehr harter Stein. Die Arbeit kann mit einem Nagel oder einer Diamantplatte beschleunigt werden.<\/li>\n<li>Der in den Nakayama-Bergen abgebaute Schleifstein wird von Liebhabern und Profis am meisten gesch\u00e4tzt. In der Hierarchie der japanischen Natursch\u00e4rfsteine steht der Nakayama in Bezug auf alle Eigenschaften an erster Stelle: Geschwindigkeit, Gl\u00e4tte, Feinheit und Reaktion.<\/li>\n<\/ul>","protected":false},"featured_media":1292,"comment_status":"open","ping_status":"closed","template":"","meta":[],"product_brand":[],"product_cat":[22],"product_tag":[40,49],"class_list":{"0":"post-855","1":"product","2":"type-product","3":"status-publish","4":"has-post-thumbnail","6":"product_cat-jnats","7":"product_tag-awasedo","8":"product_tag-nakayama","9":"product_shipping_class-iprastas","11":"first","12":"outofstock","13":"sale","14":"shipping-taxable","15":"purchasable","16":"product-type-simple"},"_links":{"self":[{"href":"https:\/\/jnats.eu\/de\/wp-json\/wp\/v2\/product\/855","targetHints":{"allow":["GET"]}}],"collection":[{"href":"https:\/\/jnats.eu\/de\/wp-json\/wp\/v2\/product"}],"about":[{"href":"https:\/\/jnats.eu\/de\/wp-json\/wp\/v2\/types\/product"}],"replies":[{"embeddable":true,"href":"https:\/\/jnats.eu\/de\/wp-json\/wp\/v2\/comments?post=855"}],"wp:featuredmedia":[{"embeddable":true,"href":"https:\/\/jnats.eu\/de\/wp-json\/wp\/v2\/media\/1292"}],"wp:attachment":[{"href":"https:\/\/jnats.eu\/de\/wp-json\/wp\/v2\/media?parent=855"}],"wp:term":[{"taxonomy":"product_brand","embeddable":true,"href":"https:\/\/jnats.eu\/de\/wp-json\/wp\/v2\/product_brand?post=855"},{"taxonomy":"product_cat","embeddable":true,"href":"https:\/\/jnats.eu\/de\/wp-json\/wp\/v2\/product_cat?post=855"},{"taxonomy":"product_tag","embeddable":true,"href":"https:\/\/jnats.eu\/de\/wp-json\/wp\/v2\/product_tag?post=855"}],"curies":[{"name":"wp","href":"https:\/\/api.w.org\/{rel}","templated":true}]}}