{"id":870,"date":"2024-03-16T10:41:10","date_gmt":"2024-03-16T08:41:10","guid":{"rendered":"http:\/\/jnats.eu\/?post_type=product&#038;p=870"},"modified":"2024-11-28T23:41:07","modified_gmt":"2024-11-28T21:41:07","slug":"aiwatani-japanischer-naturscharfstein-2","status":"publish","type":"product","link":"https:\/\/jnats.eu\/de\/produkt-2\/aiwatani-japanischer-naturscharfstein-2\/","title":{"rendered":"Aiwatani Japanischer Natursch\u00e4rfstein"},"content":{"rendered":"<ul class=\"wp-block-list\">\n<li>Geeignet f\u00fcr die Endbearbeitung von Messern und Werkzeugen. Prefinish f\u00fcr Rasiermesser.<\/li>\n\n\n\n<li>Abmessungen: 220x81x38 mm<\/li>\n\n\n\n<li>Gewicht mit St\u00e4nder: 1890 g<\/li>\n\n\n\n<li>H\u00e4rte: Lv 3.7<\/li>\n\n\n\n<li>Seiten und St\u00e4nder lackiert<\/li>\n<\/ul>\n\n\n\n<p><strong>Die wichtigsten Vorteile der nat\u00fcrlichen japanischen Sch\u00e4rfsteine:<\/strong><\/p>\n\n\n\n<ul class=\"wp-block-list\">\n<li>Werkzeuge bleiben l\u00e4nger scharf<\/li>\n\n\n\n<li>Die Steine werden nicht mit Metallabf\u00e4llen kontaminiert<\/li>\n\n\n\n<li>Einfacher Ausbau des Absperrschiebers<\/li>\n\n\n\n<li>Eine erstaunliche Reaktion, die es Ihnen erm\u00f6glicht, genau zu sp\u00fcren, was auf der Metalloberfl\u00e4che passiert.<\/li>\n<\/ul>\n\n\n\n<figure class=\"wp-block-embed is-type-video is-provider-youtube wp-block-embed-youtube wp-embed-aspect-16-9 wp-has-aspect-ratio\"><div class=\"wp-block-embed__wrapper\">\n<div class=\"video-container\"><iframe title=\"Nakayama Awasedo, Ohira, Shobudani Jnats\" width=\"1170\" height=\"658\" src=\"https:\/\/www.youtube.com\/embed\/lP9TjJLP2BI?feature=oembed\" frameborder=\"0\" allow=\"accelerometer; autoplay; clipboard-write; encrypted-media; gyroscope; picture-in-picture; web-share\" referrerpolicy=\"strict-origin-when-cross-origin\" allowfullscreen><\/iframe><\/div>\n<\/div><\/figure>","protected":false},"excerpt":{"rendered":"<p><!-- wp:list --><\/p>\n<ul><!-- wp:list-item --><\/p>\n<li>Geeignet f\u00fcr die Endbearbeitung von Messern und Werkzeugen. Prefinish f\u00fcr Rasiermesser.<\/li>\n<p><!-- \/wp:list-item --><\/p>\n<p><!-- wp:list-item --><\/p>\n<li>Abmessungen: 220x81x38 mm<\/li>\n<p><!-- \/wp:list-item --><\/p>\n<p><!-- wp:list-item --><\/p>\n<li>Gewicht mit St\u00e4nder: 1890 g<\/li>\n<p><!-- \/wp:list-item --><\/p>\n<p><!-- wp:list-item --><\/p>\n<li>H\u00e4rte: Lv 3.7<\/li>\n<li>Die Aufh\u00e4ngung l\u00e4sst sich leicht l\u00f6sen.<\/li>\n<\/ul>","protected":false},"featured_media":1275,"comment_status":"open","ping_status":"closed","template":"","meta":[],"product_brand":[],"product_cat":[22],"product_tag":[65],"class_list":{"0":"post-870","1":"product","2":"type-product","3":"status-publish","4":"has-post-thumbnail","6":"product_cat-jnats","7":"product_tag-aiwatani","8":"product_shipping_class-iprastas","10":"first","11":"outofstock","12":"shipping-taxable","13":"purchasable","14":"product-type-simple"},"_links":{"self":[{"href":"https:\/\/jnats.eu\/de\/wp-json\/wp\/v2\/product\/870","targetHints":{"allow":["GET"]}}],"collection":[{"href":"https:\/\/jnats.eu\/de\/wp-json\/wp\/v2\/product"}],"about":[{"href":"https:\/\/jnats.eu\/de\/wp-json\/wp\/v2\/types\/product"}],"replies":[{"embeddable":true,"href":"https:\/\/jnats.eu\/de\/wp-json\/wp\/v2\/comments?post=870"}],"wp:featuredmedia":[{"embeddable":true,"href":"https:\/\/jnats.eu\/de\/wp-json\/wp\/v2\/media\/1275"}],"wp:attachment":[{"href":"https:\/\/jnats.eu\/de\/wp-json\/wp\/v2\/media?parent=870"}],"wp:term":[{"taxonomy":"product_brand","embeddable":true,"href":"https:\/\/jnats.eu\/de\/wp-json\/wp\/v2\/product_brand?post=870"},{"taxonomy":"product_cat","embeddable":true,"href":"https:\/\/jnats.eu\/de\/wp-json\/wp\/v2\/product_cat?post=870"},{"taxonomy":"product_tag","embeddable":true,"href":"https:\/\/jnats.eu\/de\/wp-json\/wp\/v2\/product_tag?post=870"}],"curies":[{"name":"wp","href":"https:\/\/api.w.org\/{rel}","templated":true}]}}