{"id":20,"date":"2024-02-15T13:36:39","date_gmt":"2024-02-15T11:36:39","guid":{"rendered":"http:\/\/jnats.eu\/?page_id=20"},"modified":"2024-05-01T12:57:35","modified_gmt":"2024-05-01T09:57:35","slug":"reembolso_devoluciones","status":"publish","type":"page","link":"https:\/\/jnats.eu\/es\/reembolso_devoluciones\/","title":{"rendered":"T\u00e9rminos y condiciones de compra"},"content":{"rendered":"<h2 class=\"wp-block-heading\">Entrega de bienes<\/h2>\n\n\n\n<p>Entregamos la mercanc\u00eda a trav\u00e9s de nuestro mensajero elegido a la direcci\u00f3n especificada por el comprador durante el pedido o a una oficina de correos. Enviamos la mercanc\u00eda dentro de 1-2 d\u00edas h\u00e1biles.<\/p>\n\n\n\n<p>Condiciones preliminares para la entrega de mercanc\u00edas:<\/p>\n\n\n\n<ul class=\"wp-block-list\">\n<li>En Lituania: 1-3 d\u00edas laborables<\/li>\n\n\n\n<li>En Europa: 3-15 d\u00edas laborables<\/li>\n\n\n\n<li>Resto del mundo: 10-40 d\u00edas laborables.<\/li>\n<\/ul>\n\n\n\n<h2 class=\"wp-block-heading\">Precio de entrega<\/h2>\n\n\n\n<p>Precio de entrega dependiendo del peso:<\/p>\n\n\n\n<ul class=\"wp-block-list\">\n<li>En Lituania - desde 1,7\u20ac<\/li>\n\n\n\n<li>En Europa: desde 8,3\u20ac<\/li>\n\n\n\n<li>Resto del mundo: desde 9,8\u20ac<\/li>\n<\/ul>\n\n\n\n<p>Tambi\u00e9n ofrecemos env\u00edo gratuito por encima de un determinado monto del carrito, que est\u00e1 sujeto a cambios sin previo aviso.<\/p>\n\n\n\n<p>El mensajero entregar\u00e1 los paquetes de hasta 30 kg en la m\u00e1quina postal, directamente en la puerta de la casa o apartamento. Tenga en cuenta que el paquete no ser\u00e1 transportado a espacios o habitaciones internas, como habitaciones, balcones o patios.<\/p>\n\n\n\n<p>El mensajero entregar\u00e1 los paquetes que pesen m\u00e1s de 30 kg \u00fanicamente en la puerta de la casa o en las escaleras del edificio de apartamentos y ayudar\u00e1 a descargarlos del veh\u00edculo. Tenga en cuenta que el paquete no ser\u00e1 entregado en la puerta de la casa\/apartamento ni llevado a espacios o habitaciones internas.<\/p>\n\n\n\n<p><strong><em>Los compradores fuera de la UE asumen toda la responsabilidad por posibles impuestos de importaci\u00f3n y otros impuestos.<\/em><\/strong><\/p>\n\n\n\n<h2 class=\"wp-block-heading\"><strong>Reembolsos y reembolsos<\/strong><\/h2>\n\n\n\n<p>Los productos se pueden devolver dentro de los 30 d\u00edas siguientes a la fecha de recepci\u00f3n. Si han pasado m\u00e1s de 30 d\u00edas desde que recibi\u00f3 los art\u00edculos, no podemos ofrecerle un reembolso completo o cambio, excepto para productos nuevos con defectos de f\u00e1brica.<\/p>\n\n\n\n<p>Para ser elegible para una devoluci\u00f3n, el art\u00edculo debe estar en las mismas condiciones en que lo recibi\u00f3. Tambi\u00e9n deber\u00e1 estar en el embalaje original, si estuviera en el embalaje original. Necesitamos su n\u00famero de pedido, estado de cuenta del giro postal u otra prueba para iniciar una devoluci\u00f3n.<\/p>\n\n\n\n<p>No devuelva su compra al fabricante.<\/p>\n\n\n\n<p><strong>Hay determinadas situaciones en las que s\u00f3lo se devuelve una parte del dinero:<\/strong><\/p>\n\n\n\n<ul class=\"wp-block-list\">\n<li>El producto presenta signos evidentes de uso o da\u00f1os<\/li>\n\n\n\n<li>Cualquier art\u00edculo que no est\u00e9 en su estado original, est\u00e9 da\u00f1ado o le falten piezas por causas ajenas a nuestra culpa.<\/li>\n<\/ul>\n\n\n\n<p>Una vez que su devoluci\u00f3n haya sido recibida y verificada, le enviaremos un correo electr\u00f3nico. una carta inform\u00e1ndole que hemos recibido el art\u00edculo devuelto. Tambi\u00e9n le notificaremos la aprobaci\u00f3n o rechazo de su reembolso. Si se aprueba la solicitud, los fondos se procesar\u00e1n dentro de los 10 d\u00edas y se devolver\u00e1n a la cuenta especificada por usted.<\/p>\n\n\n\n<h2 class=\"wp-block-heading\">Fondos retrasados o no reembolsados<\/h2>\n\n\n\n<ul class=\"wp-block-list\">\n<li>Si a\u00fan no ha recibido su dinero, compruebe primero de nuevo su cuenta bancaria.<\/li>\n\n\n\n<li>Luego comun\u00edquese con la empresa que emiti\u00f3 la tarjeta de cr\u00e9dito o la factura. Puede pasar alg\u00fan tiempo antes de que se anuncie oficialmente el reembolso.<\/li>\n\n\n\n<li>A continuaci\u00f3n, p\u00f3ngase en contacto con su banco. Suele pasar alg\u00fan tiempo hasta que se devuelven los fondos.<\/li>\n\n\n\n<li>Si ha hecho todo esto y a\u00fan no ha recibido su dinero, p\u00f3ngase en contacto con nosotros en: <a href=\"mailto:info@jnats.eu\">info@jnats.eu<\/a><\/li>\n<\/ul>\n\n\n\n<p>S\u00f3lo se reembolsar\u00e1n los productos normales. Los bienes virtuales (descuentos, cheques regalo, etc.) no son reembolsables.<\/p>\n\n\n\n<p><strong>Cambia<\/strong><br>S\u00f3lo cambiamos art\u00edculos que no est\u00e9n da\u00f1ados o rotos por usted. Si necesita cambiarlo por el mismo art\u00edculo, env\u00edenos un correo electr\u00f3nico a <a href=\"mailto:info@jnats.eu\">info@jnats.eu<\/a> y enviar el producto a la direcci\u00f3n: Eugenijus Mockaitis, Jurbarkas, Lauko 2-17, Lituania.<\/p>\n\n\n\n<p><strong>Regalos<\/strong><br>Si el art\u00edculo se marc\u00f3 como regalo en el momento de la compra y se le envi\u00f3 directamente, recibir\u00e1 un cr\u00e9dito de regalo equivalente al valor de la devoluci\u00f3n. Una vez recibido el art\u00edculo devuelto, se le enviar\u00e1 un vale regalo.<\/p>\n\n\n\n<p>Si el art\u00edculo no estaba marcado como regalo cuando usted lo compr\u00f3, o si el donante se hab\u00eda enviado el pedido a s\u00ed mismo para d\u00e1rselo m\u00e1s tarde, le devolveremos el dinero al donante y \u00e9ste tendr\u00e1 conocimiento de su devoluci\u00f3n.<\/p>\n\n\n\n<p><strong>Devoluci\u00f3n del producto<\/strong><br>Si desea devolver el producto, deber\u00e1 enviarlo a Eugenijus Mockaitis, Jurbarkas, Lauko 2-17, Lituania.<\/p>\n\n\n\n<p>Los gastos de env\u00edo derivados de la devoluci\u00f3n correr\u00e1n por su cuenta. Los gastos de env\u00edo no son reembolsables. En caso de reembolso, los gastos de env\u00edo de la devoluci\u00f3n se deducir\u00e1n del reembolso.<\/p>\n\n\n\n<p>Dependiendo de d\u00f3nde viva, el tiempo que tarda en llegarle el producto sustituido puede variar.<\/p>\n\n\n\n<p>Si va a devolver art\u00edculos m\u00e1s caros, le recomendamos que utilice un servicio de env\u00edo con seguimiento o que contrate un seguro de env\u00edo. No garantizamos la recepci\u00f3n del art\u00edculo devuelto.<\/p>\n\n\n\n<p><strong>\u00bfNecesita ayuda?<\/strong><br>Si tiene alguna pregunta sobre devoluciones, p\u00f3ngase en contacto con nosotros en <a href=\"mailto:info@jnats.eu\">info@jnats.eu<\/a> o por tel\u00e9fono <a href=\"Tel:+37064444623\">+370 644 44623<\/a>.<\/p>","protected":false},"excerpt":{"rendered":"<p>Entrega de la mercanc\u00eda Entregamos la mercanc\u00eda mediante nuestro servicio de mensajer\u00eda elegido a la direcci\u00f3n especificada por el comprador durante el pedido o a una oficina de correos. Enviamos la mercanc\u00eda dentro de 1-2 d\u00edas h\u00e1biles. Tiempos de entrega estimados: Costo de env\u00edo Costo de env\u00edo seg\u00fan el peso: Tambi\u00e9n ofrecemos env\u00edo gratuito por encima de un cierto monto del carrito, que est\u00e1 sujeto a cambios sin previo aviso. Los paquetes que pesen hasta 30 kg se env\u00edan por mensajer\u00eda [...]<\/p>","protected":false},"author":1,"featured_media":0,"parent":0,"menu_order":0,"comment_status":"closed","ping_status":"closed","template":"","meta":{"footnotes":""},"class_list":["post-20","page","type-page","status-publish","hentry"],"_links":{"self":[{"href":"https:\/\/jnats.eu\/es\/wp-json\/wp\/v2\/pages\/20","targetHints":{"allow":["GET"]}}],"collection":[{"href":"https:\/\/jnats.eu\/es\/wp-json\/wp\/v2\/pages"}],"about":[{"href":"https:\/\/jnats.eu\/es\/wp-json\/wp\/v2\/types\/page"}],"author":[{"embeddable":true,"href":"https:\/\/jnats.eu\/es\/wp-json\/wp\/v2\/users\/1"}],"replies":[{"embeddable":true,"href":"https:\/\/jnats.eu\/es\/wp-json\/wp\/v2\/comments?post=20"}],"version-history":[{"count":0,"href":"https:\/\/jnats.eu\/es\/wp-json\/wp\/v2\/pages\/20\/revisions"}],"wp:attachment":[{"href":"https:\/\/jnats.eu\/es\/wp-json\/wp\/v2\/media?parent=20"}],"curies":[{"name":"wp","href":"https:\/\/api.w.org\/{rel}","templated":true}]}}