{"id":110,"date":"2024-02-21T11:44:46","date_gmt":"2024-02-21T09:44:46","guid":{"rendered":"http:\/\/jnats.eu\/?post_type=product&#038;p=110"},"modified":"2025-09-19T08:00:46","modified_gmt":"2025-09-19T05:00:46","slug":"piedra-de-brunir-japonesa-natural-awasedo-iromono","status":"publish","type":"product","link":"https:\/\/jnats.eu\/es\/producto-2\/piedra-de-brunir-japonesa-natural-awasedo-iromono\/","title":{"rendered":"Awasedo Iromono Piedra de afilar japonesa natural"},"content":{"rendered":"<ul class=\"wp-block-list\">\n<li><strong>Dureza: Lv 4<\/strong><\/li>\n\n\n\n<li><strong>Dimensiones: 198x72x25<\/strong> mm<\/li>\n\n\n\n<li><strong>Peso (con soporte): 1048 g.<\/strong><\/li>\n\n\n\n<li><strong>Desventajas: la l\u00ednea de la esquina es m\u00e1s rugosa que el resto de la superficie, pero puede evitarse f\u00e1cilmente.<\/strong><\/li>\n<\/ul>\n\n\n\n<p>Las piedras de afilar japonesas naturales son la elecci\u00f3n perfecta tanto para chefs profesionales como para otros productores de alimentos que se esfuerzan por obtener resultados de la m\u00e1xima calidad en la cocina.<\/p>\n\n\n\n<p>La piedra japonesa se valora por su estructura especial, que confiere a la hoja excelentes propiedades de afilado. Los artesanos japoneses la valoran por su especial equilibrio entre densidad de grano y suavidad, que permite que el cuchillo permanezca afilado durante m\u00e1s tiempo. Adem\u00e1s, el proceso de afilado es m\u00e1s sencillo, ya que las piedras naturales no permiten la formaci\u00f3n de rebabas, a diferencia de las sint\u00e9ticas.<\/p>\n\n\n\n<p>La superficie de esta piedra es razonablemente lisa y uniforme, por lo que puede estar seguro de que su cuchillo se afilar\u00e1 uniformemente de principio a fin.<\/p>\n\n\n\n<p>Adem\u00e1s de para afilar cuchillos, esta piedra natural japonesa tambi\u00e9n puede utilizarse para afilar otras hojas, en aplicaciones como tijeras o cinceles. Es una herramienta multifuncional que enriquecer\u00e1 su equipamiento de cocina.<\/p>\n\n\n\n<p>Proporcione a su cuchillo una experiencia de afilado \u00fanica que se adapta tanto a los chefs profesionales como a los dom\u00e9sticos que buscan la m\u00e1xima calidad y un resultado perfecto.<\/p>\n\n\n\n<figure class=\"wp-block-embed is-type-video is-provider-youtube wp-block-embed-youtube wp-embed-aspect-16-9 wp-has-aspect-ratio\"><div class=\"wp-block-embed__wrapper\">\n<div class=\"video-container\"><iframe title=\"JNATS Awasedo\" width=\"1170\" height=\"658\" src=\"https:\/\/www.youtube.com\/embed\/9KOBiaxAnt8?start=20&#038;feature=oembed\" frameborder=\"0\" allow=\"accelerometer; autoplay; clipboard-write; encrypted-media; gyroscope; picture-in-picture; web-share\" allowfullscreen><\/iframe><\/div>\n<\/div><\/figure>","protected":false},"excerpt":{"rendered":"<p><!-- wp:list --><\/p>\n<ul><!-- wp:list-item --><\/p>\n<li><strong>Dureza: Lv 4<\/strong><\/li>\n<p><!-- \/wp:list-item --><\/p>\n<p><!-- wp:list-item --><\/p>\n<li><strong>Dimensiones: 198x72x25 mm<\/strong><\/li>\n<p><!-- \/wp:list-item --><\/p>\n<p><!-- wp:list-item --><\/p>\n<li><strong>Peso (con soporte): 1048 g.<\/strong><\/li>\n<p><!-- \/wp:list-item --><\/p>\n<p><!-- wp:list-item --><\/p>\n<li><strong>Desventajas: la l\u00ednea de la esquina es m\u00e1s rugosa que el resto de la superficie, pero puede evitarse f\u00e1cilmente.<\/strong><\/li>\n<p><!-- \/wp:list-item --><\/ul>\n<p><!-- \/wp:list --><\/p>","protected":false},"featured_media":1204,"comment_status":"open","ping_status":"closed","template":"","meta":[],"product_brand":[],"product_cat":[22],"product_tag":[40,41],"class_list":{"0":"post-110","1":"product","2":"type-product","3":"status-publish","4":"has-post-thumbnail","6":"product_cat-jnats","7":"product_tag-awasedo","8":"product_tag-iromono","9":"product_shipping_class-iprastas","11":"first","12":"outofstock","13":"sale","14":"shipping-taxable","15":"purchasable","16":"product-type-simple"},"_links":{"self":[{"href":"https:\/\/jnats.eu\/es\/wp-json\/wp\/v2\/product\/110","targetHints":{"allow":["GET"]}}],"collection":[{"href":"https:\/\/jnats.eu\/es\/wp-json\/wp\/v2\/product"}],"about":[{"href":"https:\/\/jnats.eu\/es\/wp-json\/wp\/v2\/types\/product"}],"replies":[{"embeddable":true,"href":"https:\/\/jnats.eu\/es\/wp-json\/wp\/v2\/comments?post=110"}],"wp:featuredmedia":[{"embeddable":true,"href":"https:\/\/jnats.eu\/es\/wp-json\/wp\/v2\/media\/1204"}],"wp:attachment":[{"href":"https:\/\/jnats.eu\/es\/wp-json\/wp\/v2\/media?parent=110"}],"wp:term":[{"taxonomy":"product_brand","embeddable":true,"href":"https:\/\/jnats.eu\/es\/wp-json\/wp\/v2\/product_brand?post=110"},{"taxonomy":"product_cat","embeddable":true,"href":"https:\/\/jnats.eu\/es\/wp-json\/wp\/v2\/product_cat?post=110"},{"taxonomy":"product_tag","embeddable":true,"href":"https:\/\/jnats.eu\/es\/wp-json\/wp\/v2\/product_tag?post=110"}],"curies":[{"name":"wp","href":"https:\/\/api.w.org\/{rel}","templated":true}]}}