{"id":117,"date":"2024-02-21T11:57:24","date_gmt":"2024-02-21T09:57:24","guid":{"rendered":"http:\/\/jnats.eu\/?post_type=product&#038;p=117"},"modified":"2024-08-19T23:02:13","modified_gmt":"2024-08-19T20:02:13","slug":"shobudani-mizu-asagi-una-piedra-de-afilar-natural-japonesa","status":"publish","type":"product","link":"https:\/\/jnats.eu\/es\/producto-2\/shobudani-mizu-asagi-una-piedra-de-afilar-natural-japonesa\/","title":{"rendered":"Shobudani Mizu Asagi Piedra de Afilar Japonesa Natural"},"content":{"rendered":"<ul class=\"wp-block-list\">\n<li><strong>Dureza: Lv 4<\/strong><\/li>\n\n\n\n<li><strong>Dimensiones: 198x70x22 mm<\/strong><\/li>\n\n\n\n<li><strong>Peso: 772 gramos.<\/strong><\/li>\n\n\n\n<li><strong>Adecuado para el acabado de cuchillos de acero al carbono, tijeras, herramientas de carpinter\u00eda, navajas, etc.<\/strong><\/li>\n<\/ul>\n\n\n\n<p>La piedra de afilar japonesa natural Shobudani Mizu Asagi es una herramienta excepcional con una estructura ultrafina que permite conseguir un afilado de la m\u00e1xima calidad. Esta piedra no es solo una herramienta pr\u00e1ctica en la cocina, sino tambi\u00e9n un tesoro art\u00edstico apreciado por un verdadero artesano. <\/p>\n\n\n\n<p>La piedra Shobudani Mizu Asagi fascina por su color y textura \u00fanicos. Su superficie est\u00e1 delicadamente modelada y presenta matices naturales multicolores que confieren a la piedra un encanto especial. Adem\u00e1s, los minerales y oligoelementos que contiene esta piedra contribuyen a la singularidad de los resultados del afilado.<\/p>\n\n\n\n<p>Esta piedra japonesa tiene la extraordinaria capacidad de crear un filo casi de navaja en una hoja de acero al carbono. Esto significa que su cuchillo recibir\u00e1 un corte extremadamente afilado que cortar\u00e1 f\u00e1cilmente a trav\u00e9s de los alimentos, manteniendo al mismo tiempo la durabilidad \u00f3ptima de la forma y el afilado del cuchillo.<\/p>\n\n\n\n<p>La piedra Shobudani Mizu Asagi no s\u00f3lo es adecuada para chefs profesionales, sino tambi\u00e9n para los entusiastas de la cocina casera que buscan el resultado de afilado perfecto. Esta piedra no s\u00f3lo garantizar\u00e1 que su cuchillo se mantenga afilado durante m\u00e1s tiempo, sino que tambi\u00e9n a\u00f1adir\u00e1 un toque distintivo a su equipo de cocina. Compre la piedra Shobudani Mizu Asagi y descubra el verdadero arte del afilado japon\u00e9s.<\/p>\n\n\n\n<figure class=\"wp-block-embed is-type-video is-provider-youtube wp-block-embed-youtube wp-embed-aspect-16-9 wp-has-aspect-ratio\"><div class=\"wp-block-embed__wrapper\">\n<div class=\"video-container\"><iframe title=\"JNATS Awasedo\" width=\"1170\" height=\"658\" src=\"https:\/\/www.youtube.com\/embed\/9KOBiaxAnt8?start=782&#038;feature=oembed\" frameborder=\"0\" allow=\"accelerometer; autoplay; clipboard-write; encrypted-media; gyroscope; picture-in-picture; web-share\" allowfullscreen><\/iframe><\/div>\n<\/div><\/figure>","protected":false},"excerpt":{"rendered":"<ul>\n<li><strong>Dureza: Lv 4<\/strong><\/li>\n<li><strong>Dimensiones: 198x70x22 mm<\/strong><\/li>\n<li><strong>Peso: 772 gramos.<\/strong><\/li>\n<li><strong>Adecuado para el acabado de cuchillos de acero al carbono, tijeras, herramientas de carpinter\u00eda, navajas, etc.<\/strong><\/li>\n<\/ul>","protected":false},"featured_media":1271,"comment_status":"open","ping_status":"closed","template":"","meta":[],"product_brand":[],"product_cat":[22],"product_tag":[45,44],"class_list":{"0":"post-117","1":"product","2":"type-product","3":"status-publish","4":"has-post-thumbnail","6":"product_cat-jnats","7":"product_tag-asagi","8":"product_tag-shobudani","9":"product_shipping_class-iprastas","11":"first","12":"outofstock","13":"sale","14":"shipping-taxable","15":"purchasable","16":"product-type-simple"},"_links":{"self":[{"href":"https:\/\/jnats.eu\/es\/wp-json\/wp\/v2\/product\/117","targetHints":{"allow":["GET"]}}],"collection":[{"href":"https:\/\/jnats.eu\/es\/wp-json\/wp\/v2\/product"}],"about":[{"href":"https:\/\/jnats.eu\/es\/wp-json\/wp\/v2\/types\/product"}],"replies":[{"embeddable":true,"href":"https:\/\/jnats.eu\/es\/wp-json\/wp\/v2\/comments?post=117"}],"wp:featuredmedia":[{"embeddable":true,"href":"https:\/\/jnats.eu\/es\/wp-json\/wp\/v2\/media\/1271"}],"wp:attachment":[{"href":"https:\/\/jnats.eu\/es\/wp-json\/wp\/v2\/media?parent=117"}],"wp:term":[{"taxonomy":"product_brand","embeddable":true,"href":"https:\/\/jnats.eu\/es\/wp-json\/wp\/v2\/product_brand?post=117"},{"taxonomy":"product_cat","embeddable":true,"href":"https:\/\/jnats.eu\/es\/wp-json\/wp\/v2\/product_cat?post=117"},{"taxonomy":"product_tag","embeddable":true,"href":"https:\/\/jnats.eu\/es\/wp-json\/wp\/v2\/product_tag?post=117"}],"curies":[{"name":"wp","href":"https:\/\/api.w.org\/{rel}","templated":true}]}}