{"id":125,"date":"2024-02-21T12:09:07","date_gmt":"2024-02-21T10:09:07","guid":{"rendered":"http:\/\/jnats.eu\/?post_type=product&#038;p=125"},"modified":"2025-09-27T14:51:41","modified_gmt":"2025-09-27T11:51:41","slug":"ohira-awasedo","status":"publish","type":"product","link":"https:\/\/jnats.eu\/es\/producto-2\/ohira-awasedo\/","title":{"rendered":"Piedra de afilar natural japonesa Ohira Nashiji Awasedo"},"content":{"rendered":"<p><br><\/p>\n\n\n\n<ul class=\"wp-block-list\">\n<li><strong>Dureza: Lv 4<\/strong><\/li>\n\n\n\n<li><strong>Dimensiones: 205x75x33 mm<\/strong><\/li>\n\n\n\n<li><strong>Peso: 1230 gramos.<\/strong><\/li>\n\n\n\n<li><strong>Adecuado para el acabado de cuchillos de acero al carbono, tijeras, ensambladoras y otras herramientas.<\/strong><\/li>\n<\/ul>\n\n\n\n<p>Ohira Awasedo es una piedra de afilar japonesa especial, apreciada por artesanos y cocineros profesionales de todo el mundo. Esta piedra se produce a partir de fuentes naturales \u00fanicas en la regi\u00f3n monta\u00f1osa de Ohira, en Jap\u00f3n, que le confieren su composici\u00f3n y propiedades especiales.<\/p>\n\n\n\n<p>Ohira Awasedo es conocida por su alto contenido en minerales y su textura especial, que le confiere un efecto de afilado de cuchillas \u00fanico. Esta piedra es especial porque contiene una variedad de minerales como talco, cuarzo y otras part\u00edculas microsc\u00f3picas que forman una superficie de afilado delicada y eficaz.<\/p>\n\n\n\n<p>Ohira Awasedo no s\u00f3lo confiere al cuchillo su excepcional afilado, sino que tambi\u00e9n ayuda a crear un efecto de pulido especial en la hoja. El resultado no es s\u00f3lo un alto nivel de afilado, sino tambi\u00e9n una superficie atractiva que confiere al cuchillo no s\u00f3lo un valor funcional de alta calidad, sino tambi\u00e9n est\u00e9tico.<\/p>\n\n\n\n<p>Esta piedra Awasedo de Ohira es adecuada tanto para profesionales como para chefs dom\u00e9sticos que buscan la m\u00e1xima calidad de afilado y excelentes resultados para sus cuchillos. Es una herramienta \u00fanica que a\u00f1adir\u00e1 valor a su cocina y proporcionar\u00e1 a su cuchillo un afilado especial y un efecto de pulido excepcional.<\/p>\n\n\n\n<figure class=\"wp-block-embed is-type-video is-provider-youtube wp-block-embed-youtube wp-embed-aspect-16-9 wp-has-aspect-ratio\"><div class=\"wp-block-embed__wrapper\">\n<div class=\"video-container\"><iframe title=\"Piedras de afilar JNATS Awasedo\" width=\"1170\" height=\"658\" src=\"https:\/\/www.youtube.com\/embed\/9KOBiaxAnt8?feature=oembed\" frameborder=\"0\" allow=\"accelerometer; autoplay; clipboard-write; encrypted-media; gyroscope; picture-in-picture; web-share\" referrerpolicy=\"strict-origin-when-cross-origin\" allowfullscreen><\/iframe><\/div>\n<\/div><\/figure>","protected":false},"excerpt":{"rendered":"<ul>\n<li><strong>Dureza: Lv 4<\/strong><\/li>\n<li><strong>Dimensiones: 205x75x33 mm<\/strong><\/li>\n<li><strong>Peso: 1230 gramos.<\/strong><\/li>\n<li><strong>Adecuado para el acabado de cuchillos de acero al carbono, tijeras, herramientas de carpinter\u00eda.<\/strong><\/li>\n<\/ul>","protected":false},"featured_media":1239,"comment_status":"open","ping_status":"closed","template":"","meta":[],"product_brand":[],"product_cat":[22],"product_tag":[40,48,47,46],"class_list":{"0":"post-125","1":"product","2":"type-product","3":"status-publish","4":"has-post-thumbnail","6":"product_cat-jnats","7":"product_tag-awasedo","8":"product_tag-nashiji","9":"product_tag-ohira","10":"product_tag-ohira-awasedo","11":"product_shipping_class-iprastas","13":"first","14":"outofstock","15":"sale","16":"shipping-taxable","17":"purchasable","18":"product-type-simple"},"_links":{"self":[{"href":"https:\/\/jnats.eu\/es\/wp-json\/wp\/v2\/product\/125","targetHints":{"allow":["GET"]}}],"collection":[{"href":"https:\/\/jnats.eu\/es\/wp-json\/wp\/v2\/product"}],"about":[{"href":"https:\/\/jnats.eu\/es\/wp-json\/wp\/v2\/types\/product"}],"replies":[{"embeddable":true,"href":"https:\/\/jnats.eu\/es\/wp-json\/wp\/v2\/comments?post=125"}],"wp:featuredmedia":[{"embeddable":true,"href":"https:\/\/jnats.eu\/es\/wp-json\/wp\/v2\/media\/1239"}],"wp:attachment":[{"href":"https:\/\/jnats.eu\/es\/wp-json\/wp\/v2\/media?parent=125"}],"wp:term":[{"taxonomy":"product_brand","embeddable":true,"href":"https:\/\/jnats.eu\/es\/wp-json\/wp\/v2\/product_brand?post=125"},{"taxonomy":"product_cat","embeddable":true,"href":"https:\/\/jnats.eu\/es\/wp-json\/wp\/v2\/product_cat?post=125"},{"taxonomy":"product_tag","embeddable":true,"href":"https:\/\/jnats.eu\/es\/wp-json\/wp\/v2\/product_tag?post=125"}],"curies":[{"name":"wp","href":"https:\/\/api.w.org\/{rel}","templated":true}]}}