{"id":1470,"date":"2024-04-12T12:00:06","date_gmt":"2024-04-12T09:00:06","guid":{"rendered":"http:\/\/jnats.eu\/?post_type=product&#038;p=1470"},"modified":"2024-11-12T10:34:54","modified_gmt":"2024-11-12T08:34:54","slug":"mizukihara-uchigumori-jnat","status":"publish","type":"product","link":"https:\/\/jnats.eu\/es\/producto-2\/mizukihara-uchigumori-jnat\/","title":{"rendered":"Mizukihara Uchigumori Flores de loto"},"content":{"rendered":"<p>Esta piedra es muy valorada por las personas que quieren pulir piedras. Bastante blando, pero la suspensi\u00f3n no se suelta mucho y mantiene bastante bien su forma. Los uchigumori no son las piedras m\u00e1s r\u00e1pidas, pero los resultados del pulido son excepcionales. Sin aumento, no se ver\u00e1n rayones obvios en la superficie de la hoja. El acero templado tendr\u00e1 un brillo maravilloso y su revestimiento deber\u00eda oscurecerse. Si bien el uchigumori puede no revelar la estructura de grano fino que podr\u00eda revelar un Suita m\u00e1s fino y duro, los resultados tienden a ser m\u00e1s predecibles y f\u00e1ciles de lograr. Con una superficie completamente alisada, podr\u00edan usarse para darle un acabado previo a navajas o herramientas, pero son m\u00e1s adecuados para pulir un cuchillo de cocina. Tambi\u00e9n se pueden utilizar para afilar y producir una hoja agresiva.<\/p>\n\n\n\n<p>La piedra est\u00e1 muy limpia con s\u00f3lo unas pocas l\u00edneas en la parte inferior que probablemente no causen ning\u00fan problema. La piedra es de color gris con puntos rojos llamados flores de loto. Estos \u00faltimos est\u00e1n presentes en toda la piedra y forman un patr\u00f3n denso conocido como renge. <\/p>\n\n\n\n<p>La superficie de piedra est\u00e1 nivelada y lista para trabajar. <\/p>\n\n\n\n<p>La mina Mizukihara (\u6c34\u6728\u539f) cerca de Ohira es bien conocida como otra fuente de uchigumori. El Mizukihara todav\u00eda se usa con moderaci\u00f3n hoy en d\u00eda.<\/p>\n\n\n\n<figure class=\"wp-block-embed is-type-video is-provider-youtube wp-block-embed-youtube wp-embed-aspect-16-9 wp-has-aspect-ratio\"><div class=\"wp-block-embed__wrapper\">\n<div class=\"video-container\"><iframe title=\"Mizukihara Uchigumori, Kizuyama, Aiwatani\" width=\"1170\" height=\"658\" src=\"https:\/\/www.youtube.com\/embed\/Uzd6FESK3iY?feature=oembed\" frameborder=\"0\" allow=\"accelerometer; autoplay; clipboard-write; encrypted-media; gyroscope; picture-in-picture; web-share\" referrerpolicy=\"strict-origin-when-cross-origin\" allowfullscreen><\/iframe><\/div>\n<\/div><\/figure>","protected":false},"excerpt":{"rendered":"<ul>\n<li>Mejor apreciado por el acabado Kasumi de la hoja Sanmai (acero duro recubierto con una capa m\u00e1s suave).<\/li>\n<li>Adecuado para afilar cuchillos, tijeras, carpinter\u00eda y otras herramientas.<\/li>\n<li>Dimensiones: 230x85x32mm<\/li>\n<li>Peso: 1420 gramos<\/li>\n<li>Dureza: Lv 3.5<\/li>\n<li>Se caracteriza por una velocidad de trabajo media y una buena uniformidad.<\/li>\n<li>Recomendamos trabajar con agua templada, ya que el agua fr\u00eda perjudica la velocidad y la respuesta.<\/li>\n<\/ul>","protected":false},"featured_media":1471,"comment_status":"open","ping_status":"closed","template":"","meta":[],"product_brand":[],"product_cat":[22],"product_tag":[192,193],"class_list":{"0":"post-1470","1":"product","2":"type-product","3":"status-publish","4":"has-post-thumbnail","6":"product_cat-jnats","7":"product_tag-mizukihara","8":"product_tag-uchigumori","9":"product_shipping_class-iprastas","11":"first","12":"outofstock","13":"shipping-taxable","14":"purchasable","15":"product-type-simple"},"_links":{"self":[{"href":"https:\/\/jnats.eu\/es\/wp-json\/wp\/v2\/product\/1470","targetHints":{"allow":["GET"]}}],"collection":[{"href":"https:\/\/jnats.eu\/es\/wp-json\/wp\/v2\/product"}],"about":[{"href":"https:\/\/jnats.eu\/es\/wp-json\/wp\/v2\/types\/product"}],"replies":[{"embeddable":true,"href":"https:\/\/jnats.eu\/es\/wp-json\/wp\/v2\/comments?post=1470"}],"wp:featuredmedia":[{"embeddable":true,"href":"https:\/\/jnats.eu\/es\/wp-json\/wp\/v2\/media\/1471"}],"wp:attachment":[{"href":"https:\/\/jnats.eu\/es\/wp-json\/wp\/v2\/media?parent=1470"}],"wp:term":[{"taxonomy":"product_brand","embeddable":true,"href":"https:\/\/jnats.eu\/es\/wp-json\/wp\/v2\/product_brand?post=1470"},{"taxonomy":"product_cat","embeddable":true,"href":"https:\/\/jnats.eu\/es\/wp-json\/wp\/v2\/product_cat?post=1470"},{"taxonomy":"product_tag","embeddable":true,"href":"https:\/\/jnats.eu\/es\/wp-json\/wp\/v2\/product_tag?post=1470"}],"curies":[{"name":"wp","href":"https:\/\/api.w.org\/{rel}","templated":true}]}}