{"id":1488,"date":"2025-03-17T15:04:03","date_gmt":"2025-03-17T13:04:03","guid":{"rendered":"http:\/\/jnats.eu\/?post_type=product&#038;p=1488"},"modified":"2025-03-17T15:26:19","modified_gmt":"2025-03-17T13:26:19","slug":"sumi-nagashi-naturalus-japoniskas-akmuo-galandinimui","status":"publish","type":"product","link":"https:\/\/jnats.eu\/es\/producto-2\/sumi-nagashi-naturalus-japoniskas-akmuo-galandinimui\/","title":{"rendered":"Piedra de afilar japonesa Aiwatani Suminagashi Natural"},"content":{"rendered":"<p>Aiwatani es una piedra de afilar natural japonesa de alta calidad para el afilado profesional y preciso de cuchillos, cinceles y otras herramientas. Extra\u00edda de aut\u00e9nticas monta\u00f1as japonesas, esta piedra tiene una estructura extremadamente fina y granos distribuidos uniformemente que garantizan un resultado de afilado perfecto.<\/p>\n\n\n\n<h3 class=\"wp-block-heading\">Caracter\u00edsticas:<\/h3>\n\n\n\n<p>\u2705 <strong>Origen natural<\/strong> - extra\u00eddo por m\u00e9todos tradicionales de las minas japonesas.<br>\u2705 <strong>Afilado preciso y eficaz<\/strong> - garantiza cuchillas afiladas con un m\u00ednimo arranque de material.<br>\u2705 <strong>Durabilidad<\/strong> - duran m\u00e1s que las piedras sint\u00e9ticas debido a su estructura densa.<br>\u2705 <strong>Universalidad<\/strong> - adecuado tanto para cuchillos como para otras herramientas de alta calidad.<\/p>\n\n\n\n<p>La piedra de afilar Aiwatani es una herramienta indispensable para cualquiera que busque precisi\u00f3n en el afilado y aut\u00e9ntica artesan\u00eda japonesa.<\/p>\n\n\n\n<figure class=\"wp-block-embed is-type-video is-provider-youtube wp-block-embed-youtube wp-embed-aspect-16-9 wp-has-aspect-ratio\"><div class=\"wp-block-embed__wrapper\">\n<div class=\"video-container\"><iframe title=\"Piedras de afilar japonesas naturales Aiwatani\" width=\"1170\" height=\"658\" src=\"https:\/\/www.youtube.com\/embed\/7KUe1vRixzw?feature=oembed\" frameborder=\"0\" allow=\"accelerometer; autoplay; clipboard-write; encrypted-media; gyroscope; picture-in-picture; web-share\" referrerpolicy=\"strict-origin-when-cross-origin\" allowfullscreen><\/iframe><\/div>\n<\/div><\/figure>","protected":false},"excerpt":{"rendered":"<p><!-- wp:list --><\/p>\n<ul><!-- wp:list-item --><\/p>\n<li>Adecuado para cuchillos de acabado, tijeras, carpinter\u00eda y otras herramientas.<\/li>\n<p><!-- \/wp:list-item --><\/p>\n<p><!-- wp:list-item --><\/p>\n<li>Dimensiones: 211x85x37 mm<\/li>\n<p><!-- \/wp:list-item --><\/p>\n<p><!-- wp:list-item --><\/p>\n<li>Peso: 1650 g<\/li>\n<p><!-- \/wp:list-item --><\/p>\n<p><!-- wp:list-item --><\/p>\n<li>Dureza: Nivel 4,5<\/li>\n<li>Las l\u00edneas son seguras<\/li>\n<p><!-- \/wp:list-item --><\/p>\n<p><!-- wp:list-item --><\/p>\n<li>Velocidad media de funcionamiento. La aceleraci\u00f3n se puede lograr con suspensi\u00f3n de clavos o una placa de diamante en bruto.<\/li>\n<li>Tapa inferior con barniz<\/li>\n<p><!-- \/wp:list-item --><\/p>\n<p><!-- wp:list-item --><\/p>\n<li>Recomendamos trabajar con agua templada, ya que el agua fr\u00eda perjudica la velocidad y la respuesta.<\/li>\n<p><!-- \/wp:list-item --><\/ul>\n<p><!-- \/wp:list --><\/p>","protected":false},"featured_media":4062,"comment_status":"open","ping_status":"closed","template":"","meta":[],"product_brand":[],"product_cat":[22],"product_tag":[65],"class_list":{"0":"post-1488","1":"product","2":"type-product","3":"status-publish","4":"has-post-thumbnail","6":"product_cat-jnats","7":"product_tag-aiwatani","8":"product_shipping_class-iprastas","10":"first","11":"instock","12":"shipping-taxable","13":"purchasable","14":"product-type-simple"},"_links":{"self":[{"href":"https:\/\/jnats.eu\/es\/wp-json\/wp\/v2\/product\/1488","targetHints":{"allow":["GET"]}}],"collection":[{"href":"https:\/\/jnats.eu\/es\/wp-json\/wp\/v2\/product"}],"about":[{"href":"https:\/\/jnats.eu\/es\/wp-json\/wp\/v2\/types\/product"}],"replies":[{"embeddable":true,"href":"https:\/\/jnats.eu\/es\/wp-json\/wp\/v2\/comments?post=1488"}],"wp:featuredmedia":[{"embeddable":true,"href":"https:\/\/jnats.eu\/es\/wp-json\/wp\/v2\/media\/4062"}],"wp:attachment":[{"href":"https:\/\/jnats.eu\/es\/wp-json\/wp\/v2\/media?parent=1488"}],"wp:term":[{"taxonomy":"product_brand","embeddable":true,"href":"https:\/\/jnats.eu\/es\/wp-json\/wp\/v2\/product_brand?post=1488"},{"taxonomy":"product_cat","embeddable":true,"href":"https:\/\/jnats.eu\/es\/wp-json\/wp\/v2\/product_cat?post=1488"},{"taxonomy":"product_tag","embeddable":true,"href":"https:\/\/jnats.eu\/es\/wp-json\/wp\/v2\/product_tag?post=1488"}],"curies":[{"name":"wp","href":"https:\/\/api.w.org\/{rel}","templated":true}]}}