{"id":152,"date":"2024-02-22T09:41:55","date_gmt":"2024-02-22T07:41:55","guid":{"rendered":"http:\/\/jnats.eu\/?post_type=product&#038;p=152"},"modified":"2024-05-02T23:31:57","modified_gmt":"2024-05-02T20:31:57","slug":"piedra-japonesa-natural-para-afilar-nakayama-kisuita","status":"publish","type":"product","link":"https:\/\/jnats.eu\/es\/producto-2\/piedra-japonesa-natural-para-afilar-nakayama-kisuita\/","title":{"rendered":"Piedra de afilar japonesa Nakayama Kisuita Natural"},"content":{"rendered":"<ul class=\"wp-block-list\">\n<li><strong>Dureza: Lv 5<\/strong><\/li>\n\n\n\n<li><strong>Dimensiones: 176x56x28 mm<\/strong><\/li>\n\n\n\n<li><strong>Peso (con soporte): 935 g.<\/strong><\/li>\n\n\n\n<li><strong>Una piedra dura con una estructura homog\u00e9nea. Las l\u00edneas son completamente seguras y no se sienten en absoluto al afilar. Sello de la Asociaci\u00f3n de Piedras Naturales de Tokio. Perfecta para el acabado de navajas, cuchillos, ebanister\u00eda y otras herramientas.&nbsp;<\/strong><\/li>\n<\/ul>\n\n\n\n<p>Nakayama es la m\u00e1s alta de las monta\u00f1as, entre las famosas por sus piedras de afilar naturales. Nakayama Kisuita es una aut\u00e9ntica piedra japonesa, extra\u00edda por expertos para proporcionar la m\u00e1s alta calidad de afilado. Esta piedra destaca no s\u00f3lo por su nobleza, sino tambi\u00e9n por su extraordinaria naturalidad y su potente rendimiento de afilado.<\/p>\n\n\n\n<p>Caracter\u00edsticas:<\/p>\n\n\n\n<ol class=\"wp-block-list\">\n<li><strong>Fuente de origen \u00fanica<\/strong>Nakayama Kisuita se extrae de una regi\u00f3n monta\u00f1osa japonesa famosa por sus extraordinarios minerales de roca. Este regalo de la naturaleza confiere a la piedra sus part\u00edculas abrasivas especiales y su textura para unos resultados de afilado superiores.<\/li>\n\n\n\n<li><strong>Granos finos<\/strong>La piedra tiene una estructura fina pero abrasiva que permite un afilado fino y preciso del cuchillo u otras hojas. Es ideal tanto para artesanos profesionales como para aficionados a la cocina dom\u00e9stica.<\/li>\n\n\n\n<li><strong>Durabilidad y resistencia al desgaste<\/strong>Nakayama Kisuita es conocida por su longevidad. Esta piedra es resistente al desgaste, por lo que puede utilizarse durante mucho tiempo sin comprometer su filo.<\/li>\n\n\n\n<li><strong>Afilado limpio y natural<\/strong>La piedra permite obtener un filo extremadamente afilado manteniendo intacta la estructura de la hoja. Esto permite un resultado de afilado perfecto con el m\u00ednimo esfuerzo.<\/li>\n<\/ol>\n\n\n\n<p>Nakayama Kisuita es una piedra con una forma distintiva y de excelente calidad que se convertir\u00e1 en una parte integral de su afilado. Es un verdadero s\u00edmbolo de la artesan\u00eda japonesa, que le permitir\u00e1 disfrutar de un corte afilado y preciso cada vez que utilice su cuchillo. Compre la Kisuita Nakayama y experimente el verdadero arte del afilado japon\u00e9s.<\/p>","protected":false},"excerpt":{"rendered":"<ul>\n<li><strong>Dureza: Lv 5<\/strong><\/li>\n<li><strong>Dimensiones: 176x56x28 mm<\/strong><\/li>\n<li><strong>Peso (con soporte): 935 g.<\/strong><\/li>\n<li><strong>Una piedra dura con una estructura homog\u00e9nea. Las l\u00edneas son completamente seguras y no se sienten en absoluto al afilar. Sello de la Asociaci\u00f3n de Piedras Naturales de Tokio. Perfecta para el acabado de navajas, cuchillos, ebanister\u00eda y otras herramientas.\u00a0<\/strong><\/li>\n<\/ul>","protected":false},"featured_media":1233,"comment_status":"open","ping_status":"closed","template":"","meta":[],"product_brand":[],"product_cat":[22],"product_tag":[49,50],"class_list":{"0":"post-152","1":"product","2":"type-product","3":"status-publish","4":"has-post-thumbnail","6":"product_cat-jnats","7":"product_tag-nakayama","8":"product_tag-suita","9":"product_shipping_class-iprastas","11":"first","12":"outofstock","13":"sale","14":"shipping-taxable","15":"purchasable","16":"product-type-simple"},"_links":{"self":[{"href":"https:\/\/jnats.eu\/es\/wp-json\/wp\/v2\/product\/152","targetHints":{"allow":["GET"]}}],"collection":[{"href":"https:\/\/jnats.eu\/es\/wp-json\/wp\/v2\/product"}],"about":[{"href":"https:\/\/jnats.eu\/es\/wp-json\/wp\/v2\/types\/product"}],"replies":[{"embeddable":true,"href":"https:\/\/jnats.eu\/es\/wp-json\/wp\/v2\/comments?post=152"}],"wp:featuredmedia":[{"embeddable":true,"href":"https:\/\/jnats.eu\/es\/wp-json\/wp\/v2\/media\/1233"}],"wp:attachment":[{"href":"https:\/\/jnats.eu\/es\/wp-json\/wp\/v2\/media?parent=152"}],"wp:term":[{"taxonomy":"product_brand","embeddable":true,"href":"https:\/\/jnats.eu\/es\/wp-json\/wp\/v2\/product_brand?post=152"},{"taxonomy":"product_cat","embeddable":true,"href":"https:\/\/jnats.eu\/es\/wp-json\/wp\/v2\/product_cat?post=152"},{"taxonomy":"product_tag","embeddable":true,"href":"https:\/\/jnats.eu\/es\/wp-json\/wp\/v2\/product_tag?post=152"}],"curies":[{"name":"wp","href":"https:\/\/api.w.org\/{rel}","templated":true}]}}