{"id":1521,"date":"2025-12-06T15:14:58","date_gmt":"2025-12-06T13:14:58","guid":{"rendered":"http:\/\/jnats.eu\/?post_type=product&#038;p=1521"},"modified":"2026-01-13T09:06:01","modified_gmt":"2026-01-13T07:06:01","slug":"ohira-uchigumori-flores-de-loto-jnat","status":"publish","type":"product","link":"https:\/\/jnats.eu\/es\/producto-2\/ohira-uchigumori-flores-de-loto-jnat\/","title":{"rendered":"Ohira Uchigumori Flores de loto Jnat"},"content":{"rendered":"<figure class=\"wp-block-embed is-type-video is-provider-youtube wp-block-embed-youtube wp-embed-aspect-9-16 wp-has-aspect-ratio\"><div class=\"wp-block-embed__wrapper\">\n<div class=\"video-container\"><iframe title=\"Ohira Uchigumori Jnats para Kasumi Finish\" width=\"563\" height=\"1000\" src=\"https:\/\/www.youtube.com\/embed\/33wKR1XYyac?feature=oembed\" frameborder=\"0\" allow=\"accelerometer; autoplay; clipboard-write; encrypted-media; gyroscope; picture-in-picture; web-share\" referrerpolicy=\"strict-origin-when-cross-origin\" allowfullscreen><\/iframe><\/div>\n<\/div><\/figure>\n\n\n\n<p>Esta piedra es muy valorada por las personas que utilizan piedras para pulir. Bastante blando, pero la suspensi\u00f3n no se suelta mucho y mantiene bastante bien su forma. Los uchigumori no son las piedras m\u00e1s r\u00e1pidas, pero los resultados del pulido son realmente excepcionales. Sin una lupa, no se ver\u00e1n rayones evidentes en la superficie de la hoja. El acero templado tendr\u00e1 un brillo maravilloso y su revestimiento deber\u00eda oscurecerse. Si bien el uchigumori puede no revelar la estructura de grano fino del acero como lo har\u00eda un Suita m\u00e1s fino y duro, los resultados tienden a ser m\u00e1s predecibles y m\u00e1s f\u00e1ciles de lograr. Con una superficie completamente alisada, se pueden usar para dar acabado previo a navajas o herramientas, pero son m\u00e1s adecuados para pulir cuchillos de cocina. Tambi\u00e9n se pueden utilizar para afilar y dar un corte bastante agresivo.<\/p>\n\n\n\n<p>Las piedras est\u00e1n razonablemente limpias y s\u00f3lo hay algunas l\u00edneas que probablemente no causen problemas. La piedra es gris con puntos rojos llamados flores de loto. Estos \u00faltimos est\u00e1n por toda la piedra y forman un patr\u00f3n denso conocido como renge.<\/p>\n\n\n\n<p>Casi toda la superficie de las piedras ha sido alisada y preparada para el trabajo.<\/p>","protected":false},"excerpt":{"rendered":"<ol>\n<li>Aproximadamente 134x55x35 mm. 795 g\u00a0<\/li>\n<li>187x61x37 mm. 1065 g<\/li>\n<\/ol>\n<ul>\n<li>El Ohira Uchigumori es muy apreciado por el acabado Kasumi de la hoja Sanmai (acero duro recubierto de una capa m\u00e1s blanda), que resalta la diferencia entre las capas dura y blanda.<\/li>\n<li>Adecuado para afilar cuchillos, tijeras, carpinter\u00eda y otras herramientas.<\/li>\n<li>Dureza: Lv 3.5<\/li>\n<li>Se caracteriza por una velocidad de trabajo media y una buena uniformidad.<\/li>\n<li>Recomendamos trabajar con agua templada, ya que el agua fr\u00eda perjudica la velocidad y la respuesta.<\/li>\n<\/ul>","protected":false},"featured_media":5503,"comment_status":"open","ping_status":"closed","template":"","meta":[],"product_brand":[],"product_cat":[22],"product_tag":[47,193],"class_list":{"0":"post-1521","1":"product","2":"type-product","3":"status-publish","4":"has-post-thumbnail","6":"product_cat-jnats","7":"product_tag-ohira","8":"product_tag-uchigumori","9":"product_shipping_class-iprastas","11":"first","12":"outofstock","13":"shipping-taxable","14":"product-type-variable"},"_links":{"self":[{"href":"https:\/\/jnats.eu\/es\/wp-json\/wp\/v2\/product\/1521","targetHints":{"allow":["GET"]}}],"collection":[{"href":"https:\/\/jnats.eu\/es\/wp-json\/wp\/v2\/product"}],"about":[{"href":"https:\/\/jnats.eu\/es\/wp-json\/wp\/v2\/types\/product"}],"replies":[{"embeddable":true,"href":"https:\/\/jnats.eu\/es\/wp-json\/wp\/v2\/comments?post=1521"}],"wp:featuredmedia":[{"embeddable":true,"href":"https:\/\/jnats.eu\/es\/wp-json\/wp\/v2\/media\/5503"}],"wp:attachment":[{"href":"https:\/\/jnats.eu\/es\/wp-json\/wp\/v2\/media?parent=1521"}],"wp:term":[{"taxonomy":"product_brand","embeddable":true,"href":"https:\/\/jnats.eu\/es\/wp-json\/wp\/v2\/product_brand?post=1521"},{"taxonomy":"product_cat","embeddable":true,"href":"https:\/\/jnats.eu\/es\/wp-json\/wp\/v2\/product_cat?post=1521"},{"taxonomy":"product_tag","embeddable":true,"href":"https:\/\/jnats.eu\/es\/wp-json\/wp\/v2\/product_tag?post=1521"}],"curies":[{"name":"wp","href":"https:\/\/api.w.org\/{rel}","templated":true}]}}