{"id":1585,"date":"2024-04-15T13:44:29","date_gmt":"2024-04-15T10:44:29","guid":{"rendered":"http:\/\/jnats.eu\/?post_type=product&#038;p=1585"},"modified":"2025-05-07T08:22:18","modified_gmt":"2025-05-07T05:22:18","slug":"afeitadoras-filarmonica-vintage-nuevas-y-usadas","status":"publish","type":"product","link":"https:\/\/jnats.eu\/es\/producto-2\/afeitadoras-filarmonica-vintage-nuevas-y-usadas\/","title":{"rendered":"Filarmonica Vintage maquinillas de afeitar espa\u00f1olas nuevas y usadas"},"content":{"rendered":"<p>La empresa empez\u00f3 a fabricar navajas de afeitar en 1915 en Matar\u00f3, provincia de Barcelona. Se les considera uno de los mejores fabricantes de cuchiller\u00eda, navajas y cuchillos. Hace m\u00e1s de 25 a\u00f1os, la empresa ces\u00f3 todas sus actividades y cerr\u00f3.<\/p>\n\n\n\n<p>La calidad de las navajas Filarmonica es legendaria. Esta maquinilla de afeitar de gran tama\u00f1o tiene mangos originales con una forma perfecta.<\/p>\n\n\n\n<p>Origen:Espa\u00f1a<br>Rectificado: Hueco rectificado<br>Metal: acero al carbono<br>Asas: originales<\/p>\n\n\n\n<p>NOS (New Old Stock) no usado pero puede mostrar signos de corrosi\u00f3n debido al largo almacenamiento en almac\u00e9n. Mira el video con cuidado.<\/p>\n\n\n\n<p>Usado - usado<\/p>\n\n\n\n<figure class=\"wp-block-embed is-type-video is-provider-youtube wp-block-embed-youtube wp-embed-aspect-16-9 wp-has-aspect-ratio\"><div class=\"wp-block-embed__wrapper\">\n<div class=\"video-container\"><iframe title=\"Filarmonica Vintage Navajas Espa\u00f1olas Nuevas y Usadas\" width=\"1170\" height=\"658\" src=\"https:\/\/www.youtube.com\/embed\/qM8q_vlZuhs?feature=oembed\" frameborder=\"0\" allow=\"accelerometer; autoplay; clipboard-write; encrypted-media; gyroscope; picture-in-picture; web-share\" referrerpolicy=\"strict-origin-when-cross-origin\" allowfullscreen><\/iframe><\/div>\n<\/div><\/figure>","protected":false},"excerpt":{"rendered":"<ol>\n<li>Filarmonica usada 13 Novodur Jose Monserrat Pou Fabricacion Espanola Made in Spain<\/li>\n<li><del>Filarmonica Usada 13 Inoxidable Jose Monserrat Pou Fabricacion Espanola Made in Spain<\/del><\/li>\n<li><del>NOS Filarmonica 13 Inoxidable Jose Monserrat Pou Fabricacion Espanola Made in Spain<\/del><\/li>\n<li><del>Filarmonica Usada 13 Inoxidable Jose Monserrat Pou Fabricacion Espanola Made in Spain<\/del><\/li>\n<li><del>Filarmonica Usada 13 Doble Temple Fabricacion Espanola Made in Spain\u00a0\u00a0<\/del> Vendido<\/li>\n<li>Filarmonica usada 13 Medallen Taurink Fabricacion Espanola Made in Spain media hueca moler<\/li>\n<li>Usado Filarmonica 14 Jose Monserrat Pou. El pinot tiene hoyuelos<\/li>\n<li><del>Filarmonica Usada 13 Sub Cero Jose Monserrat Pou Fabricacion Espanola Made in Spain<\/del><\/li>\n<li>Filarmonica Usada 13 Doble Temple Fabricacion Espanola Made in Spain<\/li>\n<li><del>Filarmonica usada 13T Especial para barbas duras<\/del> Vendido<\/li>\n<\/ol>\n<p>Los n\u00fameros 1 y 3 miden 20 mm de ancho, todos los dem\u00e1s unos 19 mm.<\/p>","protected":false},"featured_media":1592,"comment_status":"open","ping_status":"closed","template":"","meta":[],"product_brand":[],"product_cat":[23],"product_tag":[167],"class_list":{"0":"post-1585","1":"product","2":"type-product","3":"status-publish","4":"has-post-thumbnail","6":"product_cat-razors","7":"product_tag-filarmonica","8":"product_shipping_class-light","10":"first","11":"instock","12":"sale","13":"sold-individually","14":"shipping-taxable","15":"purchasable","16":"product-type-variable"},"_links":{"self":[{"href":"https:\/\/jnats.eu\/es\/wp-json\/wp\/v2\/product\/1585","targetHints":{"allow":["GET"]}}],"collection":[{"href":"https:\/\/jnats.eu\/es\/wp-json\/wp\/v2\/product"}],"about":[{"href":"https:\/\/jnats.eu\/es\/wp-json\/wp\/v2\/types\/product"}],"replies":[{"embeddable":true,"href":"https:\/\/jnats.eu\/es\/wp-json\/wp\/v2\/comments?post=1585"}],"wp:featuredmedia":[{"embeddable":true,"href":"https:\/\/jnats.eu\/es\/wp-json\/wp\/v2\/media\/1592"}],"wp:attachment":[{"href":"https:\/\/jnats.eu\/es\/wp-json\/wp\/v2\/media?parent=1585"}],"wp:term":[{"taxonomy":"product_brand","embeddable":true,"href":"https:\/\/jnats.eu\/es\/wp-json\/wp\/v2\/product_brand?post=1585"},{"taxonomy":"product_cat","embeddable":true,"href":"https:\/\/jnats.eu\/es\/wp-json\/wp\/v2\/product_cat?post=1585"},{"taxonomy":"product_tag","embeddable":true,"href":"https:\/\/jnats.eu\/es\/wp-json\/wp\/v2\/product_tag?post=1585"}],"curies":[{"name":"wp","href":"https:\/\/api.w.org\/{rel}","templated":true}]}}