{"id":159,"date":"2024-02-22T09:52:19","date_gmt":"2024-02-22T07:52:19","guid":{"rendered":"http:\/\/jnats.eu\/?post_type=product&#038;p=159"},"modified":"2024-11-12T09:42:38","modified_gmt":"2024-11-12T07:42:38","slug":"mina-nakayama-asagi-kato","status":"publish","type":"product","link":"https:\/\/jnats.eu\/es\/producto-2\/mina-nakayama-asagi-kato\/","title":{"rendered":"Nakayama Asagi Kato Mine piedra de afilar natural japonesa"},"content":{"rendered":"<ul class=\"wp-block-list\">\n<li><strong>Dureza: Lv 4,8<\/strong><\/li>\n\n\n\n<li><strong>Dimensiones: 167x50x37 mm<\/strong><\/li>\n\n\n\n<li><strong>Peso (con soporte): 1140 g<\/strong><\/li>\n\n\n\n<li><strong>Una piedra dura con una estructura homog\u00e9nea. Las l\u00edneas son completamente seguras y no se sienten en absoluto al afilar. Perfecta para el acabado de cuchillos, carpinter\u00eda y otras herramientas.&nbsp;<\/strong><\/li>\n<\/ul>\n\n\n\n<p>La mina de Kato es famosa por sus piedras de primera calidad, que llevan la marca Maruka \u32d5. Nakayama Asagi es una piedra japonesa aut\u00e9ntica y de calidad, creada a partir de rocas cuidadosamente seleccionadas con propiedades de afilado especiales y una textura atractiva. Esta piedra es la elecci\u00f3n perfecta tanto para artesanos experimentados como para principiantes que buscan resultados de afilado de la m\u00e1xima calidad.<\/p>\n\n\n\n<p>Nakayama Asagi no es s\u00f3lo una piedra, sino tambi\u00e9n una obra de arte que le sumergir\u00e1 en el mundo de la artesan\u00eda japonesa. \u00a1Adquiera esta piedra \u00fanica y de alta calidad y experimente la afilada magia del afilado japon\u00e9s con cada corte!<\/p>","protected":false},"excerpt":{"rendered":"<ul>\n<li><strong>Dureza: Lv 4,8<\/strong><\/li>\n<li><strong>Dimensiones: 167x50x37 mm<\/strong><\/li>\n<li><strong>Peso (con soporte): 1140 g<\/strong><\/li>\n<li><strong>Una piedra dura con una estructura homog\u00e9nea. Las l\u00edneas son completamente seguras y no se sienten en absoluto al afilar. Perfecta para el acabado de cuchillos, carpinter\u00eda y otras herramientas.\u00a0<\/strong><\/li>\n<\/ul>","protected":false},"featured_media":1228,"comment_status":"open","ping_status":"closed","template":"","meta":[],"product_brand":[],"product_cat":[22],"product_tag":[49],"class_list":{"0":"post-159","1":"product","2":"type-product","3":"status-publish","4":"has-post-thumbnail","6":"product_cat-jnats","7":"product_tag-nakayama","8":"product_shipping_class-iprastas","10":"first","11":"outofstock","12":"shipping-taxable","13":"purchasable","14":"product-type-simple"},"_links":{"self":[{"href":"https:\/\/jnats.eu\/es\/wp-json\/wp\/v2\/product\/159","targetHints":{"allow":["GET"]}}],"collection":[{"href":"https:\/\/jnats.eu\/es\/wp-json\/wp\/v2\/product"}],"about":[{"href":"https:\/\/jnats.eu\/es\/wp-json\/wp\/v2\/types\/product"}],"replies":[{"embeddable":true,"href":"https:\/\/jnats.eu\/es\/wp-json\/wp\/v2\/comments?post=159"}],"wp:featuredmedia":[{"embeddable":true,"href":"https:\/\/jnats.eu\/es\/wp-json\/wp\/v2\/media\/1228"}],"wp:attachment":[{"href":"https:\/\/jnats.eu\/es\/wp-json\/wp\/v2\/media?parent=159"}],"wp:term":[{"taxonomy":"product_brand","embeddable":true,"href":"https:\/\/jnats.eu\/es\/wp-json\/wp\/v2\/product_brand?post=159"},{"taxonomy":"product_cat","embeddable":true,"href":"https:\/\/jnats.eu\/es\/wp-json\/wp\/v2\/product_cat?post=159"},{"taxonomy":"product_tag","embeddable":true,"href":"https:\/\/jnats.eu\/es\/wp-json\/wp\/v2\/product_tag?post=159"}],"curies":[{"name":"wp","href":"https:\/\/api.w.org\/{rel}","templated":true}]}}