{"id":1624,"date":"2024-04-15T14:39:36","date_gmt":"2024-04-15T11:39:36","guid":{"rendered":"http:\/\/jnats.eu\/?post_type=product&#038;p=1624"},"modified":"2025-11-27T00:17:39","modified_gmt":"2025-11-26T22:17:39","slug":"hayashi-h-diamond-aiku-parker-hadoson-hanmasa-towa-nos-nueva-cuberteria-japonesa-vintage","status":"publish","type":"product","link":"https:\/\/jnats.eu\/es\/producto-2\/hayashi-h-diamond-aiku-parker-hadoson-hanmasa-towa-nos-nueva-cuberteria-japonesa-vintage\/","title":{"rendered":"Hayashi, H.Diamond, Aiku, Parker, Hadoson, Hanmasa, Towa NOS Navajas japonesas vintage nuevas"},"content":{"rendered":"<ol class=\"wp-block-list\">\n<li>Hayashi Tokyo Extra Best 1074<\/li>\n\n\n\n<li>Hayashi Tokyo Extra Best 1074<\/li>\n\n\n\n<li>H.Diamond 888 Extra Acero Usado Para Barberos Primera Calidad<\/li>\n\n\n\n<li>T. El Aiku'm Real German Ground 60 Aiku Para Barberos madein Tokyo<\/li>\n\n\n\n<li>Towa 9074 Mejor Esmerilado Hueco Extra Acero Tungsteno I.H. Shinychi Gen Takahashi H.Diamond&nbsp;<\/li>\n\n\n\n<li>Cinta 1000<\/li>\n\n\n\n<li>Parker 510 Made in Japan Tokio Mejor Acero Plateado Parker Razor Co.&amp;LTL Acero SWDEISH (Error de texto en la hoja)<\/li>\n\n\n\n<li>Hadoson 63 Matsukura Empresa Made in Tokyo<\/li>\n\n\n\n<li>Hanmasa Razor Tokyo N.K.K LTD Osaka Frameback<\/li>\n\n\n\n<li>Diamond Hayashi SK3 Dise\u00f1o sueco High Steel R.Link<\/li>\n<\/ol>\n\n\n\n<p>R. Saito fue un famoso peluquero en Jap\u00f3n en los a\u00f1os 50-60. Fund\u00f3 una escuela de peluquer\u00eda con un gran n\u00famero de profesionales en muchas ciudades. Como su nombre era sin\u00f3nimo del mundo de la moda japonesa, sus dise\u00f1os eran muy valorados, al igual que su nombre. Dise\u00f1\u00f3 maquinillas de afeitar que fueron producidas por grandes empresas con su nombre: Kikuboshi, Diamond Hayashi y otros fabricantes. El producto estaba dise\u00f1ado para ser la maquinilla de afeitar m\u00e1s f\u00e1cil de usar.<\/p>\n\n\n\n<figure class=\"wp-block-embed is-type-video is-provider-youtube wp-block-embed-youtube wp-embed-aspect-16-9 wp-has-aspect-ratio\"><div class=\"wp-block-embed__wrapper\">\n<div class=\"video-container\"><iframe title=\"Navajas rectas NOS Hayashi, H.Diamond, Aiku, Parker, Hadoson, Hanmasa, Towa\" width=\"1170\" height=\"658\" src=\"https:\/\/www.youtube.com\/embed\/cHATX__mUpU?feature=oembed\" frameborder=\"0\" allow=\"accelerometer; autoplay; clipboard-write; encrypted-media; gyroscope; picture-in-picture; web-share\" referrerpolicy=\"strict-origin-when-cross-origin\" allowfullscreen><\/iframe><\/div>\n<\/div><\/figure>","protected":false},"excerpt":{"rendered":"<ol>\n<li>Hayashi Tokyo Extra Best 1074<\/li>\n<li>Hayashi Tokyo Extra Best 1074<\/li>\n<li><del>H.Diamond 888 Extra Acero Usado Para Barberos Primera Calidad<\/del> Vendido<\/li>\n<li>T. El Aiku'm Real German Ground 60 Aiku Para Barberos madein Tokyo<\/li>\n<li><del>Towa 9074 Mejor Esmerilado Hueco Extra Acero Tungsteno I.H. Shinychi Gen Takahashi H.Diamond<\/del><\/li>\n<li>Cinta 100<\/li>\n<li>Parker 510 Made in Japan Tokio Mejor Acero Plateado Parker Razor Co.&amp;LTL Acero SWDEISH (Error de texto en la hoja)<\/li>\n<li><del>Hadoson 63 Matsukura Empresa Made in Tokyo<\/del> Vendido<\/li>\n<li><del>Hanmasa Razor Tokyo N.K.K LTD Osaka Frameback<\/del><\/li>\n<li><del>Diamond Hayashi SK3 Dise\u00f1o sueco High Steel R.Link <\/del><strong>Vendido<\/strong><\/li>\n<\/ol>","protected":false},"featured_media":1625,"comment_status":"open","ping_status":"closed","template":"","meta":[],"product_brand":[],"product_cat":[23],"product_tag":[55],"class_list":{"0":"post-1624","1":"product","2":"type-product","3":"status-publish","4":"has-post-thumbnail","6":"product_cat-razors","7":"product_tag-nos","8":"product_shipping_class-light","10":"first","11":"instock","12":"sold-individually","13":"shipping-taxable","14":"purchasable","15":"product-type-variable"},"_links":{"self":[{"href":"https:\/\/jnats.eu\/es\/wp-json\/wp\/v2\/product\/1624","targetHints":{"allow":["GET"]}}],"collection":[{"href":"https:\/\/jnats.eu\/es\/wp-json\/wp\/v2\/product"}],"about":[{"href":"https:\/\/jnats.eu\/es\/wp-json\/wp\/v2\/types\/product"}],"replies":[{"embeddable":true,"href":"https:\/\/jnats.eu\/es\/wp-json\/wp\/v2\/comments?post=1624"}],"wp:featuredmedia":[{"embeddable":true,"href":"https:\/\/jnats.eu\/es\/wp-json\/wp\/v2\/media\/1625"}],"wp:attachment":[{"href":"https:\/\/jnats.eu\/es\/wp-json\/wp\/v2\/media?parent=1624"}],"wp:term":[{"taxonomy":"product_brand","embeddable":true,"href":"https:\/\/jnats.eu\/es\/wp-json\/wp\/v2\/product_brand?post=1624"},{"taxonomy":"product_cat","embeddable":true,"href":"https:\/\/jnats.eu\/es\/wp-json\/wp\/v2\/product_cat?post=1624"},{"taxonomy":"product_tag","embeddable":true,"href":"https:\/\/jnats.eu\/es\/wp-json\/wp\/v2\/product_tag?post=1624"}],"curies":[{"name":"wp","href":"https:\/\/api.w.org\/{rel}","templated":true}]}}