{"id":164,"date":"2024-02-22T18:10:31","date_gmt":"2024-02-22T16:10:31","guid":{"rendered":"http:\/\/jnats.eu\/?post_type=product&#038;p=164"},"modified":"2024-08-18T23:33:41","modified_gmt":"2024-08-18T20:33:41","slug":"nakayama-hondomae-asayo","status":"publish","type":"product","link":"https:\/\/jnats.eu\/es\/producto-2\/nakayama-hondomae-asayo\/","title":{"rendered":"Nakayama Hondomae Asayo piedra de afilar natural japonesa"},"content":{"rendered":"<p>Las dimensiones son aproximadas. 18,5 x 5,6 x 2,1 cm<\/p>\n\n\n\n<p>Peso 640 g (con soporte)<\/p>\n\n\n\n<p>Habr\u00e1 una peque\u00f1a capa de Merganser en la piedra, mezclada con una capa de Tomae y Shikitomae. El acabado es parecido al Hondo-mae, la textura es buena y se desliza bien, lo que facilita su uso. Como se trata de una piedra de afilar hecha de piedra en bruto, el precio es bajo para la calidad. <\/p>\n\n\n\n<p>Est\u00e1 pegada a un viejo bastidor. Es una piedra de afilar de alta calidad, por lo que creo que se amortizar\u00e1, aunque te esfuerces un poco. Esta piedra de afilar es suave con la hoja, por lo que se puede utilizar para acabar navajas, cuchillos y cinceles. En esta \u00e9poca del a\u00f1o, aseg\u00farese de utilizar agua caliente, a unos 40 grados cent\u00edgrados, para obtener los mejores resultados. En mi opini\u00f3n, el uso de agua fr\u00eda dificultar\u00eda la obtenci\u00f3n del mejor rendimiento de esta piedra de afilar. <\/p>\n\n\n\n<p>Si usted es un principiante en busca de una piedra de afilar de alta calidad a un precio bajo, le recomendamos encarecidamente esta piedra de afilar.<\/p>","protected":false},"excerpt":{"rendered":"<ul>\n<li><strong>Dimensiones aprox. 18,5 x 5,6 x 2,1 cm<\/strong><\/li>\n<li><strong>Peso: 640 g (con soporte)<\/strong><\/li>\n<li><strong>Dureza: Lv 4.7<\/strong><\/li>\n<\/ul>\n<p>Piedra vintage de gran calidad procedente de la prestigiosa mina de Nakayama.<\/p>","protected":false},"featured_media":1243,"comment_status":"open","ping_status":"closed","template":"","meta":[],"product_brand":[],"product_cat":[22],"product_tag":[51,49],"class_list":{"0":"post-164","1":"product","2":"type-product","3":"status-publish","4":"has-post-thumbnail","6":"product_cat-jnats","7":"product_tag-hondomae","8":"product_tag-nakayama","9":"product_shipping_class-iprastas","11":"first","12":"outofstock","13":"sale","14":"shipping-taxable","15":"purchasable","16":"product-type-simple"},"_links":{"self":[{"href":"https:\/\/jnats.eu\/es\/wp-json\/wp\/v2\/product\/164","targetHints":{"allow":["GET"]}}],"collection":[{"href":"https:\/\/jnats.eu\/es\/wp-json\/wp\/v2\/product"}],"about":[{"href":"https:\/\/jnats.eu\/es\/wp-json\/wp\/v2\/types\/product"}],"replies":[{"embeddable":true,"href":"https:\/\/jnats.eu\/es\/wp-json\/wp\/v2\/comments?post=164"}],"wp:featuredmedia":[{"embeddable":true,"href":"https:\/\/jnats.eu\/es\/wp-json\/wp\/v2\/media\/1243"}],"wp:attachment":[{"href":"https:\/\/jnats.eu\/es\/wp-json\/wp\/v2\/media?parent=164"}],"wp:term":[{"taxonomy":"product_brand","embeddable":true,"href":"https:\/\/jnats.eu\/es\/wp-json\/wp\/v2\/product_brand?post=164"},{"taxonomy":"product_cat","embeddable":true,"href":"https:\/\/jnats.eu\/es\/wp-json\/wp\/v2\/product_cat?post=164"},{"taxonomy":"product_tag","embeddable":true,"href":"https:\/\/jnats.eu\/es\/wp-json\/wp\/v2\/product_tag?post=164"}],"curies":[{"name":"wp","href":"https:\/\/api.w.org\/{rel}","templated":true}]}}