{"id":1648,"date":"2024-04-16T12:34:16","date_gmt":"2024-04-16T09:34:16","guid":{"rendered":"http:\/\/jnats.eu\/?post_type=product&#038;p=1648"},"modified":"2025-09-25T22:47:52","modified_gmt":"2025-09-25T19:47:52","slug":"cuchillo-hoz-yakut","status":"publish","type":"product","link":"https:\/\/jnats.eu\/es\/producto-2\/cuchillo-hoz-yakut\/","title":{"rendered":"La culpa es del cuchillo Yakut"},"content":{"rendered":"<p>MATERIALES <br>Utilizamos acero, cuero y madera de la m\u00e1s alta calidad en la producci\u00f3n de nuestros productos. Tampoco utilizamos pl\u00e1stico porque es perjudicial para el medio ambiente. Esto hace que nuestros productos sean muy duraderos, confiables y le servir\u00e1n durante mucho tiempo.<\/p>\n\n\n\n<p> PROCESO DE PRODUCCI\u00d3N<br>Ucrania ha sido famosa desde hace siglos por su forja y templado de metales, as\u00ed como por su tallado en madera. Desde los d\u00edas de Kievan Rus, nuestros artesanos han perfeccionado sus habilidades para producir productos de la m\u00e1s alta calidad. Hemos seleccionado un equipo experimentado y capacitado de artesanos y dise\u00f1adores para producir nuestros productos. Todos nuestros productos son hechos a mano y aut\u00e9nticos, no fabricados en f\u00e1brica o similar.<\/p>\n\n\n\n<figure class=\"wp-block-embed is-type-video is-provider-youtube wp-block-embed-youtube wp-embed-aspect-16-9 wp-has-aspect-ratio\"><div class=\"wp-block-embed__wrapper\">\n<div class=\"video-container\"><iframe title=\"Cuchillo YAKUT forjado\" width=\"1170\" height=\"658\" src=\"https:\/\/www.youtube.com\/embed\/Hht7zvNtczg?feature=oembed\" frameborder=\"0\" allow=\"accelerometer; autoplay; clipboard-write; encrypted-media; gyroscope; picture-in-picture; web-share\" referrerpolicy=\"strict-origin-when-cross-origin\" allowfullscreen><\/iframe><\/div>\n<\/div><\/figure>","protected":false},"excerpt":{"rendered":"<ul>\n<li>Longitud total: 223 mm.<\/li>\n<li>Longitud de la hoja: 110 mm.<\/li>\n<li>Longitud del mango: 110 mm.<\/li>\n<li>Grosor de la hoja: 3,5 mm<\/li>\n<li>El peso del cuchillo es de 99 g.<\/li>\n<li>Peso con estuche 170 g<\/li>\n<li>Acero: SX15SG, dureza 59-60 HRC<\/li>\n<li>Material del mango: Fresno Capa<\/li>\n<li>Hecho en Ucrania<\/li>\n<li>El estuche de madera est\u00e1 recubierto de cuero natural.<\/li>\n<\/ul>","protected":false},"featured_media":1653,"comment_status":"open","ping_status":"closed","template":"","meta":[],"product_brand":[],"product_cat":[24],"product_tag":[210,76],"class_list":{"0":"post-1648","1":"product","2":"type-product","3":"status-publish","4":"has-post-thumbnail","6":"product_cat-knifes","7":"product_tag-jakutas","8":"product_tag-peilis","9":"product_shipping_class-iprastas","11":"first","12":"outofstock","13":"sale","14":"shipping-taxable","15":"purchasable","16":"product-type-simple"},"_links":{"self":[{"href":"https:\/\/jnats.eu\/es\/wp-json\/wp\/v2\/product\/1648","targetHints":{"allow":["GET"]}}],"collection":[{"href":"https:\/\/jnats.eu\/es\/wp-json\/wp\/v2\/product"}],"about":[{"href":"https:\/\/jnats.eu\/es\/wp-json\/wp\/v2\/types\/product"}],"replies":[{"embeddable":true,"href":"https:\/\/jnats.eu\/es\/wp-json\/wp\/v2\/comments?post=1648"}],"wp:featuredmedia":[{"embeddable":true,"href":"https:\/\/jnats.eu\/es\/wp-json\/wp\/v2\/media\/1653"}],"wp:attachment":[{"href":"https:\/\/jnats.eu\/es\/wp-json\/wp\/v2\/media?parent=1648"}],"wp:term":[{"taxonomy":"product_brand","embeddable":true,"href":"https:\/\/jnats.eu\/es\/wp-json\/wp\/v2\/product_brand?post=1648"},{"taxonomy":"product_cat","embeddable":true,"href":"https:\/\/jnats.eu\/es\/wp-json\/wp\/v2\/product_cat?post=1648"},{"taxonomy":"product_tag","embeddable":true,"href":"https:\/\/jnats.eu\/es\/wp-json\/wp\/v2\/product_tag?post=1648"}],"curies":[{"name":"wp","href":"https:\/\/api.w.org\/{rel}","templated":true}]}}