{"id":1665,"date":"2024-04-16T13:22:53","date_gmt":"2024-04-16T10:22:53","guid":{"rendered":"http:\/\/jnats.eu\/?post_type=product&#038;p=1665"},"modified":"2024-07-24T11:05:08","modified_gmt":"2024-07-24T08:05:08","slug":"desveladora-de-cuchillas-interocular-cpm110v","status":"publish","type":"product","link":"https:\/\/jnats.eu\/es\/producto-2\/desveladora-de-cuchillas-interocular-cpm110v\/","title":{"rendered":"Cuchillo de caza Skineris CPM s110v"},"content":{"rendered":"<figure class=\"wp-block-embed is-type-video is-provider-youtube wp-block-embed-youtube wp-embed-aspect-16-9 wp-has-aspect-ratio\"><div class=\"wp-block-embed__wrapper\">\n<div class=\"video-container\"><iframe title=\"Cuchillo de caza Skinner CPM110V\" width=\"1170\" height=\"658\" src=\"https:\/\/www.youtube.com\/embed\/ozYnW_Wzp44?feature=oembed\" frameborder=\"0\" allow=\"accelerometer; autoplay; clipboard-write; encrypted-media; gyroscope; picture-in-picture; web-share\" referrerpolicy=\"strict-origin-when-cross-origin\" allowfullscreen><\/iframe><\/div>\n<\/div><\/figure>\n\n\n\n<p>El S110V es un acero muy interesante debido a las innovaciones en su desarrollo, incluido el niobio para mejorar la estructura de carburo y la resistencia a la corrosi\u00f3n, y el cobalto para garantizar que pueda tratarse t\u00e9rmicamente a pesar de su excelente resistencia a la corrosi\u00f3n. El acero tiene buenas propiedades, como una larga retenci\u00f3n del filo y resistencia a la corrosi\u00f3n, as\u00ed como una dureza adecuada. S110V y S90V son los favoritos de muchos cazadores entre los aceros inoxidables por su muy buena retenci\u00f3n del filo y su agresivo rendimiento de corte.<\/p>\n\n\n\n<figure class=\"wp-block-image size-full is-resized\"><img decoding=\"async\" width=\"752\" height=\"452\" src=\"http:\/\/jnats.eu\/wp-content\/uploads\/2024\/04\/M398-toughness-edge-retention-balance.webp\" alt=\"\" class=\"wp-image-1666\" style=\"width:900px;height:auto\" srcset=\"https:\/\/jnats.eu\/wp-content\/uploads\/2024\/04\/M398-toughness-edge-retention-balance.webp 752w, https:\/\/jnats.eu\/wp-content\/uploads\/2024\/04\/M398-toughness-edge-retention-balance-300x180.webp 300w, https:\/\/jnats.eu\/wp-content\/uploads\/2024\/04\/M398-toughness-edge-retention-balance-18x12.webp 18w, https:\/\/jnats.eu\/wp-content\/uploads\/2024\/04\/M398-toughness-edge-retention-balance-441x265.webp 441w, https:\/\/jnats.eu\/wp-content\/uploads\/2024\/04\/M398-toughness-edge-retention-balance-600x361.webp 600w, https:\/\/jnats.eu\/wp-content\/uploads\/2024\/04\/M398-toughness-edge-retention-balance-150x90.webp 150w\" sizes=\"(max-width: 752px) 100vw, 752px\" \/><\/figure>\n\n\n\n<figure class=\"wp-block-embed is-type-wp-embed is-provider-knife-steel-nerds wp-block-embed-knife-steel-nerds\"><div class=\"wp-block-embed__wrapper\">\n<div class=\"video-container\"><blockquote class=\"wp-embedded-content\" data-secret=\"4V3dJab2Pm\"><a href=\"https:\/\/knifesteelnerds.com\/2020\/11\/23\/cpm-s110v-steel-history-and-properties\/\">Acero CPM-S110V - Historia y propiedades<\/a><\/blockquote><iframe class=\"wp-embedded-content\" sandbox=\"allow-scripts\" security=\"restricted\" style=\"position: absolute; clip: rect(1px, 1px, 1px, 1px);\" title=\"&quot;Acero CPM-S110V - Historia y propiedades&quot; - Knife Steel Nerds\" src=\"https:\/\/knifesteelnerds.com\/2020\/11\/23\/cpm-s110v-steel-history-and-properties\/embed\/#?secret=vHuqxkcbBg#?secret=4V3dJab2Pm\" data-secret=\"4V3dJab2Pm\" width=\"600\" height=\"338\" frameborder=\"0\" marginwidth=\"0\" marginheight=\"0\" scrolling=\"no\"><\/iframe><\/div>\n<\/div><\/figure>","protected":false},"excerpt":{"rendered":"<ul>\n<li>Longitud de la hoja: 122 mm.<\/li>\n<li>Anchura de la hoja: 31 mm.<\/li>\n<li>Superficie de la hoja: pulida<\/li>\n<li>Grosor de la hoja (acero): 3,6 mm.<\/li>\n<li>Suelo: recto<\/li>\n<li>Plomo de la hoja: 0,3-0,4 mm.<\/li>\n<li>Longitud del mango: 125 mm. Altura del mango: 32 mm. Espesor: 18 mm (m\u00e1s estrecho que el \"est\u00e1ndar\").<\/li>\n<li>Instalaci\u00f3n del asa: plantada<\/li>\n<li>Material del mango: diente de mamut, nogal del C\u00e1ucaso estabilizado.<\/li>\n<li>Acero: CPM s110v. Dureza: 63 HRC. Endurecido por Alan Balikoev, uno de los mejores termistas de Rusia. Este acero no est\u00e1 disponible en serie porque es dif\u00edcil de procesar y el tratamiento t\u00e9rmico debe seleccionarse adecuadamente, lo que requiere mucho tiempo, energ\u00eda, habilidad y esfuerzo.\u00a0\u00a0<\/li>\n<li>La principal ventaja de este acero es su excelente retenci\u00f3n del filo y su resistencia a la corrosi\u00f3n.<\/li>\n<li>Peso con estuche: 250 g<\/li>\n<li>Peso: 139 g<\/li>\n<li>Funda de cuero aut\u00e9ntico<\/li>\n<li>Fabricado en Rusia, Maestro: Yakov Shishkin<\/li>\n<\/ul>","protected":false},"featured_media":1672,"comment_status":"open","ping_status":"closed","template":"","meta":[],"product_brand":[],"product_cat":[24],"product_tag":[212,75,213],"class_list":{"0":"post-1665","1":"product","2":"type-product","3":"status-publish","4":"has-post-thumbnail","6":"product_cat-knifes","7":"product_tag-cpm110v","8":"product_tag-medzioklinis-peilis","9":"product_tag-skineris","10":"product_shipping_class-iprastas","12":"first","13":"outofstock","14":"sale","15":"shipping-taxable","16":"purchasable","17":"product-type-simple"},"_links":{"self":[{"href":"https:\/\/jnats.eu\/es\/wp-json\/wp\/v2\/product\/1665","targetHints":{"allow":["GET"]}}],"collection":[{"href":"https:\/\/jnats.eu\/es\/wp-json\/wp\/v2\/product"}],"about":[{"href":"https:\/\/jnats.eu\/es\/wp-json\/wp\/v2\/types\/product"}],"replies":[{"embeddable":true,"href":"https:\/\/jnats.eu\/es\/wp-json\/wp\/v2\/comments?post=1665"}],"wp:featuredmedia":[{"embeddable":true,"href":"https:\/\/jnats.eu\/es\/wp-json\/wp\/v2\/media\/1672"}],"wp:attachment":[{"href":"https:\/\/jnats.eu\/es\/wp-json\/wp\/v2\/media?parent=1665"}],"wp:term":[{"taxonomy":"product_brand","embeddable":true,"href":"https:\/\/jnats.eu\/es\/wp-json\/wp\/v2\/product_brand?post=1665"},{"taxonomy":"product_cat","embeddable":true,"href":"https:\/\/jnats.eu\/es\/wp-json\/wp\/v2\/product_cat?post=1665"},{"taxonomy":"product_tag","embeddable":true,"href":"https:\/\/jnats.eu\/es\/wp-json\/wp\/v2\/product_tag?post=1665"}],"curies":[{"name":"wp","href":"https:\/\/api.w.org\/{rel}","templated":true}]}}