{"id":1697,"date":"2024-04-17T08:43:17","date_gmt":"2024-04-17T05:43:17","guid":{"rendered":"http:\/\/jnats.eu\/?post_type=product&#038;p=1697"},"modified":"2024-04-20T20:25:47","modified_gmt":"2024-04-20T17:25:47","slug":"cuchilla-interocular-bohler-s390","status":"publish","type":"product","link":"https:\/\/jnats.eu\/es\/producto-2\/cuchilla-interocular-bohler-s390\/","title":{"rendered":"Cuchillo de caza Kmet Klyk Bohler S390"},"content":{"rendered":"<figure class=\"wp-block-embed is-type-video is-provider-youtube wp-block-embed-youtube wp-embed-aspect-16-9 wp-has-aspect-ratio\"><div class=\"wp-block-embed__wrapper\">\n<div class=\"video-container\"><iframe title=\"Cuchillo de caza Kmet Klyk Bohler S390\" width=\"1170\" height=\"658\" src=\"https:\/\/www.youtube.com\/embed\/QKNgcgKUPKQ?feature=oembed\" frameborder=\"0\" allow=\"accelerometer; autoplay; clipboard-write; encrypted-media; gyroscope; picture-in-picture; web-share\" referrerpolicy=\"strict-origin-when-cross-origin\" allowfullscreen><\/iframe><\/div>\n<\/div><\/figure>\n\n\n\n<p>BOHLER S390 MICROCLEAN es un acero en polvo de alta velocidad producido por pulvimetalurgia con buena dureza de trabajo, resistencia a la abrasi\u00f3n y resistencia a la compresi\u00f3n. La tecnolog\u00eda pulvimetal\u00fargica tambi\u00e9n confiere al material una excelente dureza y maquinabilidad, como la facilidad de rectificado. BOHLER S390 se utiliza en la fabricaci\u00f3n de: cortadores de formas, placas calientes, todo tipo de tuercas, machos de roscar, brocas helicoidales, acechadores, tornillos, hojas de sierra bimet\u00e1licas.<\/p>\n\n\n\n<p><strong>Composici\u00f3n qu\u00edmica del acero BOHLER S390<\/strong><\/p>\n\n\n\n<p>C (carbono) - 1,60 % Mo (molibdeno) - 2,00 % Co (cobalto) - 8,00 %<br>Cr (cromo)-4,80% W (wolframio)-10,50% V (vanadio)-5,00%<\/p>","protected":false},"excerpt":{"rendered":"<p><!-- wp:list --><\/p>\n<ul><!-- wp:list-item --><\/p>\n<li>Longitud de la hoja: 120 mm.<\/li>\n<p><!-- \/wp:list-item --> <!-- wp:list-item --><\/p>\n<li>Anchura de la hoja: 28 mm.<\/li>\n<p><!-- \/wp:list-item --> <!-- wp:list-item --><\/p>\n<li>Superficie de la hoja: cromo pulido arenado<\/li>\n<p><!-- \/wp:list-item --> <!-- wp:list-item --><\/p>\n<li>Grosor de la hoja: 3,0 mm<\/li>\n<p><!-- \/wp:list-item --> <!-- wp:list-item --><\/p>\n<li>Acero BOHLER S390 MICROCLEAN. Uno de los m\u00e1s resistentes en todos los sentidos: excelente retenci\u00f3n de la hoja, m\u00e1ximo afilado. Quiz\u00e1s el \u00fanico inconveniente es la baja resistencia a la corrosi\u00f3n, pero este cuchillo soluciona este problema recubriendo la hoja con cromo. Por supuesto, la hoja no est\u00e1 tan protegida, por lo que no recomendamos dejar el cuchillo mojado.<\/li>\n<p><!-- \/wp:list-item --> <!-- wp:list-item --><\/p>\n<li><strong>Dureza: 68 HRC<\/strong><\/li>\n<p><!-- \/wp:list-item --> <!-- wp:list-item --><\/p>\n<li>Pendientes: rectas<\/li>\n<p><!-- \/wp:list-item --> <!-- wp:list-item --><\/p>\n<li>Plomo de la hoja: 0,3-0,4 mm.<\/li>\n<p><!-- \/wp:list-item --> <!-- wp:list-item --><\/p>\n<li>Longitud del mango: 120 mm.<\/li>\n<p><!-- \/wp:list-item --> <!-- wp:list-item --><\/p>\n<li>Instalaci\u00f3n del asa: mediante<\/li>\n<p><!-- \/wp:list-item --> <!-- wp:list-item --><\/p>\n<li>Material del mango: abedul de Carelia estabilizado.<\/li>\n<p><!-- \/wp:list-item --> <!-- wp:list-item --><\/p>\n<li>Peso con estuche: 272 g<\/li>\n<p><!-- \/wp:list-item --> <!-- wp:list-item --><\/p>\n<li>Peso: 185 g<\/li>\n<p><!-- \/wp:list-item --> <!-- wp:list-item --><\/p>\n<li>Funda de cuero aut\u00e9ntico<\/li>\n<p><!-- \/wp:list-item --> <!-- wp:list-item --><\/p>\n<li>Hecho en Rusia Kmet<\/li>\n<p><!-- \/wp:list-item --><\/ul>\n<p><!-- \/wp:list --><\/p>","protected":false},"featured_media":1698,"comment_status":"open","ping_status":"closed","template":"","meta":[],"product_brand":[],"product_cat":[24],"product_tag":[215,216],"class_list":{"0":"post-1697","1":"product","2":"type-product","3":"status-publish","4":"has-post-thumbnail","6":"product_cat-knifes","7":"product_tag-kmet","8":"product_tag-s390","9":"product_shipping_class-iprastas","11":"first","12":"outofstock","13":"shipping-taxable","14":"purchasable","15":"product-type-simple"},"_links":{"self":[{"href":"https:\/\/jnats.eu\/es\/wp-json\/wp\/v2\/product\/1697","targetHints":{"allow":["GET"]}}],"collection":[{"href":"https:\/\/jnats.eu\/es\/wp-json\/wp\/v2\/product"}],"about":[{"href":"https:\/\/jnats.eu\/es\/wp-json\/wp\/v2\/types\/product"}],"replies":[{"embeddable":true,"href":"https:\/\/jnats.eu\/es\/wp-json\/wp\/v2\/comments?post=1697"}],"wp:featuredmedia":[{"embeddable":true,"href":"https:\/\/jnats.eu\/es\/wp-json\/wp\/v2\/media\/1698"}],"wp:attachment":[{"href":"https:\/\/jnats.eu\/es\/wp-json\/wp\/v2\/media?parent=1697"}],"wp:term":[{"taxonomy":"product_brand","embeddable":true,"href":"https:\/\/jnats.eu\/es\/wp-json\/wp\/v2\/product_brand?post=1697"},{"taxonomy":"product_cat","embeddable":true,"href":"https:\/\/jnats.eu\/es\/wp-json\/wp\/v2\/product_cat?post=1697"},{"taxonomy":"product_tag","embeddable":true,"href":"https:\/\/jnats.eu\/es\/wp-json\/wp\/v2\/product_tag?post=1697"}],"curies":[{"name":"wp","href":"https:\/\/api.w.org\/{rel}","templated":true}]}}