{"id":1733,"date":"2024-04-18T10:05:17","date_gmt":"2024-04-18T07:05:17","guid":{"rendered":"http:\/\/jnats.eu\/?post_type=product&#038;p=1733"},"modified":"2025-10-05T11:12:26","modified_gmt":"2025-10-05T08:12:26","slug":"suite-shoubu-karasu","status":"publish","type":"product","link":"https:\/\/jnats.eu\/es\/producto-2\/suite-shoubu-karasu\/","title":{"rendered":"Suite Shoubu Karasu"},"content":{"rendered":"<p>Esta piedra es f\u00e1cil de usar y es ideal para el acabado de navajas, pulido y afilado de cuchillos de cocina. Es r\u00e1pida y dejar\u00e1 una l\u00ednea kasumi contrastada. Su gran superficie la hace ideal para afilar y pulir.<\/p>\n\n\n\n<p>Esta piedra es de color gris claro con muchas motas kar\u00e1sicas y finas y seguras l\u00edneas \"doradas\". Tambi\u00e9n hay algunas manchas namazu.<\/p>\n\n\n\n<figure class=\"wp-block-embed is-type-video is-provider-youtube wp-block-embed-youtube wp-embed-aspect-16-9 wp-has-aspect-ratio\"><div class=\"wp-block-embed__wrapper\">\n<div class=\"video-container\"><iframe title=\"Kasumi terminar en Jnats: Ohira, Nisshoyama Naikumo Suita, Shobudani Karasu\" width=\"1170\" height=\"658\" src=\"https:\/\/www.youtube.com\/embed\/EufKzrz4gFs?start=910&#038;feature=oembed\" frameborder=\"0\" allow=\"accelerometer; autoplay; clipboard-write; encrypted-media; gyroscope; picture-in-picture; web-share\" referrerpolicy=\"strict-origin-when-cross-origin\" allowfullscreen><\/iframe><\/div>\n<\/div><\/figure>\n\n\n\n<p><strong>Shobu (\u83d6\u84b2\u8c37, Shobudani, Shoubu)<\/strong><br>Mina oriental muy apreciada por la calidad de sus piedras de afilar. Aunque esta mina no sea tan apreciada como Ohira o Nakayama en Occidente, las piedras de esta mina son generalmente de muy alta calidad. Los precios al por mayor de Shoubu se encuentran entre los que suben m\u00e1s r\u00e1pidamente de todas las piedras.<\/p>","protected":false},"excerpt":{"rendered":"<ul>\n<li>Adecuado para el acabado de navajas, cuchillos, tijeras, carpinter\u00eda y otras herramientas.<\/li>\n<li>Dimensiones: 180x110x30 mm<\/li>\n<li>Peso: 1475 g<\/li>\n<li>Dureza: Lv 5<\/li>\n<li>Superficie lista para su uso. Hay algunas esquinas que no se han alisado del todo.<\/li>\n<li>Las l\u00edneas son seguras.<\/li>\n<li>Recomendamos trabajar con agua templada, ya que el agua fr\u00eda perjudica la velocidad y la respuesta.<\/li>\n<\/ul>","protected":false},"featured_media":1744,"comment_status":"open","ping_status":"closed","template":"","meta":[],"product_brand":[],"product_cat":[22],"product_tag":[57,219,44,218,50,220],"class_list":{"0":"post-1733","1":"product","2":"type-product","3":"status-publish","4":"has-post-thumbnail","6":"product_cat-jnats","7":"product_tag-karasu","8":"product_tag-shobu","9":"product_tag-shobudani","10":"product_tag-shoubu","11":"product_tag-suita","12":"product_tag-220","13":"product_shipping_class-iprastas","15":"first","16":"outofstock","17":"shipping-taxable","18":"purchasable","19":"product-type-simple"},"_links":{"self":[{"href":"https:\/\/jnats.eu\/es\/wp-json\/wp\/v2\/product\/1733","targetHints":{"allow":["GET"]}}],"collection":[{"href":"https:\/\/jnats.eu\/es\/wp-json\/wp\/v2\/product"}],"about":[{"href":"https:\/\/jnats.eu\/es\/wp-json\/wp\/v2\/types\/product"}],"replies":[{"embeddable":true,"href":"https:\/\/jnats.eu\/es\/wp-json\/wp\/v2\/comments?post=1733"}],"wp:featuredmedia":[{"embeddable":true,"href":"https:\/\/jnats.eu\/es\/wp-json\/wp\/v2\/media\/1744"}],"wp:attachment":[{"href":"https:\/\/jnats.eu\/es\/wp-json\/wp\/v2\/media?parent=1733"}],"wp:term":[{"taxonomy":"product_brand","embeddable":true,"href":"https:\/\/jnats.eu\/es\/wp-json\/wp\/v2\/product_brand?post=1733"},{"taxonomy":"product_cat","embeddable":true,"href":"https:\/\/jnats.eu\/es\/wp-json\/wp\/v2\/product_cat?post=1733"},{"taxonomy":"product_tag","embeddable":true,"href":"https:\/\/jnats.eu\/es\/wp-json\/wp\/v2\/product_tag?post=1733"}],"curies":[{"name":"wp","href":"https:\/\/api.w.org\/{rel}","templated":true}]}}