{"id":174,"date":"2024-02-23T13:40:14","date_gmt":"2024-02-23T11:40:14","guid":{"rendered":"http:\/\/jnats.eu\/?post_type=product&#038;p=174"},"modified":"2026-03-07T15:13:53","modified_gmt":"2026-03-07T13:13:53","slug":"maquinillas-de-afeitar-nos-vintage-thier-issard","status":"publish","type":"product","link":"https:\/\/jnats.eu\/es\/producto-2\/maquinillas-de-afeitar-nos-vintage-thier-issard\/","title":{"rendered":"NOS Vintage maquinillas de afeitar Thiers Issard 69"},"content":{"rendered":"<p>Las maquinillas de afeitar vintage Thiers Issard son un s\u00edmbolo de estilo atemporal y alta calidad. Creadas por artesanos franceses que aprecian la m\u00e1s alta artesan\u00eda y tradici\u00f3n, estas maquinillas \u00fanicas garantizan no solo un afeitado perfecto, sino tambi\u00e9n un dise\u00f1o excepcional.<\/p>\n\n\n\n<p>Las maquinillas est\u00e1n fabricadas con acero de alta calidad, lo que garantiza una larga vida \u00fatil y un excelente afilado de la hoja. Sus mangos, fabricados en pol\u00edmero de alta calidad, no s\u00f3lo son c\u00f3modos en la mano, sino que tambi\u00e9n reflejan lujo y elegancia.<\/p>\n\n\n\n<p>Las maquinillas de afeitar Thiers Issard Vintage son la elecci\u00f3n perfecta tanto para los entusiastas experimentados de las maquinillas de afeitar como para los que aprecian el estilo cl\u00e1sico. Cada maquinilla tiene un grabado \u00fanico o un dise\u00f1o de mango distintivo que enfatiza el lujo y la personalidad.<\/p>\n\n\n\n<p>Estas maquinillas de afeitar no s\u00f3lo le proporcionan un afeitado impecable, sino que tambi\u00e9n son un complemento elegante para su rutina de higiene personal. M\u00e1s que una herramienta, las maquinillas de afeitar vintage Thiers Issard son un arte que enriquecer\u00e1 su d\u00eda a d\u00eda con un toque cl\u00e1sico franc\u00e9s.<\/p>\n\n\n\n<figure class=\"wp-block-embed is-type-video is-provider-youtube wp-block-embed-youtube wp-embed-aspect-16-9 wp-has-aspect-ratio\"><div class=\"wp-block-embed__wrapper\">\n<div class=\"video-container\"><iframe title=\"NOS Vintage Navajas Thiers Issard 69\" width=\"1170\" height=\"658\" src=\"https:\/\/www.youtube.com\/embed\/ku67DxuOxHI?feature=oembed\" frameborder=\"0\" allow=\"accelerometer; autoplay; clipboard-write; encrypted-media; gyroscope; picture-in-picture; web-share\" referrerpolicy=\"strict-origin-when-cross-origin\" allowfullscreen><\/iframe><\/div>\n<\/div><\/figure>","protected":false},"excerpt":{"rendered":"<p>NOS (New old stock) Navajas de afeitar Thiers Issard 69 y otras navajas de afeitar vintage sin usar con fundas de piel sint\u00e9tica. Conocidas por su afeitado suave y su superioridad general frente a sus hom\u00f3logas modernas. Las cuchillas muestran signos de corrosi\u00f3n en los lomos, pero todas est\u00e1n completamente intactas, por lo que su afilado y uso no supondr\u00e1n ning\u00fan problema. La mec\u00e1nica y la geometr\u00eda son impecables. Observe detenidamente las fotos y los v\u00eddeos y elija su opci\u00f3n preferida entre las 14 disponibles.<\/p>\n<p>Si no ves un art\u00edculo en el listado significa que est\u00e1 vendido.<\/p>","protected":false},"featured_media":175,"comment_status":"open","ping_status":"closed","template":"","meta":[],"product_brand":[],"product_cat":[23],"product_tag":[55,160,54],"class_list":{"0":"post-174","1":"product","2":"type-product","3":"status-publish","4":"has-post-thumbnail","6":"product_cat-razors","7":"product_tag-nos","8":"product_tag-skustuvai","9":"product_tag-thier-issard","10":"product_shipping_class-light","12":"first","13":"instock","14":"sale","15":"sold-individually","16":"shipping-taxable","17":"purchasable","18":"product-type-variable"},"_links":{"self":[{"href":"https:\/\/jnats.eu\/es\/wp-json\/wp\/v2\/product\/174","targetHints":{"allow":["GET"]}}],"collection":[{"href":"https:\/\/jnats.eu\/es\/wp-json\/wp\/v2\/product"}],"about":[{"href":"https:\/\/jnats.eu\/es\/wp-json\/wp\/v2\/types\/product"}],"replies":[{"embeddable":true,"href":"https:\/\/jnats.eu\/es\/wp-json\/wp\/v2\/comments?post=174"}],"wp:featuredmedia":[{"embeddable":true,"href":"https:\/\/jnats.eu\/es\/wp-json\/wp\/v2\/media\/175"}],"wp:attachment":[{"href":"https:\/\/jnats.eu\/es\/wp-json\/wp\/v2\/media?parent=174"}],"wp:term":[{"taxonomy":"product_brand","embeddable":true,"href":"https:\/\/jnats.eu\/es\/wp-json\/wp\/v2\/product_brand?post=174"},{"taxonomy":"product_cat","embeddable":true,"href":"https:\/\/jnats.eu\/es\/wp-json\/wp\/v2\/product_cat?post=174"},{"taxonomy":"product_tag","embeddable":true,"href":"https:\/\/jnats.eu\/es\/wp-json\/wp\/v2\/product_tag?post=174"}],"curies":[{"name":"wp","href":"https:\/\/api.w.org\/{rel}","templated":true}]}}