{"id":1777,"date":"2024-04-18T16:02:45","date_gmt":"2024-04-18T13:02:45","guid":{"rendered":"http:\/\/jnats.eu\/?post_type=product&#038;p=1777"},"modified":"2024-06-29T15:55:34","modified_gmt":"2024-06-29T12:55:34","slug":"shobudani-karasu-suite-3","status":"publish","type":"product","link":"https:\/\/jnats.eu\/es\/producto-2\/shobudani-karasu-suite-3\/","title":{"rendered":"Suite Shobudani Karasu"},"content":{"rendered":"<p>Esta piedra es f\u00e1cil de usar y es ideal para el acabado de navajas, pulido y afilado de cuchillos de cocina. Es r\u00e1pida y dejar\u00e1 una l\u00ednea kasumi contrastada. Su gran superficie la hace ideal para afilar y pulir.<\/p>\n\n\n\n<p>Esta piedra es de color gris claro con manchas karasu (cuervo).<\/p>\n\n\n\n<p><strong>Shobu (\u83d6\u84b2\u8c37, Shobudani, Shoubu)<\/strong><br>Mina oriental muy apreciada por la calidad de sus piedras de afilar. Aunque esta mina no sea tan apreciada como Ohira o Nakayama en Occidente, las piedras de esta mina son generalmente de muy alta calidad. Los precios al por mayor de Shoubu se encuentran entre los que suben m\u00e1s r\u00e1pidamente de todas las piedras.<\/p>","protected":false},"excerpt":{"rendered":"<ul>\n<li>Adecuado para el acabado de navajas, cuchillos, tijeras, carpinter\u00eda y otras herramientas.<\/li>\n<li>Dimensiones: 192x75x34mm<\/li>\n<li>Peso: 1340 gramos<\/li>\n<li>Dureza: Lv 5<\/li>\n<li>La superficie est\u00e1 lista para trabajar sin ning\u00fan defecto. Un par de esquinas no est\u00e1n totalmente alineadas.<\/li>\n<li>Las l\u00edneas son seguras.<\/li>\n<li>Recomendamos trabajar con agua caliente, ya que el agua fr\u00eda reduce la velocidad y la respuesta.<\/li>\n<\/ul>","protected":false},"featured_media":1784,"comment_status":"open","ping_status":"closed","template":"","meta":[],"product_brand":[],"product_cat":[22],"product_tag":[57,44,50],"class_list":{"0":"post-1777","1":"product","2":"type-product","3":"status-publish","4":"has-post-thumbnail","6":"product_cat-jnats","7":"product_tag-karasu","8":"product_tag-shobudani","9":"product_tag-suita","10":"product_shipping_class-iprastas","12":"first","13":"outofstock","14":"shipping-taxable","15":"purchasable","16":"product-type-simple"},"_links":{"self":[{"href":"https:\/\/jnats.eu\/es\/wp-json\/wp\/v2\/product\/1777","targetHints":{"allow":["GET"]}}],"collection":[{"href":"https:\/\/jnats.eu\/es\/wp-json\/wp\/v2\/product"}],"about":[{"href":"https:\/\/jnats.eu\/es\/wp-json\/wp\/v2\/types\/product"}],"replies":[{"embeddable":true,"href":"https:\/\/jnats.eu\/es\/wp-json\/wp\/v2\/comments?post=1777"}],"wp:featuredmedia":[{"embeddable":true,"href":"https:\/\/jnats.eu\/es\/wp-json\/wp\/v2\/media\/1784"}],"wp:attachment":[{"href":"https:\/\/jnats.eu\/es\/wp-json\/wp\/v2\/media?parent=1777"}],"wp:term":[{"taxonomy":"product_brand","embeddable":true,"href":"https:\/\/jnats.eu\/es\/wp-json\/wp\/v2\/product_brand?post=1777"},{"taxonomy":"product_cat","embeddable":true,"href":"https:\/\/jnats.eu\/es\/wp-json\/wp\/v2\/product_cat?post=1777"},{"taxonomy":"product_tag","embeddable":true,"href":"https:\/\/jnats.eu\/es\/wp-json\/wp\/v2\/product_tag?post=1777"}],"curies":[{"name":"wp","href":"https:\/\/api.w.org\/{rel}","templated":true}]}}