{"id":1805,"date":"2024-04-19T10:30:22","date_gmt":"2024-04-19T07:30:22","guid":{"rendered":"http:\/\/jnats.eu\/?post_type=product&#038;p=1805"},"modified":"2024-10-27T13:00:39","modified_gmt":"2024-10-27T11:00:39","slug":"ohira-renge-suita","status":"publish","type":"product","link":"https:\/\/jnats.eu\/es\/producto-2\/ohira-renge-suita\/","title":{"rendered":"Suite Ohira Renge"},"content":{"rendered":"<p>Las piedras de afilar de alta calidad Ohira Renge Suita son raras. La piedra es r\u00e1pida, da buena respuesta y resultados excepcionales. La Ohira de alta calidad es cada vez m\u00e1s rara y esta piedra es un ejemplo perfecto de por qu\u00e9 la mina ha alcanzado su buena reputaci\u00f3n. Esta piedra est\u00e1 muy bien para la suite Ohira. Ya sea que su objetivo principal sea afilar cuchillas o pulir kasumi, esta piedra no lo decepcionar\u00e1. Por favor no lo compres, quiero qued\u00e1rmelo.<\/p>\n\n\n\n<p>Una base de color blanco puro con un patr\u00f3n de gama densa y uniforme. Una de las esquinas est\u00e1 ligeramente desconchada y tiene l\u00edneas de seguridad. Esto es lo \u00fanico que impide que esta piedra se convierta en un ejemplar de museo con un precio verdaderamente astron\u00f3mico. <\/p>\n\n\n\n<p><strong>Ohira (\u5927\u5e73, Oohira, Ohirayama)<\/strong><br>Una mina occidental famosa por el Uchigumori y la calidad de su Suita. Aunque la mina todav\u00eda se explota ocasionalmente, cada vez es m\u00e1s dif\u00edcil encontrar uchigumori y Ohira suita exportables. Debido a la calidad superior de Ohira suita y uchigumori, no es raro que piedras de otras minas sean estampadas o vendidas como Ohira.<\/p>\n\n\n\n<figure class=\"wp-block-embed is-type-video is-provider-youtube wp-block-embed-youtube wp-embed-aspect-16-9 wp-has-aspect-ratio\"><div class=\"wp-block-embed__wrapper\">\n<div class=\"video-container\"><iframe title=\"Ohira Renge Suita, Nishiyama Shiro Suita, Nakayama Asagi Nashiji, Kyoto Shomotoyama, Atago\" width=\"1170\" height=\"658\" src=\"https:\/\/www.youtube.com\/embed\/NhqN2jyKzUg?start=167&#038;feature=oembed\" frameborder=\"0\" allow=\"accelerometer; autoplay; clipboard-write; encrypted-media; gyroscope; picture-in-picture; web-share\" referrerpolicy=\"strict-origin-when-cross-origin\" allowfullscreen><\/iframe><\/div>\n<\/div><\/figure>","protected":false},"excerpt":{"rendered":"<ul>\n<li>Adecuado para el acabado de cuchillos, tijeras, carpinter\u00eda, otras herramientas y acabado kasumi.<\/li>\n<li>Dimensiones: 204x75x24mm<\/li>\n<li>Peso: 1150 g<\/li>\n<li>Dureza: Lv 4<\/li>\n<li>La superficie queda lisa y lista para trabajar.<\/li>\n<li>Las l\u00edneas son seguras.<\/li>\n<li>Recomendamos trabajar con agua caliente, ya que el agua fr\u00eda reduce la velocidad y la respuesta.<\/li>\n<\/ul>","protected":false},"featured_media":2115,"comment_status":"open","ping_status":"closed","template":"","meta":[],"product_brand":[],"product_cat":[22],"product_tag":[47,86,50],"class_list":{"0":"post-1805","1":"product","2":"type-product","3":"status-publish","4":"has-post-thumbnail","6":"product_cat-jnats","7":"product_tag-ohira","8":"product_tag-renge","9":"product_tag-suita","10":"product_shipping_class-iprastas","12":"first","13":"outofstock","14":"shipping-taxable","15":"purchasable","16":"product-type-simple"},"_links":{"self":[{"href":"https:\/\/jnats.eu\/es\/wp-json\/wp\/v2\/product\/1805","targetHints":{"allow":["GET"]}}],"collection":[{"href":"https:\/\/jnats.eu\/es\/wp-json\/wp\/v2\/product"}],"about":[{"href":"https:\/\/jnats.eu\/es\/wp-json\/wp\/v2\/types\/product"}],"replies":[{"embeddable":true,"href":"https:\/\/jnats.eu\/es\/wp-json\/wp\/v2\/comments?post=1805"}],"wp:featuredmedia":[{"embeddable":true,"href":"https:\/\/jnats.eu\/es\/wp-json\/wp\/v2\/media\/2115"}],"wp:attachment":[{"href":"https:\/\/jnats.eu\/es\/wp-json\/wp\/v2\/media?parent=1805"}],"wp:term":[{"taxonomy":"product_brand","embeddable":true,"href":"https:\/\/jnats.eu\/es\/wp-json\/wp\/v2\/product_brand?post=1805"},{"taxonomy":"product_cat","embeddable":true,"href":"https:\/\/jnats.eu\/es\/wp-json\/wp\/v2\/product_cat?post=1805"},{"taxonomy":"product_tag","embeddable":true,"href":"https:\/\/jnats.eu\/es\/wp-json\/wp\/v2\/product_tag?post=1805"}],"curies":[{"name":"wp","href":"https:\/\/api.w.org\/{rel}","templated":true}]}}