{"id":1810,"date":"2024-04-19T10:42:51","date_gmt":"2024-04-19T07:42:51","guid":{"rendered":"http:\/\/jnats.eu\/?post_type=product&#038;p=1810"},"modified":"2026-03-23T10:03:54","modified_gmt":"2026-03-23T08:03:54","slug":"nishiyama-shiro-suite","status":"publish","type":"product","link":"https:\/\/jnats.eu\/es\/producto-2\/nishiyama-shiro-suite\/","title":{"rendered":"Suite Nishiyama Shiro"},"content":{"rendered":"<figure class=\"wp-block-embed is-type-video is-provider-youtube wp-block-embed-youtube wp-embed-aspect-16-9 wp-has-aspect-ratio\"><div class=\"wp-block-embed__wrapper\">\n<div class=\"video-container\"><iframe title=\"Prueba Nishiyama Shiro Suita con Sandvik 14C28N | Slurry vs No Slurry\" width=\"1170\" height=\"658\" src=\"https:\/\/www.youtube.com\/embed\/uP8MI-JS99I?feature=oembed\" frameborder=\"0\" allow=\"accelerometer; autoplay; clipboard-write; encrypted-media; gyroscope; picture-in-picture; web-share\" referrerpolicy=\"strict-origin-when-cross-origin\" allowfullscreen><\/iframe><\/div>\n<\/div><\/figure>\n\n\n\n<p>Las piedras de afilar Nishiyama Shiro Suita pr\u00e1cticamente ya no est\u00e1n en el mercado. La piedra es r\u00e1pida, da buena respuesta y resultados excepcionales. Ya sea que su objetivo principal sea afilar cuchillas o pulir kasumi, esta piedra no lo decepcionar\u00e1. <\/p>\n\n\n\n<p>Base blanca con patr\u00f3n de l\u00edneas rojas. Una l\u00ednea rugosa en una de las esquinas impide el afilado y es lo \u00fanico que impide que esta piedra se convierta en un ejemplar de museo con un precio realmente astron\u00f3mico.<\/p>","protected":false},"excerpt":{"rendered":"<ul>\n<li>Adecuado para acabado y acabado kasumi de cuchillos, tijeras, carpinter\u00eda y otras herramientas.<\/li>\n<li>Dimensiones: 220x79x40mm<\/li>\n<li>Peso: 1700 gramos<\/li>\n<li>Dureza: Nivel 4,5<\/li>\n<li>La superficie queda lisa y lista para trabajar.<\/li>\n<li>Las l\u00edneas son seguras <span style=\"color: #ff0000;\"><strong>excepto uno en el borde (t\u00f3xico - ver foto).<\/strong><\/span><\/li>\n<li>Recomendamos trabajar con agua caliente, ya que el agua fr\u00eda reduce la velocidad y la respuesta.<\/li>\n<\/ul>","protected":false},"featured_media":1812,"comment_status":"open","ping_status":"closed","template":"","meta":[],"product_brand":[],"product_cat":[22],"product_tag":[224,223,87,50],"class_list":{"0":"post-1810","1":"product","2":"type-product","3":"status-publish","4":"has-post-thumbnail","6":"product_cat-jnats","7":"product_tag-nishiyama","8":"product_tag-nishiyama-shiro-suita","9":"product_tag-shiro","10":"product_tag-suita","11":"product_shipping_class-iprastas","13":"first","14":"instock","15":"sale","16":"shipping-taxable","17":"purchasable","18":"product-type-simple"},"_links":{"self":[{"href":"https:\/\/jnats.eu\/es\/wp-json\/wp\/v2\/product\/1810","targetHints":{"allow":["GET"]}}],"collection":[{"href":"https:\/\/jnats.eu\/es\/wp-json\/wp\/v2\/product"}],"about":[{"href":"https:\/\/jnats.eu\/es\/wp-json\/wp\/v2\/types\/product"}],"replies":[{"embeddable":true,"href":"https:\/\/jnats.eu\/es\/wp-json\/wp\/v2\/comments?post=1810"}],"wp:featuredmedia":[{"embeddable":true,"href":"https:\/\/jnats.eu\/es\/wp-json\/wp\/v2\/media\/1812"}],"wp:attachment":[{"href":"https:\/\/jnats.eu\/es\/wp-json\/wp\/v2\/media?parent=1810"}],"wp:term":[{"taxonomy":"product_brand","embeddable":true,"href":"https:\/\/jnats.eu\/es\/wp-json\/wp\/v2\/product_brand?post=1810"},{"taxonomy":"product_cat","embeddable":true,"href":"https:\/\/jnats.eu\/es\/wp-json\/wp\/v2\/product_cat?post=1810"},{"taxonomy":"product_tag","embeddable":true,"href":"https:\/\/jnats.eu\/es\/wp-json\/wp\/v2\/product_tag?post=1810"}],"curies":[{"name":"wp","href":"https:\/\/api.w.org\/{rel}","templated":true}]}}