{"id":1819,"date":"2024-04-19T11:00:53","date_gmt":"2024-04-19T08:00:53","guid":{"rendered":"http:\/\/jnats.eu\/?post_type=product&#038;p=1819"},"modified":"2024-06-27T12:00:19","modified_gmt":"2024-06-27T09:00:19","slug":"nakayama-asagi-nashiji-acabado-de-afilado-natural-japones","status":"publish","type":"product","link":"https:\/\/jnats.eu\/es\/producto-2\/nakayama-asagi-nashiji-acabado-de-afilado-natural-japones\/","title":{"rendered":"Nakayama Asagi Nashiji Piedra de acabado natural japonesa para afilar"},"content":{"rendered":"<p>Piedra de acabado de afilado natural japonesa Nakayama Mizu Asagi. Es una piedra muy dura y extremadamente fina que recomendamos como acabado final al finalizar el proceso de afilado o para refrescar la hoja de afeitar cada vez que el afeitado se vuelve menos c\u00f3modo y empieza a tirar del pelo.<\/p>\n\n\n\n<p>\u00a1Es una peque\u00f1a koppa de forma bastante regular que hace muy bien su trabajo! <\/p>\n\n\n\n<p>Este asagi gris tiene un patr\u00f3n de puntos nashiji tenue en toda la piedra. Sin l\u00edneas visibles ni inclusiones. La parte inferior de la piedra tambi\u00e9n se puede preparar f\u00e1cilmente para el trabajo. <\/p>\n\n\n\n<p><strong>Nakayama (\u4e2d\u5c71)<\/strong><\/p>\n\n\n\n<p>Esta mina oriental es famosa por afilar las piedras de acabado awasedo. Los carpinteros y afiladores de navajas valoran especialmente una piedra multicapa con un color diferente. En comparaci\u00f3n con piedras de dureza y finura similares de otras minas, las piedras Nakayama son conocidas por una sensaci\u00f3n de afilado m\u00e1s agradable.<\/p>\n\n\n\n<figure class=\"wp-block-embed is-type-video is-provider-youtube wp-block-embed-youtube wp-embed-aspect-16-9 wp-has-aspect-ratio\"><div class=\"wp-block-embed__wrapper\">\n<div class=\"video-container\"><iframe title=\"Ohira Renge Suita, Nishiyama Shiro Suita, Nakayama Asagi Nashiji, Kyoto Shomotoyama, Atago\" width=\"1170\" height=\"658\" src=\"https:\/\/www.youtube.com\/embed\/NhqN2jyKzUg?start=374&#038;feature=oembed\" frameborder=\"0\" allow=\"accelerometer; autoplay; clipboard-write; encrypted-media; gyroscope; picture-in-picture; web-share\" referrerpolicy=\"strict-origin-when-cross-origin\" allowfullscreen><\/iframe><\/div>\n<\/div><\/figure>","protected":false},"excerpt":{"rendered":"<ul>\n<li>Adecuado para el acabado de navajas, cuchillos, tijeras, carpinter\u00eda y otras herramientas.<\/li>\n<li>Dimensiones: 123x75x33mm<\/li>\n<li>Peso: 830 gramos<\/li>\n<li>Dureza: Lv 5<\/li>\n<li>La superficie queda lisa y lista para trabajar.<\/li>\n<li>Recomendamos trabajar con agua caliente, ya que el agua fr\u00eda reduce la velocidad y la respuesta.<\/li>\n<\/ul>","protected":false},"featured_media":1822,"comment_status":"open","ping_status":"closed","template":"","meta":[],"product_brand":[],"product_cat":[22],"product_tag":[45,49,48],"class_list":{"0":"post-1819","1":"product","2":"type-product","3":"status-publish","4":"has-post-thumbnail","6":"product_cat-jnats","7":"product_tag-asagi","8":"product_tag-nakayama","9":"product_tag-nashiji","10":"product_shipping_class-iprastas","12":"first","13":"outofstock","14":"sale","15":"shipping-taxable","16":"purchasable","17":"product-type-simple"},"_links":{"self":[{"href":"https:\/\/jnats.eu\/es\/wp-json\/wp\/v2\/product\/1819","targetHints":{"allow":["GET"]}}],"collection":[{"href":"https:\/\/jnats.eu\/es\/wp-json\/wp\/v2\/product"}],"about":[{"href":"https:\/\/jnats.eu\/es\/wp-json\/wp\/v2\/types\/product"}],"replies":[{"embeddable":true,"href":"https:\/\/jnats.eu\/es\/wp-json\/wp\/v2\/comments?post=1819"}],"wp:featuredmedia":[{"embeddable":true,"href":"https:\/\/jnats.eu\/es\/wp-json\/wp\/v2\/media\/1822"}],"wp:attachment":[{"href":"https:\/\/jnats.eu\/es\/wp-json\/wp\/v2\/media?parent=1819"}],"wp:term":[{"taxonomy":"product_brand","embeddable":true,"href":"https:\/\/jnats.eu\/es\/wp-json\/wp\/v2\/product_brand?post=1819"},{"taxonomy":"product_cat","embeddable":true,"href":"https:\/\/jnats.eu\/es\/wp-json\/wp\/v2\/product_cat?post=1819"},{"taxonomy":"product_tag","embeddable":true,"href":"https:\/\/jnats.eu\/es\/wp-json\/wp\/v2\/product_tag?post=1819"}],"curies":[{"name":"wp","href":"https:\/\/api.w.org\/{rel}","templated":true}]}}