{"id":1831,"date":"2024-04-19T11:11:05","date_gmt":"2024-04-19T08:11:05","guid":{"rendered":"http:\/\/jnats.eu\/?post_type=product&#038;p=1831"},"modified":"2024-05-03T12:02:38","modified_gmt":"2024-05-03T09:02:38","slug":"atagoyama-awasedo","status":"publish","type":"product","link":"https:\/\/jnats.eu\/es\/producto-2\/atagoyama-awasedo\/","title":{"rendered":"Atagoyama Awasedo"},"content":{"rendered":"<p>A pesar de su apariencia sencilla, esta piedra es agradable de usar. El gran tama\u00f1o proporciona una sensaci\u00f3n de afilado extremadamente estable y la pureza de la piedra garantiza resultados consistentes para toda la vida. Es un &quot;caballo de batalla&quot; que puede durar toda la vida para el afilador profesional y el entusiasta del pulido. La piedra es fuerte, pero no tan dura como para que sea demasiado dif\u00edcil de usar para usuarios menos experimentados. Usando una suspensi\u00f3n extra\u00edda lateral o con placa de diamante, borra 6k con bastante rapidez. Las piedras sint\u00e9ticas rayan y dejan un agradable kasumi, y con una piedra limpia el cuchillo se puede refinar a\u00fan m\u00e1s hasta obtener un acabado fino y brillante. Esta piedra es adecuada para todo, desde cuchillos hasta herramientas y navajas. La piedra es de un color gris claro uniforme con patrones sutiles.<\/p>\n\n\n\n<p><strong>Atagoyama<\/strong><br>Esta mina ha extra\u00eddo piedras de Chu-ishi naori, que generalmente son grandes y limpias. A menudo se hace referencia al monte Atago como el centro de la zona minera de piedra de afilar de Kioto.<\/p>\n\n\n\n<figure class=\"wp-block-embed is-type-video is-provider-youtube wp-block-embed-youtube wp-embed-aspect-16-9 wp-has-aspect-ratio\"><div class=\"wp-block-embed__wrapper\">\n<div class=\"video-container\"><iframe title=\"Ohira Renge Suita, Nishiyama Shiro Suita, Nakayama Asagi Nashiji, Kyoto Shomotoyama, Atago\" width=\"1170\" height=\"658\" src=\"https:\/\/www.youtube.com\/embed\/NhqN2jyKzUg?start=275&#038;feature=oembed\" frameborder=\"0\" allow=\"accelerometer; autoplay; clipboard-write; encrypted-media; gyroscope; picture-in-picture; web-share\" referrerpolicy=\"strict-origin-when-cross-origin\" allowfullscreen><\/iframe><\/div>\n<\/div><\/figure>","protected":false},"excerpt":{"rendered":"<ul>\n<li>Adecuado para el acabado de navajas, cuchillos, tijeras, carpinter\u00eda y otras herramientas.<\/li>\n<li>Dimensiones: 208x78x40mm<\/li>\n<li>Peso: 1590 gramos<\/li>\n<li>Dureza: Lv 4.7<\/li>\n<li>La superficie queda lisa y lista para trabajar.<\/li>\n<li>Las l\u00edneas son seguras.<\/li>\n<li>Recomendamos trabajar con agua caliente, ya que el agua fr\u00eda reduce la velocidad y la respuesta.<\/li>\n<\/ul>","protected":false},"featured_media":1837,"comment_status":"open","ping_status":"closed","template":"","meta":[],"product_brand":[],"product_cat":[22],"product_tag":[225,40],"class_list":{"0":"post-1831","1":"product","2":"type-product","3":"status-publish","4":"has-post-thumbnail","6":"product_cat-jnats","7":"product_tag-atagoyama","8":"product_tag-awasedo","9":"product_shipping_class-iprastas","11":"first","12":"instock","13":"sale","14":"shipping-taxable","15":"purchasable","16":"product-type-simple"},"_links":{"self":[{"href":"https:\/\/jnats.eu\/es\/wp-json\/wp\/v2\/product\/1831","targetHints":{"allow":["GET"]}}],"collection":[{"href":"https:\/\/jnats.eu\/es\/wp-json\/wp\/v2\/product"}],"about":[{"href":"https:\/\/jnats.eu\/es\/wp-json\/wp\/v2\/types\/product"}],"replies":[{"embeddable":true,"href":"https:\/\/jnats.eu\/es\/wp-json\/wp\/v2\/comments?post=1831"}],"wp:featuredmedia":[{"embeddable":true,"href":"https:\/\/jnats.eu\/es\/wp-json\/wp\/v2\/media\/1837"}],"wp:attachment":[{"href":"https:\/\/jnats.eu\/es\/wp-json\/wp\/v2\/media?parent=1831"}],"wp:term":[{"taxonomy":"product_brand","embeddable":true,"href":"https:\/\/jnats.eu\/es\/wp-json\/wp\/v2\/product_brand?post=1831"},{"taxonomy":"product_cat","embeddable":true,"href":"https:\/\/jnats.eu\/es\/wp-json\/wp\/v2\/product_cat?post=1831"},{"taxonomy":"product_tag","embeddable":true,"href":"https:\/\/jnats.eu\/es\/wp-json\/wp\/v2\/product_tag?post=1831"}],"curies":[{"name":"wp","href":"https:\/\/api.w.org\/{rel}","templated":true}]}}