{"id":1853,"date":"2024-04-21T09:08:54","date_gmt":"2024-04-21T06:08:54","guid":{"rendered":"http:\/\/jnats.eu\/?post_type=product&#038;p=1853"},"modified":"2025-02-25T17:38:38","modified_gmt":"2025-02-25T15:38:38","slug":"asagi-yaginoshima","status":"publish","type":"product","link":"https:\/\/jnats.eu\/es\/producto-2\/asagi-yaginoshima\/","title":{"rendered":"Enorme Yaginoshima Asagi + Kizuyama Awasedo"},"content":{"rendered":"<p>Este asagi del tama\u00f1o de un monstruo es una excelente piedra de acabado fino multiusos para afilar. Es genial, peque\u00f1o y bastante f\u00e1cil de usar. Un caballo de batalla sin preocupaciones. Un lijado cuidadoso puede dar acabado a navajas y herramientas de carpintero, y tambi\u00e9n es adecuado para el pulido kasumi refinado. Debido a su superficie extra grande, es adecuado para espadas y hachas.<\/p>\n\n\n\n<p>La piedra es muy homog\u00e9nea en todo su patr\u00f3n gris de &quot;piel de delf\u00edn&quot;.<\/p>\n\n\n\n<p><strong>Yaginoshima (\u516b\u6728\u306e\u5d8b)<\/strong><br>Mina del este en la regi\u00f3n de Kioto.<\/p>\n\n\n\n<figure class=\"wp-block-embed is-type-video is-provider-youtube wp-block-embed-youtube wp-embed-aspect-16-9 wp-has-aspect-ratio\"><div class=\"wp-block-embed__wrapper\">\n<div class=\"video-container\"><iframe title=\"Yaginoshima Asagi, Nakayama Kiita, Shomotoyama Kiita\" width=\"1170\" height=\"658\" src=\"https:\/\/www.youtube.com\/embed\/BfthwASlRYw?start=105&#038;feature=oembed\" frameborder=\"0\" allow=\"accelerometer; autoplay; clipboard-write; encrypted-media; gyroscope; picture-in-picture; web-share\" referrerpolicy=\"strict-origin-when-cross-origin\" allowfullscreen><\/iframe><\/div>\n<\/div><\/figure>","protected":false},"excerpt":{"rendered":"<ul>\n<li>Adecuado para el acabado de hojas de afeitar, tijeras, carpinter\u00eda y otras herramientas.<\/li>\n<li>Dimensiones: 252x89x45mm<\/li>\n<li>Peso: 2340 gramos<\/li>\n<li>Dureza: Lv 4.8<\/li>\n<li>La superficie queda lisa y lista para trabajar.<\/li>\n<li>Recomendamos trabajar con agua caliente, ya que el agua fr\u00eda reduce la velocidad y la respuesta.<\/li>\n<\/ul>","protected":false},"featured_media":1856,"comment_status":"open","ping_status":"closed","template":"","meta":[],"product_brand":[],"product_cat":[22],"product_tag":[226],"class_list":{"0":"post-1853","1":"product","2":"type-product","3":"status-publish","4":"has-post-thumbnail","6":"product_cat-jnats","7":"product_tag-yaginoshima","8":"product_shipping_class-iprastas","10":"first","11":"outofstock","12":"shipping-taxable","13":"purchasable","14":"product-type-simple"},"_links":{"self":[{"href":"https:\/\/jnats.eu\/es\/wp-json\/wp\/v2\/product\/1853","targetHints":{"allow":["GET"]}}],"collection":[{"href":"https:\/\/jnats.eu\/es\/wp-json\/wp\/v2\/product"}],"about":[{"href":"https:\/\/jnats.eu\/es\/wp-json\/wp\/v2\/types\/product"}],"replies":[{"embeddable":true,"href":"https:\/\/jnats.eu\/es\/wp-json\/wp\/v2\/comments?post=1853"}],"wp:featuredmedia":[{"embeddable":true,"href":"https:\/\/jnats.eu\/es\/wp-json\/wp\/v2\/media\/1856"}],"wp:attachment":[{"href":"https:\/\/jnats.eu\/es\/wp-json\/wp\/v2\/media?parent=1853"}],"wp:term":[{"taxonomy":"product_brand","embeddable":true,"href":"https:\/\/jnats.eu\/es\/wp-json\/wp\/v2\/product_brand?post=1853"},{"taxonomy":"product_cat","embeddable":true,"href":"https:\/\/jnats.eu\/es\/wp-json\/wp\/v2\/product_cat?post=1853"},{"taxonomy":"product_tag","embeddable":true,"href":"https:\/\/jnats.eu\/es\/wp-json\/wp\/v2\/product_tag?post=1853"}],"curies":[{"name":"wp","href":"https:\/\/api.w.org\/{rel}","templated":true}]}}