{"id":1893,"date":"2024-04-22T09:51:46","date_gmt":"2024-04-22T06:51:46","guid":{"rendered":"http:\/\/jnats.eu\/?post_type=product&#038;p=1893"},"modified":"2024-09-15T12:00:18","modified_gmt":"2024-09-15T09:00:18","slug":"maruoyama-tomae-piedra-de-acabado-japonesa-para-afilar","status":"publish","type":"product","link":"https:\/\/jnats.eu\/es\/producto-2\/maruoyama-tomae-piedra-de-acabado-japonesa-para-afilar\/","title":{"rendered":"Maruoyama Tomae Piedra de acabado de afilado japonesa"},"content":{"rendered":"<p>A pesar de su tama\u00f1o, esta koppa es un buen ejemplo de piedra de acabado japonesa de Maruo. No es demasiado duro ni demasiado fino y adecuado para diversas aplicaciones. Terminar\u00e1 de afilar cuchillos de cocina y servir\u00e1 como acabado para herramientas y navajas. Este tama\u00f1o es perfecto para maquinillas de afeitar, pero tambi\u00e9n se puede utilizar para pulir cuchillos de cocina, incluso los grandes. A\u00fan as\u00ed, no ser\u00eda mi primera elecci\u00f3n de tama\u00f1o para herramientas o cuchillos. <\/p>\n\n\n\n<p>No hay l\u00edneas ni inclusiones de las que preocuparse. Esta piedra est\u00e1 sellada.<\/p>\n\n\n\n<p><strong>Maruo (\u4e38\u5c3e\u5c71, Maruoyama)<\/strong><br>Una de las pocas minas japonesas de piedra de acabado que a\u00fan est\u00e1n en funcionamiento. Esta mina occidental es famosa por su suave Shiro Suita. Esta mina tambi\u00e9n es muy apreciada por sus piedras de capa shiki uchigumori (tenjyou suita), ao suita y aisa. Una vez ampliamente disponibles y relativamente baratas, el aumento de la demanda ha superado la oferta, lo que hace que estas piedras sean m\u00e1s dif\u00edciles de conseguir y ahora considerablemente m\u00e1s caras que hace unos a\u00f1os. Sin embargo, teniendo en cuenta todas las ventajas, son bastante asequibles.<\/p>","protected":false},"excerpt":{"rendered":"<ul>\n<li>Adecuado para el acabado de navajas, cuchillos, tijeras, carpinter\u00eda y otras herramientas.<\/li>\n<li>Dimensiones: 153x75x21mm<\/li>\n<li>Peso con soporte: 940 g<\/li>\n<li>Dureza: Lv 4<\/li>\n<li>La superficie es lisa y lista para trabajar.<\/li>\n<li>Recomendamos trabajar con agua caliente, ya que el agua fr\u00eda reduce la velocidad y la respuesta.<\/li>\n<\/ul>","protected":false},"featured_media":1897,"comment_status":"open","ping_status":"closed","template":"","meta":[],"product_brand":[],"product_cat":[22],"product_tag":[234,233],"class_list":{"0":"post-1893","1":"product","2":"type-product","3":"status-publish","4":"has-post-thumbnail","6":"product_cat-jnats","7":"product_tag-maruo","8":"product_tag-maruoyama","9":"product_shipping_class-iprastas","11":"first","12":"outofstock","13":"shipping-taxable","14":"purchasable","15":"product-type-simple"},"_links":{"self":[{"href":"https:\/\/jnats.eu\/es\/wp-json\/wp\/v2\/product\/1893","targetHints":{"allow":["GET"]}}],"collection":[{"href":"https:\/\/jnats.eu\/es\/wp-json\/wp\/v2\/product"}],"about":[{"href":"https:\/\/jnats.eu\/es\/wp-json\/wp\/v2\/types\/product"}],"replies":[{"embeddable":true,"href":"https:\/\/jnats.eu\/es\/wp-json\/wp\/v2\/comments?post=1893"}],"wp:featuredmedia":[{"embeddable":true,"href":"https:\/\/jnats.eu\/es\/wp-json\/wp\/v2\/media\/1897"}],"wp:attachment":[{"href":"https:\/\/jnats.eu\/es\/wp-json\/wp\/v2\/media?parent=1893"}],"wp:term":[{"taxonomy":"product_brand","embeddable":true,"href":"https:\/\/jnats.eu\/es\/wp-json\/wp\/v2\/product_brand?post=1893"},{"taxonomy":"product_cat","embeddable":true,"href":"https:\/\/jnats.eu\/es\/wp-json\/wp\/v2\/product_cat?post=1893"},{"taxonomy":"product_tag","embeddable":true,"href":"https:\/\/jnats.eu\/es\/wp-json\/wp\/v2\/product_tag?post=1893"}],"curies":[{"name":"wp","href":"https:\/\/api.w.org\/{rel}","templated":true}]}}