{"id":1899,"date":"2024-04-22T10:03:17","date_gmt":"2024-04-22T07:03:17","guid":{"rendered":"http:\/\/jnats.eu\/?post_type=product&#038;p=1899"},"modified":"2026-02-13T11:06:39","modified_gmt":"2026-02-13T09:06:39","slug":"shohonyama-ohira-piedra-natural-japonesa-roja-para-afilar","status":"publish","type":"product","link":"https:\/\/jnats.eu\/es\/producto-2\/shohonyama-ohira-piedra-natural-japonesa-roja-para-afilar\/","title":{"rendered":"Shohonyama Ohira Piedra natural japonesa roja para afilar"},"content":{"rendered":"<p>Este es Shohonyama Red Ohira Ipponsen de Kioto. Cuchillas de acabado y herramientas de carpinter\u00eda. En esta mina, el Ohira Rojo es uno de los mejores y m\u00e1s valiosos. Este Ohira rojo, una hermosa gradaci\u00f3n rosada, muestra un rostro iluminado. El poder suave y abrasivo es bastante bueno. El proceso de afilado es muy suave, la fina suspensi\u00f3n se libera con bastante rapidez y es f\u00e1cil de afilar. La superficie es lisa sin l\u00edneas ni inclusiones &quot;t\u00f3xicas&quot;. <\/p>\n\n\n\n<figure class=\"wp-block-embed is-type-video is-provider-youtube wp-block-embed-youtube wp-embed-aspect-16-9 wp-has-aspect-ratio\"><div class=\"wp-block-embed__wrapper\">\n<div class=\"video-container\"><iframe title=\"Rese\u00f1a del cuchillo XINZUO | Se vende como Kamazaki en Lituania | Heimcut en Rusia\" width=\"1170\" height=\"658\" src=\"https:\/\/www.youtube.com\/embed\/htGmVVVoAwg?start=184&#038;feature=oembed\" frameborder=\"0\" allow=\"accelerometer; autoplay; clipboard-write; encrypted-media; gyroscope; picture-in-picture; web-share\" referrerpolicy=\"strict-origin-when-cross-origin\" allowfullscreen><\/iframe><\/div>\n<\/div><\/figure>\n\n\n\n<p>Tenga en cuenta que las piedras de afilar naturales japonesas pueden no resultar atractivas para los afiladores novatos, ya que son m\u00e1s dif\u00edciles de usar y funcionan m\u00e1s lentamente que las artificiales. Son piedras naturales por lo que cada una es diferente por lo que mis medidas no son exactas. Es una inversi\u00f3n de por vida para las personas que afilan sus cuchillos y herramientas. <\/p>\n\n\n\n<p>No dude en hacer sus preguntas si tiene alguna.<\/p>","protected":false},"excerpt":{"rendered":"<ul>\n<li>Adecuado para cuchillos de acabado, tijeras, carpinter\u00eda y otras herramientas.<\/li>\n<li>Dimensiones: 206x75x36mm<\/li>\n<li>Peso con soporte: 1880 g<\/li>\n<li>Dureza: Lv 4<\/li>\n<li>La superficie es lisa y lista para trabajar.<\/li>\n<li>Recomendamos trabajar con agua tibia, porque el agua fr\u00eda deteriora la velocidad de trabajo y la respuesta.<\/li>\n<\/ul>","protected":false},"featured_media":1903,"comment_status":"open","ping_status":"closed","template":"","meta":[],"product_brand":[],"product_cat":[22],"product_tag":[47,235],"class_list":{"0":"post-1899","1":"product","2":"type-product","3":"status-publish","4":"has-post-thumbnail","6":"product_cat-jnats","7":"product_tag-ohira","8":"product_tag-shohonyama","9":"product_shipping_class-iprastas","11":"first","12":"instock","13":"shipping-taxable","14":"purchasable","15":"product-type-simple"},"_links":{"self":[{"href":"https:\/\/jnats.eu\/es\/wp-json\/wp\/v2\/product\/1899","targetHints":{"allow":["GET"]}}],"collection":[{"href":"https:\/\/jnats.eu\/es\/wp-json\/wp\/v2\/product"}],"about":[{"href":"https:\/\/jnats.eu\/es\/wp-json\/wp\/v2\/types\/product"}],"replies":[{"embeddable":true,"href":"https:\/\/jnats.eu\/es\/wp-json\/wp\/v2\/comments?post=1899"}],"wp:featuredmedia":[{"embeddable":true,"href":"https:\/\/jnats.eu\/es\/wp-json\/wp\/v2\/media\/1903"}],"wp:attachment":[{"href":"https:\/\/jnats.eu\/es\/wp-json\/wp\/v2\/media?parent=1899"}],"wp:term":[{"taxonomy":"product_brand","embeddable":true,"href":"https:\/\/jnats.eu\/es\/wp-json\/wp\/v2\/product_brand?post=1899"},{"taxonomy":"product_cat","embeddable":true,"href":"https:\/\/jnats.eu\/es\/wp-json\/wp\/v2\/product_cat?post=1899"},{"taxonomy":"product_tag","embeddable":true,"href":"https:\/\/jnats.eu\/es\/wp-json\/wp\/v2\/product_tag?post=1899"}],"curies":[{"name":"wp","href":"https:\/\/api.w.org\/{rel}","templated":true}]}}