{"id":1905,"date":"2024-04-22T10:14:02","date_gmt":"2024-04-22T07:14:02","guid":{"rendered":"http:\/\/jnats.eu\/?post_type=product&#038;p=1905"},"modified":"2024-04-22T10:14:04","modified_gmt":"2024-04-22T07:14:04","slug":"okudo-asagi-piedra-natural-japonesa-para-afilar","status":"publish","type":"product","link":"https:\/\/jnats.eu\/es\/producto-2\/okudo-asagi-piedra-natural-japonesa-para-afilar\/","title":{"rendered":"Piedra de afilar natural japonesa Okudo Asagi"},"content":{"rendered":"<p>Esta piedra es sorprendentemente flexible y adecuada para el acabado de cualquier herramienta. Muele todo tipo de acero muy r\u00e1pidamente y es muy adecuado para el acabado de navajas, cuchillos de cocina o herramientas. <\/p>\n\n\n\n<p>Bonito gris con l\u00edneas tenues m\u00e1s oscuras Asagi de Okudo. La piedra est\u00e1 pegada sobre un soporte de madera. <\/p>\n\n\n\n<p><strong>Okudo (\u5965\u6bbf)<\/strong><br>Mina oriental, famosa por su suite y otras piedras de acabado. Suelen ser muy duros, bastante peque\u00f1os y bastante r\u00e1pidos. Las piedras Okudo aut\u00e9nticas suelen ser muy caras y raras, y encontrar una con sellos aut\u00e9nticos se est\u00e1 volviendo casi imposible.<\/p>","protected":false},"excerpt":{"rendered":"<ul>\n<li>Adecuado para el acabado de navajas, cuchillos, tijeras, carpinter\u00eda y otras herramientas.<\/li>\n<li>Dimensiones: 206x78x35mm<\/li>\n<li>Peso con soporte: 1550 g<\/li>\n<li>Dureza: Lv 5<\/li>\n<li>La superficie es lisa y lista para trabajar.<\/li>\n<li>Recomendamos trabajar con agua tibia, porque el agua fr\u00eda deteriora la velocidad de trabajo y la respuesta.<\/li>\n<\/ul>","protected":false},"featured_media":1912,"comment_status":"open","ping_status":"closed","template":"","meta":[],"product_brand":[],"product_cat":[22],"product_tag":[45,142],"class_list":{"0":"post-1905","1":"product","2":"type-product","3":"status-publish","4":"has-post-thumbnail","6":"product_cat-jnats","7":"product_tag-asagi","8":"product_tag-okudo","9":"product_shipping_class-iprastas","11":"first","12":"instock","13":"shipping-taxable","14":"purchasable","15":"product-type-simple"},"_links":{"self":[{"href":"https:\/\/jnats.eu\/es\/wp-json\/wp\/v2\/product\/1905","targetHints":{"allow":["GET"]}}],"collection":[{"href":"https:\/\/jnats.eu\/es\/wp-json\/wp\/v2\/product"}],"about":[{"href":"https:\/\/jnats.eu\/es\/wp-json\/wp\/v2\/types\/product"}],"replies":[{"embeddable":true,"href":"https:\/\/jnats.eu\/es\/wp-json\/wp\/v2\/comments?post=1905"}],"wp:featuredmedia":[{"embeddable":true,"href":"https:\/\/jnats.eu\/es\/wp-json\/wp\/v2\/media\/1912"}],"wp:attachment":[{"href":"https:\/\/jnats.eu\/es\/wp-json\/wp\/v2\/media?parent=1905"}],"wp:term":[{"taxonomy":"product_brand","embeddable":true,"href":"https:\/\/jnats.eu\/es\/wp-json\/wp\/v2\/product_brand?post=1905"},{"taxonomy":"product_cat","embeddable":true,"href":"https:\/\/jnats.eu\/es\/wp-json\/wp\/v2\/product_cat?post=1905"},{"taxonomy":"product_tag","embeddable":true,"href":"https:\/\/jnats.eu\/es\/wp-json\/wp\/v2\/product_tag?post=1905"}],"curies":[{"name":"wp","href":"https:\/\/api.w.org\/{rel}","templated":true}]}}