{"id":1913,"date":"2024-04-22T10:25:49","date_gmt":"2024-04-22T07:25:49","guid":{"rendered":"http:\/\/jnats.eu\/?post_type=product&#038;p=1913"},"modified":"2024-05-15T14:29:24","modified_gmt":"2024-05-15T11:29:24","slug":"okudo-honsu-hanashi-jisu-suita","status":"publish","type":"product","link":"https:\/\/jnats.eu\/es\/producto-2\/okudo-honsu-hanashi-jisu-suita\/","title":{"rendered":"Okudo Honsu Hanashi Jisu Suita"},"content":{"rendered":"<p>Esta piedra es dura y fina pero tiene una excelente sensaci\u00f3n de afilado y velocidad. No suelta lechada, por lo que recomiendo un nagur o un plato de diamante para acelerar el pulido de los cuchillos. Se acumular\u00e1 r\u00e1pidamente un residuo negro cuando trabajes con la hoja sobre esta piedra. <\/p>\n\n\n\n<p>Esta piedra tambi\u00e9n funciona bien con herramientas de carpinter\u00eda como cinceles y cepillos.<\/p>\n\n\n\n<p><strong>Okudo (\u5965\u6bbf)<\/strong><br>Mina oriental, famosa por su suite. Estas piedras a menudo se conocen como el &quot;Rey de los palos&quot; y son quiz\u00e1s las m\u00e1s buscadas de este tipo. Suelen ser muy duros, bastante peque\u00f1os y r\u00e1pidos. Las piedras Okudo aut\u00e9nticas suelen ser muy caras y rara vez est\u00e1n disponibles.<\/p>","protected":false},"excerpt":{"rendered":"<ul>\n<li>Adecuado para cuchillos de acabado, tijeras, carpinter\u00eda y otras herramientas.<\/li>\n<li>Dimensiones: 207x78x15mm<\/li>\n<li>Peso: 660 gramos<\/li>\n<li>Dureza: Nivel 4,5<\/li>\n<li>las l\u00edneas son seguras<\/li>\n<li>La superficie es lisa y lista para trabajar.<\/li>\n<li>Recomendamos trabajar con agua tibia, porque el agua fr\u00eda deteriora la velocidad de trabajo y la respuesta.<\/li>\n<\/ul>","protected":false},"featured_media":1916,"comment_status":"open","ping_status":"closed","template":"","meta":[],"product_brand":[],"product_cat":[22],"product_tag":[142,50],"class_list":{"0":"post-1913","1":"product","2":"type-product","3":"status-publish","4":"has-post-thumbnail","6":"product_cat-jnats","7":"product_tag-okudo","8":"product_tag-suita","9":"product_shipping_class-iprastas","11":"first","12":"outofstock","13":"shipping-taxable","14":"purchasable","15":"product-type-simple"},"_links":{"self":[{"href":"https:\/\/jnats.eu\/es\/wp-json\/wp\/v2\/product\/1913","targetHints":{"allow":["GET"]}}],"collection":[{"href":"https:\/\/jnats.eu\/es\/wp-json\/wp\/v2\/product"}],"about":[{"href":"https:\/\/jnats.eu\/es\/wp-json\/wp\/v2\/types\/product"}],"replies":[{"embeddable":true,"href":"https:\/\/jnats.eu\/es\/wp-json\/wp\/v2\/comments?post=1913"}],"wp:featuredmedia":[{"embeddable":true,"href":"https:\/\/jnats.eu\/es\/wp-json\/wp\/v2\/media\/1916"}],"wp:attachment":[{"href":"https:\/\/jnats.eu\/es\/wp-json\/wp\/v2\/media?parent=1913"}],"wp:term":[{"taxonomy":"product_brand","embeddable":true,"href":"https:\/\/jnats.eu\/es\/wp-json\/wp\/v2\/product_brand?post=1913"},{"taxonomy":"product_cat","embeddable":true,"href":"https:\/\/jnats.eu\/es\/wp-json\/wp\/v2\/product_cat?post=1913"},{"taxonomy":"product_tag","embeddable":true,"href":"https:\/\/jnats.eu\/es\/wp-json\/wp\/v2\/product_tag?post=1913"}],"curies":[{"name":"wp","href":"https:\/\/api.w.org\/{rel}","templated":true}]}}